{"id":9757,"date":"2020-02-04T13:34:57","date_gmt":"2020-02-04T12:34:57","guid":{"rendered":"https:\/\/ineditfitness.com\/site\/?page_id=9757"},"modified":"2022-02-05T06:32:10","modified_gmt":"2022-02-05T05:32:10","slug":"videos-conseils-linsomnie","status":"publish","type":"page","link":"https:\/\/ineditfitness.com\/site\/videos-conseils-linsomnie\/","title":{"rendered":"Vid\u00e9os conseils &#8211; l&rsquo;insomnie"},"content":{"rendered":"<div class=\"wpb-content-wrapper\"><p>[vc_row][vc_column][vc_column_text]<\/p>\n<h3 style=\"text-align: center;\"><span style=\"font-size: 24pt; color: #ff0000;\">Comment lutter contre l&rsquo;insomnie ?<\/span><\/h3>\n<p>[\/vc_column_text][\/vc_column][\/vc_row][vc_row][vc_column][vc_raw_html]JTNDaWZyYW1lJTIwd2lkdGglM0QlMjIxMTIwJTIyJTIwaGVpZ2h0JTNEJTIyNjMwJTIyJTIwc3JjJTNEJTIyaHR0cHMlM0ElMkYlMkZ2aWRlYXMuZnIlMkZlbWJlZCUyRjFhODNiYTg2LTdhYzMtNDJlMi1hMWUwLTliM2Y5MTk5Y2RmNSUyRiUyMiUyMGZyYW1lYm9yZGVyJTNEJTIyMCUyMiUyMGFsbG93JTNEJTIyYWNjZWxlcm9tZXRlciUzQiUyMGF1dG9wbGF5JTNCJTIwZW5jcnlwdGVkLW1lZGlhJTNCJTIwZ3lyb3Njb3BlJTNCJTIwcGljdHVyZS1pbi1waWN0dXJlJTIyJTIwYWxsb3dmdWxsc2NyZWVuJTNFJTNDJTJGaWZyYW1lJTNF[\/vc_raw_html][vc_empty_space][\/vc_column][\/vc_row][vc_row][vc_column][vc_btn title=\u00a0\u00bbPrendre Rendez-vous\u00a0\u00bb color=\u00a0\u00bbdanger\u00a0\u00bb size=\u00a0\u00bblg\u00a0\u00bb align=\u00a0\u00bbcenter\u00a0\u00bb link=\u00a0\u00bburl:https%3A%2F%2Fineditfitness.com%2Fsite%2Fobtenir-un-rdv%2F%20|||\u00a0\u00bb][vc_empty_space][vc_empty_space][\/vc_column][\/vc_row][vc_row][vc_column][vc_cta h2=\u00a0\u00bbPour vous aider \u00e0 lutter contre l&rsquo;insomnie . . . D\u00e9couvrez le challenge relaxation !\u00a0\u00bb txt_align=\u00a0\u00bbcenter\u00a0\u00bb color=\u00a0\u00bbjuicy-pink\u00a0\u00bb add_button=\u00a0\u00bbbottom\u00a0\u00bb btn_title=\u00a0\u00bbAcc\u00e9dez au Challenge gracieusement\u00a0\u00bb btn_color=\u00a0\u00bbpink\u00a0\u00bb btn_align=\u00a0\u00bbcenter\u00a0\u00bb btn_link=\u00a0\u00bburl:https%3A%2F%2Fineditfitness.com%2Fsite%2Fchallenge-insomnie%2F|target:_blank\u00a0\u00bb]<\/p>\n<p style=\"text-align: center;\" align=\"LEFT\"><span style=\"font-size: 14pt;\"><span style=\"color: #000000;\"><span style=\"font-family: Poppins, sans-serif;\">Vous \u00e9prouvez des difficult\u00e9s \u00e0 vous endormir, vous vous r\u00e9veillez au milieu de la nuit sans retrouver le sommeil.<\/span><\/span><span style=\"color: #000000;\"><span style=\"font-family: Poppins, sans-serif;\">\u00a0Vous avez d\u00e9j\u00e0 adopt\u00e9 une bonne alimentation<\/span><\/span><span style=\"color: #000000;\"><span style=\"font-family: Poppins, sans-serif;\">, pratiqu\u00e9<\/span><\/span><strong><span style=\"color: #000000;\"><span style=\"font-family: Poppins, sans-serif;\">\u00a0<\/span><\/span><\/strong><span style=\"color: #000000;\"><span style=\"font-family: Poppins, sans-serif;\">un sport r\u00e9guli\u00e8rement et stopp\u00e9 l\u2019usage du t\u00e9l\u00e9phone le soir. Quelles autres solutions peuvent favoriser le sommeil<\/span><\/span><span style=\"color: #000000;\"><span style=\"font-family: Poppins, sans-serif;\">, autres que les m\u00e9dicaments<\/span><\/span><span style=\"color: #000000;\"><span style=\"font-family: Poppins, sans-serif;\">\u00a0?<\/span><\/span><\/span><\/p>\n<p style=\"text-align: center;\" align=\"LEFT\"><span style=\"color: #000000; font-size: 14pt;\"><span style=\"font-family: Poppins, sans-serif;\">La relaxation peut vous aider dans le cas o\u00f9 votre sommeil est perturb\u00e9 par une raison psychique : un flot de pens\u00e9es trop important, des angoisses, des peurs ou du stress.<\/span><\/span><\/p>\n<p style=\"text-align: center;\" align=\"LEFT\"><strong><span style=\"font-size: 14pt;\">D\u00e9tendez-vous avec le challenge relaxation, 5 minutes par jour !<\/span><\/strong><\/p>\n<p>[\/vc_cta][\/vc_column][\/vc_row]<\/p>\n<\/div>","protected":false},"excerpt":{"rendered":"<p>[vc_row][vc_column][vc_column_text] Comment lutter contre l&rsquo;insomnie ? [\/vc_column_text][\/vc_column][\/vc_row][vc_row][vc_column][vc_raw_html]JTNDaWZyYW1lJTIwd2lkdGglM0QlMjIxMTIwJTIyJTIwaGVpZ2h0JTNEJTIyNjMwJTIyJTIwc3JjJTNEJTIyaHR0cHMlM0ElMkYlMkZ2aWRlYXMuZnIlMkZlbWJlZCUyRjFhODNiYTg2LTdhYzMtNDJlMi1hMWUwLTliM2Y5MTk5Y2RmNSUyRiUyMiUyMGZyYW1lYm9yZGVyJTNEJTIyMCUyMiUyMGFsbG93JTNEJTIyYWNjZWxlcm9tZXRlciUzQiUyMGF1dG9wbGF5JTNCJTIwZW5jcnlwdGVkLW1lZGlhJTNCJTIwZ3lyb3Njb3BlJTNCJTIwcGljdHVyZS1pbi1waWN0dXJlJTIyJTIwYWxsb3dmdWxsc2NyZWVuJTNFJTNDJTJGaWZyYW1lJTNF[\/vc_raw_html][vc_empty_space][\/vc_column][\/vc_row][vc_row][vc_column][vc_btn title=\u00a0\u00bbPrendre Rendez-vous\u00a0\u00bb color=\u00a0\u00bbdanger\u00a0\u00bb size=\u00a0\u00bblg\u00a0\u00bb align=\u00a0\u00bbcenter\u00a0\u00bb link=\u00a0\u00bburl:https%3A%2F%2Fineditfitness.com%2Fsite%2Fobtenir-un-rdv%2F%20|||\u00a0\u00bb][vc_empty_space][vc_empty_space][\/vc_column][\/vc_row][vc_row][vc_column][vc_cta h2=\u00a0\u00bbPour vous aider \u00e0 lutter contre l&rsquo;insomnie . . . D\u00e9couvrez le challenge relaxation !\u00a0\u00bb txt_align=\u00a0\u00bbcenter\u00a0\u00bb color=\u00a0\u00bbjuicy-pink\u00a0\u00bb add_button=\u00a0\u00bbbottom\u00a0\u00bb btn_title=\u00a0\u00bbAcc\u00e9dez au Challenge gracieusement\u00a0\u00bb btn_color=\u00a0\u00bbpink\u00a0\u00bb btn_align=\u00a0\u00bbcenter\u00a0\u00bb btn_link=\u00a0\u00bburl:https%3A%2F%2Fineditfitness.com%2Fsite%2Fchallenge-insomnie%2F|target:_blank\u00a0\u00bb] Vous \u00e9prouvez des difficult\u00e9s \u00e0 vous endormir, vous vous r\u00e9veillez au milieu de la nuit sans retrouver<\/p>\n","protected":false},"author":3,"featured_media":0,"parent":0,"menu_order":0,"comment_status":"closed","ping_status":"closed","template":"page-templates\/full-width.php","meta":{"footnotes":""},"class_list":["post-9757","page","type-page","status-publish","hentry"],"yoast_head":"<!-- This site is optimized with the Yoast SEO plugin v27.4 - https:\/\/yoast.com\/product\/yoast-seo-wordpress\/ -->\n<title>Vid\u00e9os conseils - l&#039;insomnie - INEDIT FITNESS | Chassieu<\/title>\n<meta name=\"robots\" content=\"index, follow, max-snippet:-1, max-image-preview:large, max-video-preview:-1\" \/>\n<link rel=\"canonical\" href=\"https:\/\/ineditfitness.com\/site\/videos-conseils-linsomnie\/\" \/>\n<meta property=\"og:locale\" content=\"fr_FR\" \/>\n<meta property=\"og:type\" content=\"article\" \/>\n<meta property=\"og:title\" content=\"Vid\u00e9os conseils - l&#039;insomnie - INEDIT FITNESS | Chassieu\" \/>\n<meta property=\"og:description\" content=\"[vc_row][vc_column][vc_column_text] Comment lutter contre l&rsquo;insomnie ? [\/vc_column_text][\/vc_column][\/vc_row][vc_row][vc_column][vc_raw_html]JTNDaWZyYW1lJTIwd2lkdGglM0QlMjIxMTIwJTIyJTIwaGVpZ2h0JTNEJTIyNjMwJTIyJTIwc3JjJTNEJTIyaHR0cHMlM0ElMkYlMkZ2aWRlYXMuZnIlMkZlbWJlZCUyRjFhODNiYTg2LTdhYzMtNDJlMi1hMWUwLTliM2Y5MTk5Y2RmNSUyRiUyMiUyMGZyYW1lYm9yZGVyJTNEJTIyMCUyMiUyMGFsbG93JTNEJTIyYWNjZWxlcm9tZXRlciUzQiUyMGF1dG9wbGF5JTNCJTIwZW5jcnlwdGVkLW1lZGlhJTNCJTIwZ3lyb3Njb3BlJTNCJTIwcGljdHVyZS1pbi1waWN0dXJlJTIyJTIwYWxsb3dmdWxsc2NyZWVuJTNFJTNDJTJGaWZyYW1lJTNF[\/vc_raw_html][vc_empty_space][\/vc_column][\/vc_row][vc_row][vc_column][vc_btn title=\u00a0\u00bbPrendre Rendez-vous\u00a0\u00bb color=\u00a0\u00bbdanger\u00a0\u00bb size=\u00a0\u00bblg\u00a0\u00bb align=\u00a0\u00bbcenter\u00a0\u00bb link=\u00a0\u00bburl:https%3A%2F%2Fineditfitness.com%2Fsite%2Fobtenir-un-rdv%2F%20|||\u00a0\u00bb][vc_empty_space][vc_empty_space][\/vc_column][\/vc_row][vc_row][vc_column][vc_cta h2=\u00a0\u00bbPour vous aider \u00e0 lutter contre l&rsquo;insomnie . . . D\u00e9couvrez le challenge relaxation !\u00a0\u00bb txt_align=\u00a0\u00bbcenter\u00a0\u00bb color=\u00a0\u00bbjuicy-pink\u00a0\u00bb add_button=\u00a0\u00bbbottom\u00a0\u00bb btn_title=\u00a0\u00bbAcc\u00e9dez au Challenge gracieusement\u00a0\u00bb btn_color=\u00a0\u00bbpink\u00a0\u00bb btn_align=\u00a0\u00bbcenter\u00a0\u00bb btn_link=\u00a0\u00bburl:https%3A%2F%2Fineditfitness.com%2Fsite%2Fchallenge-insomnie%2F|target:_blank\u00a0\u00bb] Vous \u00e9prouvez des difficult\u00e9s \u00e0 vous endormir, vous vous r\u00e9veillez au milieu de la nuit sans retrouver\" \/>\n<meta property=\"og:url\" content=\"https:\/\/ineditfitness.com\/site\/videos-conseils-linsomnie\/\" \/>\n<meta property=\"og:site_name\" content=\"INEDIT FITNESS | Chassieu\" \/>\n<meta property=\"article:modified_time\" content=\"2022-02-05T05:32:10+00:00\" \/>\n<meta name=\"twitter:label1\" content=\"Dur\u00e9e de lecture estim\u00e9e\" \/>\n\t<meta name=\"twitter:data1\" content=\"1 minute\" \/>\n<script type=\"application\/ld+json\" class=\"yoast-schema-graph\">{\"@context\":\"https:\\\/\\\/schema.org\",\"@graph\":[{\"@type\":\"WebPage\",\"@id\":\"https:\\\/\\\/ineditfitness.com\\\/site\\\/videos-conseils-linsomnie\\\/\",\"url\":\"https:\\\/\\\/ineditfitness.com\\\/site\\\/videos-conseils-linsomnie\\\/\",\"name\":\"Vid\u00e9os conseils - l'insomnie - INEDIT FITNESS | Chassieu\",\"isPartOf\":{\"@id\":\"https:\\\/\\\/ineditfitness.com\\\/site\\\/#website\"},\"datePublished\":\"2020-02-04T12:34:57+00:00\",\"dateModified\":\"2022-02-05T05:32:10+00:00\",\"breadcrumb\":{\"@id\":\"https:\\\/\\\/ineditfitness.com\\\/site\\\/videos-conseils-linsomnie\\\/#breadcrumb\"},\"inLanguage\":\"fr-FR\",\"potentialAction\":[{\"@type\":\"ReadAction\",\"target\":[\"https:\\\/\\\/ineditfitness.com\\\/site\\\/videos-conseils-linsomnie\\\/\"]}]},{\"@type\":\"BreadcrumbList\",\"@id\":\"https:\\\/\\\/ineditfitness.com\\\/site\\\/videos-conseils-linsomnie\\\/#breadcrumb\",\"itemListElement\":[{\"@type\":\"ListItem\",\"position\":1,\"name\":\"Accueil\",\"item\":\"https:\\\/\\\/ineditfitness.com\\\/site\\\/\"},{\"@type\":\"ListItem\",\"position\":2,\"name\":\"Vid\u00e9os conseils &#8211; l&rsquo;insomnie\"}]},{\"@type\":\"WebSite\",\"@id\":\"https:\\\/\\\/ineditfitness.com\\\/site\\\/#website\",\"url\":\"https:\\\/\\\/ineditfitness.com\\\/site\\\/\",\"name\":\"INEDIT FITNESS | Chassieu\",\"description\":\"Vous \u00eates unique, notre coaching aussi - Salle de Sport - Fitness - Stretching - Pilates - Training - Cardio - Marche Nordique - Coaching Individuel - Small groupe\",\"publisher\":{\"@id\":\"https:\\\/\\\/ineditfitness.com\\\/site\\\/#organization\"},\"potentialAction\":[{\"@type\":\"SearchAction\",\"target\":{\"@type\":\"EntryPoint\",\"urlTemplate\":\"https:\\\/\\\/ineditfitness.com\\\/site\\\/?s={search_term_string}\"},\"query-input\":{\"@type\":\"PropertyValueSpecification\",\"valueRequired\":true,\"valueName\":\"search_term_string\"}}],\"inLanguage\":\"fr-FR\"},{\"@type\":\"Organization\",\"@id\":\"https:\\\/\\\/ineditfitness.com\\\/site\\\/#organization\",\"name\":\"INEDIT FITNESS\",\"url\":\"https:\\\/\\\/ineditfitness.com\\\/site\\\/\",\"logo\":{\"@type\":\"ImageObject\",\"inLanguage\":\"fr-FR\",\"@id\":\"https:\\\/\\\/ineditfitness.com\\\/site\\\/#\\\/schema\\\/logo\\\/image\\\/\",\"url\":\"https:\\\/\\\/ineditfitness.com\\\/site\\\/wp-content\\\/uploads\\\/2014\\\/12\\\/studio_inedit_fitness_logo_site.png\",\"contentUrl\":\"https:\\\/\\\/ineditfitness.com\\\/site\\\/wp-content\\\/uploads\\\/2014\\\/12\\\/studio_inedit_fitness_logo_site.png\",\"width\":600,\"height\":210,\"caption\":\"INEDIT FITNESS\"},\"image\":{\"@id\":\"https:\\\/\\\/ineditfitness.com\\\/site\\\/#\\\/schema\\\/logo\\\/image\\\/\"}}]}<\/script>\n<!-- \/ Yoast SEO plugin. -->","yoast_head_json":{"title":"Vid\u00e9os conseils - l'insomnie - INEDIT FITNESS | Chassieu","robots":{"index":"index","follow":"follow","max-snippet":"max-snippet:-1","max-image-preview":"max-image-preview:large","max-video-preview":"max-video-preview:-1"},"canonical":"https:\/\/ineditfitness.com\/site\/videos-conseils-linsomnie\/","og_locale":"fr_FR","og_type":"article","og_title":"Vid\u00e9os conseils - l'insomnie - INEDIT FITNESS | Chassieu","og_description":"[vc_row][vc_column][vc_column_text] Comment lutter contre l&rsquo;insomnie ? [\/vc_column_text][\/vc_column][\/vc_row][vc_row][vc_column][vc_raw_html]JTNDaWZyYW1lJTIwd2lkdGglM0QlMjIxMTIwJTIyJTIwaGVpZ2h0JTNEJTIyNjMwJTIyJTIwc3JjJTNEJTIyaHR0cHMlM0ElMkYlMkZ2aWRlYXMuZnIlMkZlbWJlZCUyRjFhODNiYTg2LTdhYzMtNDJlMi1hMWUwLTliM2Y5MTk5Y2RmNSUyRiUyMiUyMGZyYW1lYm9yZGVyJTNEJTIyMCUyMiUyMGFsbG93JTNEJTIyYWNjZWxlcm9tZXRlciUzQiUyMGF1dG9wbGF5JTNCJTIwZW5jcnlwdGVkLW1lZGlhJTNCJTIwZ3lyb3Njb3BlJTNCJTIwcGljdHVyZS1pbi1waWN0dXJlJTIyJTIwYWxsb3dmdWxsc2NyZWVuJTNFJTNDJTJGaWZyYW1lJTNF[\/vc_raw_html][vc_empty_space][\/vc_column][\/vc_row][vc_row][vc_column][vc_btn title=\u00a0\u00bbPrendre Rendez-vous\u00a0\u00bb color=\u00a0\u00bbdanger\u00a0\u00bb size=\u00a0\u00bblg\u00a0\u00bb align=\u00a0\u00bbcenter\u00a0\u00bb link=\u00a0\u00bburl:https%3A%2F%2Fineditfitness.com%2Fsite%2Fobtenir-un-rdv%2F%20|||\u00a0\u00bb][vc_empty_space][vc_empty_space][\/vc_column][\/vc_row][vc_row][vc_column][vc_cta h2=\u00a0\u00bbPour vous aider \u00e0 lutter contre l&rsquo;insomnie . . . D\u00e9couvrez le challenge relaxation !\u00a0\u00bb txt_align=\u00a0\u00bbcenter\u00a0\u00bb color=\u00a0\u00bbjuicy-pink\u00a0\u00bb add_button=\u00a0\u00bbbottom\u00a0\u00bb btn_title=\u00a0\u00bbAcc\u00e9dez au Challenge gracieusement\u00a0\u00bb btn_color=\u00a0\u00bbpink\u00a0\u00bb btn_align=\u00a0\u00bbcenter\u00a0\u00bb btn_link=\u00a0\u00bburl:https%3A%2F%2Fineditfitness.com%2Fsite%2Fchallenge-insomnie%2F|target:_blank\u00a0\u00bb] Vous \u00e9prouvez des difficult\u00e9s \u00e0 vous endormir, vous vous r\u00e9veillez au milieu de la nuit sans retrouver","og_url":"https:\/\/ineditfitness.com\/site\/videos-conseils-linsomnie\/","og_site_name":"INEDIT FITNESS | Chassieu","article_modified_time":"2022-02-05T05:32:10+00:00","twitter_misc":{"Dur\u00e9e de lecture estim\u00e9e":"1 minute"},"schema":{"@context":"https:\/\/schema.org","@graph":[{"@type":"WebPage","@id":"https:\/\/ineditfitness.com\/site\/videos-conseils-linsomnie\/","url":"https:\/\/ineditfitness.com\/site\/videos-conseils-linsomnie\/","name":"Vid\u00e9os conseils - l'insomnie - INEDIT FITNESS | Chassieu","isPartOf":{"@id":"https:\/\/ineditfitness.com\/site\/#website"},"datePublished":"2020-02-04T12:34:57+00:00","dateModified":"2022-02-05T05:32:10+00:00","breadcrumb":{"@id":"https:\/\/ineditfitness.com\/site\/videos-conseils-linsomnie\/#breadcrumb"},"inLanguage":"fr-FR","potentialAction":[{"@type":"ReadAction","target":["https:\/\/ineditfitness.com\/site\/videos-conseils-linsomnie\/"]}]},{"@type":"BreadcrumbList","@id":"https:\/\/ineditfitness.com\/site\/videos-conseils-linsomnie\/#breadcrumb","itemListElement":[{"@type":"ListItem","position":1,"name":"Accueil","item":"https:\/\/ineditfitness.com\/site\/"},{"@type":"ListItem","position":2,"name":"Vid\u00e9os conseils &#8211; l&rsquo;insomnie"}]},{"@type":"WebSite","@id":"https:\/\/ineditfitness.com\/site\/#website","url":"https:\/\/ineditfitness.com\/site\/","name":"INEDIT FITNESS | Chassieu","description":"Vous \u00eates unique, notre coaching aussi - Salle de Sport - Fitness - Stretching - Pilates - Training - Cardio - Marche Nordique - Coaching Individuel - Small groupe","publisher":{"@id":"https:\/\/ineditfitness.com\/site\/#organization"},"potentialAction":[{"@type":"SearchAction","target":{"@type":"EntryPoint","urlTemplate":"https:\/\/ineditfitness.com\/site\/?s={search_term_string}"},"query-input":{"@type":"PropertyValueSpecification","valueRequired":true,"valueName":"search_term_string"}}],"inLanguage":"fr-FR"},{"@type":"Organization","@id":"https:\/\/ineditfitness.com\/site\/#organization","name":"INEDIT FITNESS","url":"https:\/\/ineditfitness.com\/site\/","logo":{"@type":"ImageObject","inLanguage":"fr-FR","@id":"https:\/\/ineditfitness.com\/site\/#\/schema\/logo\/image\/","url":"https:\/\/ineditfitness.com\/site\/wp-content\/uploads\/2014\/12\/studio_inedit_fitness_logo_site.png","contentUrl":"https:\/\/ineditfitness.com\/site\/wp-content\/uploads\/2014\/12\/studio_inedit_fitness_logo_site.png","width":600,"height":210,"caption":"INEDIT FITNESS"},"image":{"@id":"https:\/\/ineditfitness.com\/site\/#\/schema\/logo\/image\/"}}]}},"_links":{"self":[{"href":"https:\/\/ineditfitness.com\/site\/wp-json\/wp\/v2\/pages\/9757","targetHints":{"allow":["GET"]}}],"collection":[{"href":"https:\/\/ineditfitness.com\/site\/wp-json\/wp\/v2\/pages"}],"about":[{"href":"https:\/\/ineditfitness.com\/site\/wp-json\/wp\/v2\/types\/page"}],"author":[{"embeddable":true,"href":"https:\/\/ineditfitness.com\/site\/wp-json\/wp\/v2\/users\/3"}],"replies":[{"embeddable":true,"href":"https:\/\/ineditfitness.com\/site\/wp-json\/wp\/v2\/comments?post=9757"}],"version-history":[{"count":0,"href":"https:\/\/ineditfitness.com\/site\/wp-json\/wp\/v2\/pages\/9757\/revisions"}],"wp:attachment":[{"href":"https:\/\/ineditfitness.com\/site\/wp-json\/wp\/v2\/media?parent=9757"}],"curies":[{"name":"wp","href":"https:\/\/api.w.org\/{rel}","templated":true}]}}