{"id":9679,"date":"2020-01-06T09:18:08","date_gmt":"2020-01-06T08:18:08","guid":{"rendered":"https:\/\/ineditfitness.com\/site\/?page_id=9679"},"modified":"2021-05-15T15:00:03","modified_gmt":"2021-05-15T13:00:03","slug":"videos-conseils-formulaire","status":"publish","type":"page","link":"https:\/\/ineditfitness.com\/site\/videos-conseils-formulaire\/","title":{"rendered":"Vid\u00e9os Conseils &#8211; Formulaire"},"content":{"rendered":"<div class=\"wpb-content-wrapper\"><p>[vc_row][vc_column][vc_column_text]<\/p>\n<h2 style=\"text-align: center;\"><span style=\"font-size: 18pt; color: #ff0000;\">Mal de dos, stress, insomnie, maux de t\u00eate, manque d&rsquo;\u00e9nergie, on ne r\u00e9agit pas tous de la m\u00eame fa\u00e7on au manque d&rsquo;activit\u00e9 physique.<\/span><\/h2>\n<p>[\/vc_column_text][vc_empty_space][\/vc_column][\/vc_row][vc_row][vc_column][vc_raw_html]JTNDaWZyYW1lJTIwd2lkdGglM0QlMjIxMTIwJTIyJTIwaGVpZ2h0JTNEJTIyNjMwJTIyJTIwc3JjJTNEJTIyaHR0cHMlM0ElMkYlMkZ2aWRlYXMuZnIlMkZlbWJlZCUyRmY4ZmUwOGY0LWRkZjgtNDVhOC1hMjEyLTIyZGRiYzc5YjQ4MiUyRiUyMiUyMGZyYW1lYm9yZGVyJTNEJTIyMCUyMiUyMGFsbG93JTNEJTIyYWNjZWxlcm9tZXRlciUzQiUyMGF1dG9wbGF5JTNCJTIwZW5jcnlwdGVkLW1lZGlhJTNCJTIwZ3lyb3Njb3BlJTNCJTIwcGljdHVyZS1pbi1waWN0dXJlJTIyJTIwYWxsb3dmdWxsc2NyZWVuJTNFJTNDJTJGaWZyYW1lJTNF[\/vc_raw_html][vc_empty_space][vc_empty_space][\/vc_column][\/vc_row][vc_row][vc_column][vc_column_text]<\/p>\n<h4 style=\"text-align: center;\"><span style=\"font-size: 18pt;\">Acc\u00e9dez \u00e0 nos conseils en fonctions de vos maux . . .<\/span><\/h4>\n<p>[\/vc_column_text][vc_empty_space]<div class=\"promoboxnew \"><div class=\"promoboxnew-inner\"><div class=\"row\"><div class=\"promoboxnew-item span6\" style=\"background-image:url(https:\/\/ineditfitness.com\/site\/wp-content\/uploads\/2020\/09\/Sans-titre10.jpg)\"><a href=\"https:\/\/ineditfitness.com\/site\/videos-conseils-mal-de-dos\/\"><div class=\"promoboxnew-item-inner\"><h3 class=\"promoboxnew-item-heading\"><i class=\"icon-caret-left fa fa-caret-left\"><\/i><\/h3><div class=\"promoboxnew-item-content\">\n<h3 style=\"text-align: center;\">Comment combattre le mal de dos ?<\/h3>\n<\/div><\/div><\/a><\/div><div class=\"promoboxnew-item span6\" style=\"background-image:url(https:\/\/ineditfitness.com\/site\/wp-content\/uploads\/2020\/09\/Sans-titre8.jpg)\"><a href=\"https:\/\/ineditfitness.com\/site\/videos-conseils-retrouver-de-lenergie\/\"><div class=\"promoboxnew-item-inner\"><h3 class=\"promoboxnew-item-heading\"><i class=\"icon-caret-left fa fa-caret-left\"><\/i><\/h3><div class=\"promoboxnew-item-content\">\n<h3 style=\"text-align: center;\">Comment retrouver de l&rsquo;\u00e9nergie ?<\/h3>\n<\/div><\/div><\/a><\/div><\/div><\/div><\/div><div class=\"promoboxnew \"><div class=\"promoboxnew-inner\"><div class=\"row\"><div class=\"promoboxnew-item span6\" style=\"background-image:url(https:\/\/ineditfitness.com\/site\/wp-content\/uploads\/2020\/09\/Sans-titre9.jpg)\"><a href=\"https:\/\/ineditfitness.com\/site\/videos-conseils-stress-et-maux-de-tete\/\"><div class=\"promoboxnew-item-inner\"><h3 class=\"promoboxnew-item-heading\"><i class=\"icon-caret-left fa fa-caret-left\"><\/i><\/h3><div class=\"promoboxnew-item-content\">\n<h3 style=\"text-align: center;\">Comment combattre le stress et les maux de t\u00eate ?<\/h3>\n<\/div><\/div><\/a><\/div><div class=\"promoboxnew-item span6\" style=\"background-image:url(https:\/\/ineditfitness.com\/site\/wp-content\/uploads\/2020\/09\/Sans-titre12.jpg)\"><a href=\"https:\/\/ineditfitness.com\/site\/videos-conseils-linsomnie\/\"><div class=\"promoboxnew-item-inner\"><h3 class=\"promoboxnew-item-heading\"><i class=\"icon-caret-left fa fa-caret-left\"><\/i><\/h3><div class=\"promoboxnew-item-content\">\n<h3 style=\"text-align: center;\">Comment lutter contre l&rsquo;insomnie ?<\/h3>\n<\/div><\/div><\/a><\/div><\/div><\/div><\/div>[vc_empty_space][\/vc_column][\/vc_row][vc_row][vc_column][vc_empty_space][vc_column_text]<\/p>\n<h2 style=\"text-align: center;\"><span style=\"font-size: 24pt; color: #ff0000;\">Aujourd&rsquo;hui . . .<br \/>\n<\/span><\/h2>\n<p>[\/vc_column_text][vc_empty_space][vc_column_text]<\/p>\n<p style=\"text-align: center;\"><span style=\"font-size: 14pt;\">\u2192\u00a0 Vous avez mal au dos ? Vous souhaitez en d\u00e9coudre avec ce mal du si\u00e8cle ?<\/span><\/p>\n<p style=\"text-align: center;\">\u2192\u00a0 <span style=\"font-size: 14pt;\">Vous \u00eates stress\u00e9 ? Vous souhaitez en finir avec les maux de t\u00eate ?<\/span><\/p>\n<p style=\"text-align: center;\"><span style=\"font-size: 14pt;\">\u2192\u00a0 Vous avez du mal a trouver le sommeil ? Vos nuits ressembles \u00e0 de longs tunnels sans fin ?<\/span><\/p>\n<p style=\"text-align: center;\"><span style=\"font-size: 14pt;\">\u2192\u00a0 Vous manquez d&rsquo;\u00e9nergie ? vous aimeriez avoir la p\u00eache ?<\/span><\/p>\n<p>[\/vc_column_text][vc_empty_space][vc_column_text]<\/p>\n<h2 style=\"text-align: center;\"><span style=\"font-size: 24pt; color: #ff0000;\">Demain . . .<br \/>\n<\/span><\/h2>\n<p>[\/vc_column_text][vc_empty_space][vc_column_text]<\/p>\n<p style=\"text-align: center;\"><span style=\"font-size: 14pt;\">\u2192\u00a0 Vous bougez sans difficult\u00e9<br \/>\n<\/span><\/p>\n<p style=\"text-align: center;\"><span style=\"font-size: 14pt;\">\u2192\u00a0 Vous vous sentez zen<br \/>\n<\/span><\/p>\n<p style=\"text-align: center;\"><span style=\"font-size: 14pt;\">\u2192\u00a0 Vos <\/span><span style=\"font-size: 14pt;\">nuits sont longues et paisible<br \/>\n<\/span><\/p>\n<p style=\"text-align: center;\"><span style=\"font-size: 14pt;\">\u2192\u00a0 Vous \u00eates motiv\u00e9 et pleins d&rsquo;\u00e9nergie toute la journ\u00e9e<br \/>\n<\/span><\/p>\n<p>[\/vc_column_text][vc_empty_space][vc_column_text]<\/p>\n<h2 style=\"text-align: center;\"><span style=\"font-size: 24pt; color: #ff0000;\">Pour vaincre vos maux&#8230; <\/span><span style=\"font-size: 24pt; color: #ff0000;\">Passez \u00e0 l&rsquo;action !<\/span><\/h2>\n<p>[\/vc_column_text][vc_empty_space][vc_empty_space][\/vc_column][\/vc_row]<\/p>\n<\/div>","protected":false},"excerpt":{"rendered":"<p>[vc_row][vc_column][vc_column_text] Mal de dos, stress, insomnie, maux de t\u00eate, manque d&rsquo;\u00e9nergie, on ne r\u00e9agit pas tous de la m\u00eame fa\u00e7on au manque d&rsquo;activit\u00e9 physique. [\/vc_column_text][vc_empty_space][\/vc_column][\/vc_row][vc_row][vc_column][vc_raw_html]JTNDaWZyYW1lJTIwd2lkdGglM0QlMjIxMTIwJTIyJTIwaGVpZ2h0JTNEJTIyNjMwJTIyJTIwc3JjJTNEJTIyaHR0cHMlM0ElMkYlMkZ2aWRlYXMuZnIlMkZlbWJlZCUyRmY4ZmUwOGY0LWRkZjgtNDVhOC1hMjEyLTIyZGRiYzc5YjQ4MiUyRiUyMiUyMGZyYW1lYm9yZGVyJTNEJTIyMCUyMiUyMGFsbG93JTNEJTIyYWNjZWxlcm9tZXRlciUzQiUyMGF1dG9wbGF5JTNCJTIwZW5jcnlwdGVkLW1lZGlhJTNCJTIwZ3lyb3Njb3BlJTNCJTIwcGljdHVyZS1pbi1waWN0dXJlJTIyJTIwYWxsb3dmdWxsc2NyZWVuJTNFJTNDJTJGaWZyYW1lJTNF[\/vc_raw_html][vc_empty_space][vc_empty_space][\/vc_column][\/vc_row][vc_row][vc_column][vc_column_text] Acc\u00e9dez \u00e0 nos conseils en fonctions de vos maux . . . [\/vc_column_text][vc_empty_space][vc_empty_space][\/vc_column][\/vc_row][vc_row][vc_column][vc_empty_space][vc_column_text] Aujourd&rsquo;hui . . . [\/vc_column_text][vc_empty_space][vc_column_text] \u2192\u00a0 Vous avez mal au dos ? Vous souhaitez en d\u00e9coudre avec<\/p>\n","protected":false},"author":3,"featured_media":0,"parent":0,"menu_order":0,"comment_status":"closed","ping_status":"closed","template":"page-templates\/full-width.php","meta":{"footnotes":""},"class_list":["post-9679","page","type-page","status-publish","hentry"],"yoast_head":"<!-- This site is optimized with the Yoast SEO plugin v27.5 - https:\/\/yoast.com\/product\/yoast-seo-wordpress\/ -->\n<title>Vid\u00e9os Conseils - Formulaire - INEDIT FITNESS | Chassieu<\/title>\n<meta name=\"description\" content=\"Mal de dos, maux de t\u00eate, stress, insomnie, manque d&#039;\u00e9nergie, on ne r\u00e9agit pas tous de la m\u00eame fa\u00e7on au manque d&#039;activti\u00e9 physique...\" \/>\n<meta name=\"robots\" content=\"index, follow, max-snippet:-1, max-image-preview:large, max-video-preview:-1\" \/>\n<link rel=\"canonical\" href=\"https:\/\/ineditfitness.com\/site\/videos-conseils-formulaire\/\" \/>\n<meta property=\"og:locale\" content=\"fr_FR\" \/>\n<meta property=\"og:type\" content=\"article\" \/>\n<meta property=\"og:title\" content=\"Vid\u00e9os Conseils - Formulaire - INEDIT FITNESS | Chassieu\" \/>\n<meta property=\"og:description\" content=\"Mal de dos, maux de t\u00eate, stress, insomnie, manque d&#039;\u00e9nergie, on ne r\u00e9agit pas tous de la m\u00eame fa\u00e7on au manque d&#039;activti\u00e9 physique...\" \/>\n<meta property=\"og:url\" content=\"https:\/\/ineditfitness.com\/site\/videos-conseils-formulaire\/\" \/>\n<meta property=\"og:site_name\" content=\"INEDIT FITNESS | Chassieu\" \/>\n<meta property=\"article:modified_time\" content=\"2021-05-15T13:00:03+00:00\" \/>\n<meta name=\"twitter:label1\" content=\"Dur\u00e9e de lecture estim\u00e9e\" \/>\n\t<meta name=\"twitter:data1\" content=\"1 minute\" \/>\n<script type=\"application\/ld+json\" class=\"yoast-schema-graph\">{\"@context\":\"https:\\\/\\\/schema.org\",\"@graph\":[{\"@type\":\"WebPage\",\"@id\":\"https:\\\/\\\/ineditfitness.com\\\/site\\\/videos-conseils-formulaire\\\/\",\"url\":\"https:\\\/\\\/ineditfitness.com\\\/site\\\/videos-conseils-formulaire\\\/\",\"name\":\"Vid\u00e9os Conseils - Formulaire - INEDIT FITNESS | Chassieu\",\"isPartOf\":{\"@id\":\"https:\\\/\\\/ineditfitness.com\\\/site\\\/#website\"},\"datePublished\":\"2020-01-06T08:18:08+00:00\",\"dateModified\":\"2021-05-15T13:00:03+00:00\",\"description\":\"Mal de dos, maux de t\u00eate, stress, insomnie, manque d'\u00e9nergie, on ne r\u00e9agit pas tous de la m\u00eame fa\u00e7on au manque d'activti\u00e9 physique...\",\"breadcrumb\":{\"@id\":\"https:\\\/\\\/ineditfitness.com\\\/site\\\/videos-conseils-formulaire\\\/#breadcrumb\"},\"inLanguage\":\"fr-FR\",\"potentialAction\":[{\"@type\":\"ReadAction\",\"target\":[\"https:\\\/\\\/ineditfitness.com\\\/site\\\/videos-conseils-formulaire\\\/\"]}]},{\"@type\":\"BreadcrumbList\",\"@id\":\"https:\\\/\\\/ineditfitness.com\\\/site\\\/videos-conseils-formulaire\\\/#breadcrumb\",\"itemListElement\":[{\"@type\":\"ListItem\",\"position\":1,\"name\":\"Accueil\",\"item\":\"https:\\\/\\\/ineditfitness.com\\\/site\\\/\"},{\"@type\":\"ListItem\",\"position\":2,\"name\":\"Vid\u00e9os Conseils &#8211; Formulaire\"}]},{\"@type\":\"WebSite\",\"@id\":\"https:\\\/\\\/ineditfitness.com\\\/site\\\/#website\",\"url\":\"https:\\\/\\\/ineditfitness.com\\\/site\\\/\",\"name\":\"INEDIT FITNESS | Chassieu\",\"description\":\"Vous \u00eates unique, notre coaching aussi - Salle de Sport - Fitness - Stretching - Pilates - Training - Cardio - Marche Nordique - Coaching Individuel - Small groupe\",\"publisher\":{\"@id\":\"https:\\\/\\\/ineditfitness.com\\\/site\\\/#organization\"},\"potentialAction\":[{\"@type\":\"SearchAction\",\"target\":{\"@type\":\"EntryPoint\",\"urlTemplate\":\"https:\\\/\\\/ineditfitness.com\\\/site\\\/?s={search_term_string}\"},\"query-input\":{\"@type\":\"PropertyValueSpecification\",\"valueRequired\":true,\"valueName\":\"search_term_string\"}}],\"inLanguage\":\"fr-FR\"},{\"@type\":\"Organization\",\"@id\":\"https:\\\/\\\/ineditfitness.com\\\/site\\\/#organization\",\"name\":\"INEDIT FITNESS\",\"url\":\"https:\\\/\\\/ineditfitness.com\\\/site\\\/\",\"logo\":{\"@type\":\"ImageObject\",\"inLanguage\":\"fr-FR\",\"@id\":\"https:\\\/\\\/ineditfitness.com\\\/site\\\/#\\\/schema\\\/logo\\\/image\\\/\",\"url\":\"https:\\\/\\\/ineditfitness.com\\\/site\\\/wp-content\\\/uploads\\\/2014\\\/12\\\/studio_inedit_fitness_logo_site.png\",\"contentUrl\":\"https:\\\/\\\/ineditfitness.com\\\/site\\\/wp-content\\\/uploads\\\/2014\\\/12\\\/studio_inedit_fitness_logo_site.png\",\"width\":600,\"height\":210,\"caption\":\"INEDIT FITNESS\"},\"image\":{\"@id\":\"https:\\\/\\\/ineditfitness.com\\\/site\\\/#\\\/schema\\\/logo\\\/image\\\/\"}}]}<\/script>\n<!-- \/ Yoast SEO plugin. -->","yoast_head_json":{"title":"Vid\u00e9os Conseils - Formulaire - INEDIT FITNESS | Chassieu","description":"Mal de dos, maux de t\u00eate, stress, insomnie, manque d'\u00e9nergie, on ne r\u00e9agit pas tous de la m\u00eame fa\u00e7on au manque d'activti\u00e9 physique...","robots":{"index":"index","follow":"follow","max-snippet":"max-snippet:-1","max-image-preview":"max-image-preview:large","max-video-preview":"max-video-preview:-1"},"canonical":"https:\/\/ineditfitness.com\/site\/videos-conseils-formulaire\/","og_locale":"fr_FR","og_type":"article","og_title":"Vid\u00e9os Conseils - Formulaire - INEDIT FITNESS | Chassieu","og_description":"Mal de dos, maux de t\u00eate, stress, insomnie, manque d'\u00e9nergie, on ne r\u00e9agit pas tous de la m\u00eame fa\u00e7on au manque d'activti\u00e9 physique...","og_url":"https:\/\/ineditfitness.com\/site\/videos-conseils-formulaire\/","og_site_name":"INEDIT FITNESS | Chassieu","article_modified_time":"2021-05-15T13:00:03+00:00","twitter_misc":{"Dur\u00e9e de lecture estim\u00e9e":"1 minute"},"schema":{"@context":"https:\/\/schema.org","@graph":[{"@type":"WebPage","@id":"https:\/\/ineditfitness.com\/site\/videos-conseils-formulaire\/","url":"https:\/\/ineditfitness.com\/site\/videos-conseils-formulaire\/","name":"Vid\u00e9os Conseils - Formulaire - INEDIT FITNESS | Chassieu","isPartOf":{"@id":"https:\/\/ineditfitness.com\/site\/#website"},"datePublished":"2020-01-06T08:18:08+00:00","dateModified":"2021-05-15T13:00:03+00:00","description":"Mal de dos, maux de t\u00eate, stress, insomnie, manque d'\u00e9nergie, on ne r\u00e9agit pas tous de la m\u00eame fa\u00e7on au manque d'activti\u00e9 physique...","breadcrumb":{"@id":"https:\/\/ineditfitness.com\/site\/videos-conseils-formulaire\/#breadcrumb"},"inLanguage":"fr-FR","potentialAction":[{"@type":"ReadAction","target":["https:\/\/ineditfitness.com\/site\/videos-conseils-formulaire\/"]}]},{"@type":"BreadcrumbList","@id":"https:\/\/ineditfitness.com\/site\/videos-conseils-formulaire\/#breadcrumb","itemListElement":[{"@type":"ListItem","position":1,"name":"Accueil","item":"https:\/\/ineditfitness.com\/site\/"},{"@type":"ListItem","position":2,"name":"Vid\u00e9os Conseils &#8211; Formulaire"}]},{"@type":"WebSite","@id":"https:\/\/ineditfitness.com\/site\/#website","url":"https:\/\/ineditfitness.com\/site\/","name":"INEDIT FITNESS | Chassieu","description":"Vous \u00eates unique, notre coaching aussi - Salle de Sport - Fitness - Stretching - Pilates - Training - Cardio - Marche Nordique - Coaching Individuel - Small groupe","publisher":{"@id":"https:\/\/ineditfitness.com\/site\/#organization"},"potentialAction":[{"@type":"SearchAction","target":{"@type":"EntryPoint","urlTemplate":"https:\/\/ineditfitness.com\/site\/?s={search_term_string}"},"query-input":{"@type":"PropertyValueSpecification","valueRequired":true,"valueName":"search_term_string"}}],"inLanguage":"fr-FR"},{"@type":"Organization","@id":"https:\/\/ineditfitness.com\/site\/#organization","name":"INEDIT FITNESS","url":"https:\/\/ineditfitness.com\/site\/","logo":{"@type":"ImageObject","inLanguage":"fr-FR","@id":"https:\/\/ineditfitness.com\/site\/#\/schema\/logo\/image\/","url":"https:\/\/ineditfitness.com\/site\/wp-content\/uploads\/2014\/12\/studio_inedit_fitness_logo_site.png","contentUrl":"https:\/\/ineditfitness.com\/site\/wp-content\/uploads\/2014\/12\/studio_inedit_fitness_logo_site.png","width":600,"height":210,"caption":"INEDIT FITNESS"},"image":{"@id":"https:\/\/ineditfitness.com\/site\/#\/schema\/logo\/image\/"}}]}},"_links":{"self":[{"href":"https:\/\/ineditfitness.com\/site\/wp-json\/wp\/v2\/pages\/9679","targetHints":{"allow":["GET"]}}],"collection":[{"href":"https:\/\/ineditfitness.com\/site\/wp-json\/wp\/v2\/pages"}],"about":[{"href":"https:\/\/ineditfitness.com\/site\/wp-json\/wp\/v2\/types\/page"}],"author":[{"embeddable":true,"href":"https:\/\/ineditfitness.com\/site\/wp-json\/wp\/v2\/users\/3"}],"replies":[{"embeddable":true,"href":"https:\/\/ineditfitness.com\/site\/wp-json\/wp\/v2\/comments?post=9679"}],"version-history":[{"count":0,"href":"https:\/\/ineditfitness.com\/site\/wp-json\/wp\/v2\/pages\/9679\/revisions"}],"wp:attachment":[{"href":"https:\/\/ineditfitness.com\/site\/wp-json\/wp\/v2\/media?parent=9679"}],"curies":[{"name":"wp","href":"https:\/\/api.w.org\/{rel}","templated":true}]}}