{"id":9519,"date":"2019-09-26T18:31:42","date_gmt":"2019-09-26T16:31:42","guid":{"rendered":"https:\/\/ineditfitness.com\/site\/?page_id=9519"},"modified":"2020-09-29T15:10:39","modified_gmt":"2020-09-29T13:10:39","slug":"enfants-de-1-a-12-ans","status":"publish","type":"page","link":"https:\/\/ineditfitness.com\/site\/enfants-de-1-a-12-ans\/","title":{"rendered":"Enfants de 1 \u00e0 11 ans"},"content":{"rendered":"<div class=\"wpb-content-wrapper\"><p>[vc_row][vc_column][vc_column_text]<\/p>\n<h1 style=\"text-align: center;\"><span style=\"font-size: 36pt;\">Faites bouger vos enfants !<\/span><\/h1>\n<h1 style=\"text-align: center;\"><span style=\"font-size: 36pt;\">De 1 \u00e0 11 ans<\/span><\/h1>\n<p>[\/vc_column_text][vc_empty_space][\/vc_column][\/vc_row][vc_row][vc_column][vc_column_text]<\/p>\n<p style=\"text-align: center;\"><span style=\"font-size: 14pt;\">D\u00e8s le plus jeune \u00e2ge, la pratique d&rsquo;une activit\u00e9 physique ne permet pas uniquement d\u2019amuser et divertir les bambins. Elle est essentielle pour la croissance et pr\u00e9sente des effets b\u00e9n\u00e9fiques sur le d\u00e9veloppement . . .<\/span><\/p>\n<p style=\"text-align: center;\"><span style=\"font-size: 14pt;\">L\u2019apprentissage des mouvements physiques de base, qui constituent la \u00ab litt\u00e9ratie physique \u00bb, se fait plus difficilement que par le pass\u00e9. Au banc des accus\u00e9s : la s\u00e9dentarit\u00e9, mais aussi un changement dans les modes de jeu des plus jeunes.<br \/>\n<\/span><\/p>\n<p>[\/vc_column_text][vc_empty_space][\/vc_column][\/vc_row][vc_row][vc_column][vc_empty_space][vc_column_text]<\/p>\n<h2 style=\"text-align: center;\"><span style=\"font-size: 24pt;\">La litt\u00e9ratie physique, c&rsquo;est &#8230;<\/span><\/h2>\n<p>[\/vc_column_text][\/vc_column][\/vc_row][vc_row][vc_column width=\u00a0\u00bb1\/2&Prime;][vc_single_image image=\u00a0\u00bb9520&Prime; img_size=\u00a0\u00bblarge\u00a0\u00bb alignment=\u00a0\u00bbcenter\u00a0\u00bb][\/vc_column][vc_column width=\u00a0\u00bb1\/2&Prime;][vc_empty_space height=\u00a0\u00bb96px\u00a0\u00bb][vc_column_text]<\/p>\n<p style=\"text-align: center;\"><span style=\"font-size: 14pt;\">La litt\u00e9ratie physique consiste simplement \u00e0 d\u00e9velopper les habilet\u00e9s motrices fondamentales dont tous les enfants ont besoin, comme courir, lancer, attraper et sauter. Ces habilet\u00e9s motrices procurent aux enfants la confiance dont ils ont besoin pour participer \u00e0 diff\u00e9rentes activit\u00e9s physiques, \u00e0 des sports et \u00e0 des jeux.<\/span><\/p>\n<p style=\"text-align: center;\"><span style=\"font-size: 14pt;\">De la m\u00eame fa\u00e7on qu\u2019un enfant apprend \u00e0 parler gr\u00e2ce \u00e0 l\u2019interaction avec ses parents d\u00e8s son plus jeune \u00e2ge, il en va de m\u00eame lorsqu\u2019il s\u2019agit d\u2019apprendre \u00e0 bouger en confiance.<\/span><\/p>\n<p>[\/vc_column_text][\/vc_column][\/vc_row][vc_row][vc_column][vc_empty_space][vc_column_text]<\/p>\n<h2 style=\"text-align: center;\"><span style=\"font-size: 24pt;\">Pourquoi d\u00e9velopper la litt\u00e9ratie physique ?<\/span><\/h2>\n<p>[\/vc_column_text][vc_empty_space][\/vc_column][\/vc_row][vc_row][vc_column width=\u00a0\u00bb1\/2&Prime;][vc_column_text]<\/p>\n<p style=\"text-align: center;\"><span style=\"font-size: 14pt;\">Par le pass\u00e9, les enfants se dotaient de la litt\u00e9ratie physique dans les cours d\u2019\u00e9ducation physique et par des jeux actifs r\u00e9guliers. Mais nous savons que ces deux \u00e9l\u00e9ments ont diminu\u00e9 pendant les derni\u00e8res ann\u00e9es. De ce fait, beaucoup d\u2019enfants n\u2019ont pas la chance de d\u00e9velopper leur litt\u00e9ratie physique.<\/span><\/p>\n<p style=\"text-align: center;\"><span style=\"font-size: 14pt;\">La r\u00e9alit\u00e9 est que les enfants d\u2019aujourd\u2019hui sont exactement comme nous \u00e0 l\u2019\u00e9poque. Ils aiment faire ce \u00e0 quoi ils excellent. La diff\u00e9rence est que certains d\u2019entre nous \u00e9taient devenus les experts de jeux ext\u00e9rieurs tels que \u00ab\u00a0kicker la cannette\u00a0\u00bb, \u00ab\u00a0police et voleurs\u00a0\u00bb, et \u00ab\u00a0scrub baseball\u00a0\u00bb alors que les enfants d\u2019aujourd\u2019hui s\u2019en viennent des pros sur Facebook et des jeux vid\u00e9o comme Minecraft.<\/span><\/p>\n<p style=\"text-align: center;\"><span style=\"text-decoration: underline;\"><strong><span style=\"font-size: 14pt;\">La litt\u00e9ratie physique est essentielle de nos jours parce que les jeux ext\u00e9rieurs et les activit\u00e9s qui ont fait partie de notre enfance et qui nous ont aid\u00e9s \u00e0 d\u00e9velopper nos habilet\u00e9s motrices ont \u00e9t\u00e9 remplac\u00e9s par davantage de temps d\u2019\u00e9cran et d\u2019inactivit\u00e9 en g\u00e9n\u00e9ral.<\/span><\/strong><\/span><\/p>\n<p>[\/vc_column_text][\/vc_column][vc_column width=\u00a0\u00bb1\/2&Prime;][vc_empty_space][vc_single_image image=\u00a0\u00bb9521&Prime; img_size=\u00a0\u00bbfull\u00a0\u00bb alignment=\u00a0\u00bbcenter\u00a0\u00bb][\/vc_column][\/vc_row][vc_row][vc_column][vc_empty_space height=\u00a0\u00bb64px\u00a0\u00bb][\/vc_column][\/vc_row][vc_row][vc_column width=\u00a0\u00bb1\/2&Prime;][vc_column_text]<\/p>\n<h1 style=\"text-align: center;\"><span style=\"font-size: 18pt;\">SEANCE DECOUVERTE ENFANT<\/span><\/h1>\n<p>[\/vc_column_text][vc_column_text]<\/p>\n<h4 style=\"text-align: center;\"><span style=\"font-size: 12pt;\">Remplissez le formulaire ci-dessous, pour obtenir une s\u00e9ance d\u00e9couverte pour votre enfant<\/span><\/h4>\n<p>[\/vc_column_text][vc_column_text]\n<div class=\"wpcf7 no-js\" id=\"wpcf7-f8924-o1\" lang=\"fr-FR\" dir=\"ltr\" data-wpcf7-id=\"8924\">\n<div class=\"screen-reader-response\"><p role=\"status\" aria-live=\"polite\" aria-atomic=\"true\"><\/p> <ul><\/ul><\/div>\n<form action=\"\/site\/wp-json\/wp\/v2\/pages\/9519#wpcf7-f8924-o1\" method=\"post\" class=\"wpcf7-form init\" aria-label=\"Formulaire de contact\" novalidate=\"novalidate\" data-status=\"init\">\n<fieldset class=\"hidden-fields-container\"><input type=\"hidden\" name=\"_wpcf7\" value=\"8924\" \/><input type=\"hidden\" name=\"_wpcf7_version\" value=\"6.1.5\" \/><input type=\"hidden\" name=\"_wpcf7_locale\" value=\"fr_FR\" \/><input type=\"hidden\" name=\"_wpcf7_unit_tag\" value=\"wpcf7-f8924-o1\" \/><input type=\"hidden\" name=\"_wpcf7_container_post\" value=\"0\" \/><input type=\"hidden\" name=\"_wpcf7_posted_data_hash\" value=\"\" \/><input type=\"hidden\" name=\"_wpcf7_recaptcha_response\" value=\"\" \/>\n<\/fieldset>\n<p>Votre nom et pr\u00e9nom (*)\n<\/p>\n<p><span class=\"wpcf7-form-control-wrap\" data-name=\"your-name\"><input size=\"40\" maxlength=\"400\" class=\"wpcf7-form-control wpcf7-text wpcf7-validates-as-required\" aria-required=\"true\" aria-invalid=\"false\" value=\"\" type=\"text\" name=\"your-name\" \/><\/span>\n<\/p>\n<p>Votre email (*)\n<\/p>\n<p><span class=\"wpcf7-form-control-wrap\" data-name=\"your-email\"><input size=\"40\" maxlength=\"400\" class=\"wpcf7-form-control wpcf7-email wpcf7-validates-as-required wpcf7-text wpcf7-validates-as-email\" aria-required=\"true\" aria-invalid=\"false\" value=\"\" type=\"email\" name=\"your-email\" \/><\/span>\n<\/p>\n<p>Votre portable (*)\n<\/p>\n<p><span class=\"wpcf7-form-control-wrap\" data-name=\"yourtel\"><input size=\"40\" maxlength=\"400\" class=\"wpcf7-form-control wpcf7-tel wpcf7-text wpcf7-validates-as-tel\" aria-invalid=\"false\" value=\"\" type=\"tel\" name=\"yourtel\" \/><\/span>\n<\/p>\n<p><span class=\"wpcf7-form-control-wrap\" data-name=\"acceptance-876\"><span class=\"wpcf7-form-control wpcf7-acceptance\"><span class=\"wpcf7-list-item\"><label><input type=\"checkbox\" name=\"acceptance-876\" value=\"1\" aria-invalid=\"false\" \/><span class=\"wpcf7-list-item-label\">J'accepte les termes et conditions \u00e9nonc\u00e9s dans la <a href=\"http:\/\/ineditfitness.com\/site\/politique-de-confidentialite\/\" target=\"_blank\">Politique de Confidentialit\u00e9<\/a> *<\/span><\/label><\/span><\/span><\/span>\n<\/p>\n<p>\n<span class=\"wpcf7-form-control-wrap recaptcha\" data-name=\"recaptcha\"><span data-sitekey=\"6Lc8jB0UAAAAAMT49wv6Z9-FVv1XTuYOeacav4Jc\" class=\"wpcf7-form-control wpcf7-recaptcha g-recaptcha\"><\/span>\r\n<noscript>\r\n\t<div class=\"grecaptcha-noscript\">\r\n\t\t<iframe loading=\"lazy\" src=\"https:\/\/www.google.com\/recaptcha\/api\/fallback?k=6Lc8jB0UAAAAAMT49wv6Z9-FVv1XTuYOeacav4Jc\" frameborder=\"0\" scrolling=\"no\" width=\"310\" height=\"430\">\r\n\t\t<\/iframe>\r\n\t\t<textarea name=\"g-recaptcha-response\" rows=\"3\" cols=\"40\" placeholder=\"reCaptcha Response Here\">\r\n\t\t<\/textarea>\r\n\t<\/div>\r\n<\/noscript>\r\n<\/span>\n<\/p>\n<p><input class=\"wpcf7-form-control wpcf7-submit has-spinner\" type=\"submit\" value=\"Envoyer\" \/>\n<\/p>\n<p><i>(* : requis)<\/i>\n<\/p><input type=\"hidden\" id=\"ct_checkjs_cf7_6974ce5ac660610b44d9b9fed0ff9548\" name=\"ct_checkjs_cf7\" value=\"0\" \/><script >setTimeout(function(){var ct_input_name = \"ct_checkjs_cf7_6974ce5ac660610b44d9b9fed0ff9548\";if (document.getElementById(ct_input_name) !== null) {var ct_input_value = document.getElementById(ct_input_name).value;document.getElementById(ct_input_name).value = document.getElementById(ct_input_name).value.replace(ct_input_value, '31ca0b22c4c65a12d982c9c7d1eaaec95a4ac2b0ff992b2e96ff1c4121ae2e63');}}, 1000);<\/script><input\n                    class=\"apbct_special_field apbct_email_id__wp_contact_form_7\"\n                    name=\"apbct__email_id__wp_contact_form_7\"\n                    aria-label=\"apbct__label_id__wp_contact_form_7\"\n                    type=\"text\" size=\"30\" maxlength=\"200\" autocomplete=\"off\"\n                    value=\"\"\n                \/><div class=\"wpcf7-response-output\" aria-hidden=\"true\"><\/div>\n<\/form>\n<\/div>\n[\/vc_column_text][\/vc_column][vc_column width=\u00a0\u00bb1\/2&Prime;][vc_empty_space height=\u00a0\u00bb96px\u00a0\u00bb][vc_column_text]<\/p>\n<h1 style=\"text-align: center;\"><span style=\"font-size: 24pt;\">PLANNING<\/span><\/h1>\n<p>[\/vc_column_text][vc_empty_space height=\u00a0\u00bb96px\u00a0\u00bb][vc_column_text]<\/p>\n<p style=\"text-align: center;\"><span style=\"font-size: 18pt;\">1-2 ans =&gt; dimanche \u00e0 9h30<\/span><\/p>\n<p style=\"text-align: center;\"><span style=\"font-size: 18pt;\">3-5 ans =&gt; mercredi ou dimanche 10h30<br \/>\n<\/span><\/p>\n<p style=\"text-align: center;\"><span style=\"font-size: 18pt;\">6-11 ans =&gt; mercredi \u00e0 16h<\/span><\/p>\n<p>[\/vc_column_text][\/vc_column][\/vc_row][vc_row][vc_column][vc_empty_space height=\u00a0\u00bb64px\u00a0\u00bb][vc_column_text]<\/p>\n<h2 style=\"text-align: center;\"><span style=\"font-size: 24pt;\">Le sport pour enfants au Studio INEDIT FITNESS, qu&rsquo;es ce que c&rsquo;est ?<\/span><\/h2>\n<p style=\"text-align: center;\"><span style=\"font-size: 14pt;\">Les s\u00e9ances sont compos\u00e9 de diff\u00e9rent parcours\/ateliers sportif et adapt\u00e9 \u00e0 chaque enfant. Votre enfant prendra plaisir \u00e0 bouger tout en d\u00e9veloppant ces capacit\u00e9s physiques et de socialisation.Diff\u00e9rents supports de motricit\u00e9s seront utilis\u00e9s suivant l&rsquo;\u00e2ge des enfants pour sauter, ramper, rouler, tirer, franchir, lancer&#8230;. \u00a0(cerceaux, c\u00f4nes, ballons, trampolines, steps, tapis de jeux, plan inclin\u00e9, etc&#8230;)<\/span><\/p>\n<p style=\"text-align: center;\"><span style=\"font-size: 14pt;\">Toutes les s\u00e9ances sont limit\u00e9es en nombre de participants et encadr\u00e9es par Aur\u00e9lie et Victor, \u00e9ducateurs sportifs dipl\u00f4m\u00e9s. Les s\u00e9ances sont dispens\u00e9es exclusivement pendant les p\u00e9riodes scolaires.<\/span><\/p>\n<p>[\/vc_column_text][\/vc_column][\/vc_row][vc_row][vc_column][vc_empty_space height=\u00a0\u00bb64px\u00a0\u00bb][\/vc_column][\/vc_row][vc_row][vc_column width=\u00a0\u00bb1\/3&Prime;][vc_column_text]<\/p>\n<h1 style=\"text-align: center;\"><span style=\"font-size: 24pt;\">1 &#8211; 2 ANS<\/span><\/h1>\n<p>[\/vc_column_text][vc_column_text]<\/p>\n<p style=\"text-align: center;\"><span style=\"font-size: 12pt;\">Pour les 1 et 2 ans, la pr\u00e9sence d&rsquo;un adulte accompagnateur est obligatoire tout au long de la s\u00e9ance. La s\u00e9ance est encadr\u00e9e par Aur\u00e9lie.<\/span><\/p>\n<p>[\/vc_column_text][\/vc_column][vc_column width=\u00a0\u00bb1\/3&Prime;][vc_column_text]<\/p>\n<h1 style=\"text-align: center;\"><span style=\"font-size: 24pt;\">3 &#8211; 5 ANS<\/span><\/h1>\n<p>[\/vc_column_text][vc_column_text]<\/p>\n<p style=\"text-align: center;\"><span style=\"font-size: 12pt;\">Votre enfant participera aux s\u00e9ances encadr\u00e9es par Aur\u00e9lie. Les ateliers sont adapt\u00e9s \u00e0 chaque enfant.\u00a0<\/span><\/p>\n<p>[\/vc_column_text][\/vc_column][vc_column width=\u00a0\u00bb1\/3&Prime;][vc_column_text]<\/p>\n<h1 style=\"text-align: center;\"><span style=\"font-size: 24pt;\">6 &#8211; 11 ANS<\/span><\/h1>\n<p>[\/vc_column_text][vc_column_text]<\/p>\n<p style=\"text-align: center;\"><span style=\"font-size: 12pt;\">Votre enfant participera aux s\u00e9ances encadr\u00e9es par Victor. Les ateliers sont adapt\u00e9s \u00e0 chaque enfant.<\/span><\/p>\n<p>[\/vc_column_text][\/vc_column][\/vc_row]<\/p>\n<\/div>","protected":false},"excerpt":{"rendered":"<p>[vc_row][vc_column][vc_column_text] Faites bouger vos enfants ! De 1 \u00e0 11 ans [\/vc_column_text][vc_empty_space][\/vc_column][\/vc_row][vc_row][vc_column][vc_column_text] D\u00e8s le plus jeune \u00e2ge, la pratique d&rsquo;une activit\u00e9 physique ne permet pas uniquement d\u2019amuser et divertir les bambins. Elle est essentielle pour la croissance et pr\u00e9sente des effets b\u00e9n\u00e9fiques sur le d\u00e9veloppement . . . L\u2019apprentissage des mouvements physiques de base, qui<\/p>\n","protected":false},"author":3,"featured_media":0,"parent":0,"menu_order":0,"comment_status":"closed","ping_status":"closed","template":"page-templates\/full-width.php","meta":{"footnotes":""},"class_list":["post-9519","page","type-page","status-publish","hentry"],"yoast_head":"<!-- This site is optimized with the Yoast SEO plugin v27.2 - https:\/\/yoast.com\/product\/yoast-seo-wordpress\/ -->\n<title>Enfants de 1 \u00e0 11 ans - INEDIT FITNESS | Chassieu<\/title>\n<meta name=\"robots\" content=\"index, follow, max-snippet:-1, max-image-preview:large, max-video-preview:-1\" \/>\n<link rel=\"canonical\" href=\"https:\/\/ineditfitness.com\/site\/enfants-de-1-a-12-ans\/\" \/>\n<meta property=\"og:locale\" content=\"fr_FR\" \/>\n<meta property=\"og:type\" content=\"article\" \/>\n<meta property=\"og:title\" content=\"Enfants de 1 \u00e0 11 ans - INEDIT FITNESS | Chassieu\" \/>\n<meta property=\"og:description\" content=\"[vc_row][vc_column][vc_column_text] Faites bouger vos enfants ! De 1 \u00e0 11 ans [\/vc_column_text][vc_empty_space][\/vc_column][\/vc_row][vc_row][vc_column][vc_column_text] D\u00e8s le plus jeune \u00e2ge, la pratique d&rsquo;une activit\u00e9 physique ne permet pas uniquement d\u2019amuser et divertir les bambins. Elle est essentielle pour la croissance et pr\u00e9sente des effets b\u00e9n\u00e9fiques sur le d\u00e9veloppement . . . L\u2019apprentissage des mouvements physiques de base, qui\" \/>\n<meta property=\"og:url\" content=\"https:\/\/ineditfitness.com\/site\/enfants-de-1-a-12-ans\/\" \/>\n<meta property=\"og:site_name\" content=\"INEDIT FITNESS | Chassieu\" \/>\n<meta property=\"article:modified_time\" content=\"2020-09-29T13:10:39+00:00\" \/>\n<meta name=\"twitter:label1\" content=\"Dur\u00e9e de lecture estim\u00e9e\" \/>\n\t<meta name=\"twitter:data1\" content=\"4 minutes\" \/>\n<script type=\"application\/ld+json\" class=\"yoast-schema-graph\">{\"@context\":\"https:\/\/schema.org\",\"@graph\":[{\"@type\":\"WebPage\",\"@id\":\"https:\/\/ineditfitness.com\/site\/enfants-de-1-a-12-ans\/\",\"url\":\"https:\/\/ineditfitness.com\/site\/enfants-de-1-a-12-ans\/\",\"name\":\"Enfants de 1 \u00e0 11 ans - INEDIT FITNESS | Chassieu\",\"isPartOf\":{\"@id\":\"https:\/\/ineditfitness.com\/site\/#website\"},\"datePublished\":\"2019-09-26T16:31:42+00:00\",\"dateModified\":\"2020-09-29T13:10:39+00:00\",\"breadcrumb\":{\"@id\":\"https:\/\/ineditfitness.com\/site\/enfants-de-1-a-12-ans\/#breadcrumb\"},\"inLanguage\":\"fr-FR\",\"potentialAction\":[{\"@type\":\"ReadAction\",\"target\":[\"https:\/\/ineditfitness.com\/site\/enfants-de-1-a-12-ans\/\"]}]},{\"@type\":\"BreadcrumbList\",\"@id\":\"https:\/\/ineditfitness.com\/site\/enfants-de-1-a-12-ans\/#breadcrumb\",\"itemListElement\":[{\"@type\":\"ListItem\",\"position\":1,\"name\":\"Accueil\",\"item\":\"https:\/\/ineditfitness.com\/site\/\"},{\"@type\":\"ListItem\",\"position\":2,\"name\":\"Enfants de 1 \u00e0 11 ans\"}]},{\"@type\":\"WebSite\",\"@id\":\"https:\/\/ineditfitness.com\/site\/#website\",\"url\":\"https:\/\/ineditfitness.com\/site\/\",\"name\":\"INEDIT FITNESS | Chassieu\",\"description\":\"Vous \u00eates unique, notre coaching aussi - Salle de Sport - Fitness - Stretching - Pilates - Training - Cardio - Marche Nordique - Coaching Individuel - Small groupe\",\"publisher\":{\"@id\":\"https:\/\/ineditfitness.com\/site\/#organization\"},\"potentialAction\":[{\"@type\":\"SearchAction\",\"target\":{\"@type\":\"EntryPoint\",\"urlTemplate\":\"https:\/\/ineditfitness.com\/site\/?s={search_term_string}\"},\"query-input\":{\"@type\":\"PropertyValueSpecification\",\"valueRequired\":true,\"valueName\":\"search_term_string\"}}],\"inLanguage\":\"fr-FR\"},{\"@type\":\"Organization\",\"@id\":\"https:\/\/ineditfitness.com\/site\/#organization\",\"name\":\"INEDIT FITNESS\",\"url\":\"https:\/\/ineditfitness.com\/site\/\",\"logo\":{\"@type\":\"ImageObject\",\"inLanguage\":\"fr-FR\",\"@id\":\"https:\/\/ineditfitness.com\/site\/#\/schema\/logo\/image\/\",\"url\":\"https:\/\/ineditfitness.com\/site\/wp-content\/uploads\/2014\/12\/studio_inedit_fitness_logo_site.png\",\"contentUrl\":\"https:\/\/ineditfitness.com\/site\/wp-content\/uploads\/2014\/12\/studio_inedit_fitness_logo_site.png\",\"width\":600,\"height\":210,\"caption\":\"INEDIT FITNESS\"},\"image\":{\"@id\":\"https:\/\/ineditfitness.com\/site\/#\/schema\/logo\/image\/\"}}]}<\/script>\n<!-- \/ Yoast SEO plugin. -->","yoast_head_json":{"title":"Enfants de 1 \u00e0 11 ans - INEDIT FITNESS | Chassieu","robots":{"index":"index","follow":"follow","max-snippet":"max-snippet:-1","max-image-preview":"max-image-preview:large","max-video-preview":"max-video-preview:-1"},"canonical":"https:\/\/ineditfitness.com\/site\/enfants-de-1-a-12-ans\/","og_locale":"fr_FR","og_type":"article","og_title":"Enfants de 1 \u00e0 11 ans - INEDIT FITNESS | Chassieu","og_description":"[vc_row][vc_column][vc_column_text] Faites bouger vos enfants ! De 1 \u00e0 11 ans [\/vc_column_text][vc_empty_space][\/vc_column][\/vc_row][vc_row][vc_column][vc_column_text] D\u00e8s le plus jeune \u00e2ge, la pratique d&rsquo;une activit\u00e9 physique ne permet pas uniquement d\u2019amuser et divertir les bambins. Elle est essentielle pour la croissance et pr\u00e9sente des effets b\u00e9n\u00e9fiques sur le d\u00e9veloppement . . . L\u2019apprentissage des mouvements physiques de base, qui","og_url":"https:\/\/ineditfitness.com\/site\/enfants-de-1-a-12-ans\/","og_site_name":"INEDIT FITNESS | Chassieu","article_modified_time":"2020-09-29T13:10:39+00:00","twitter_misc":{"Dur\u00e9e de lecture estim\u00e9e":"4 minutes"},"schema":{"@context":"https:\/\/schema.org","@graph":[{"@type":"WebPage","@id":"https:\/\/ineditfitness.com\/site\/enfants-de-1-a-12-ans\/","url":"https:\/\/ineditfitness.com\/site\/enfants-de-1-a-12-ans\/","name":"Enfants de 1 \u00e0 11 ans - INEDIT FITNESS | Chassieu","isPartOf":{"@id":"https:\/\/ineditfitness.com\/site\/#website"},"datePublished":"2019-09-26T16:31:42+00:00","dateModified":"2020-09-29T13:10:39+00:00","breadcrumb":{"@id":"https:\/\/ineditfitness.com\/site\/enfants-de-1-a-12-ans\/#breadcrumb"},"inLanguage":"fr-FR","potentialAction":[{"@type":"ReadAction","target":["https:\/\/ineditfitness.com\/site\/enfants-de-1-a-12-ans\/"]}]},{"@type":"BreadcrumbList","@id":"https:\/\/ineditfitness.com\/site\/enfants-de-1-a-12-ans\/#breadcrumb","itemListElement":[{"@type":"ListItem","position":1,"name":"Accueil","item":"https:\/\/ineditfitness.com\/site\/"},{"@type":"ListItem","position":2,"name":"Enfants de 1 \u00e0 11 ans"}]},{"@type":"WebSite","@id":"https:\/\/ineditfitness.com\/site\/#website","url":"https:\/\/ineditfitness.com\/site\/","name":"INEDIT FITNESS | Chassieu","description":"Vous \u00eates unique, notre coaching aussi - Salle de Sport - Fitness - Stretching - Pilates - Training - Cardio - Marche Nordique - Coaching Individuel - Small groupe","publisher":{"@id":"https:\/\/ineditfitness.com\/site\/#organization"},"potentialAction":[{"@type":"SearchAction","target":{"@type":"EntryPoint","urlTemplate":"https:\/\/ineditfitness.com\/site\/?s={search_term_string}"},"query-input":{"@type":"PropertyValueSpecification","valueRequired":true,"valueName":"search_term_string"}}],"inLanguage":"fr-FR"},{"@type":"Organization","@id":"https:\/\/ineditfitness.com\/site\/#organization","name":"INEDIT FITNESS","url":"https:\/\/ineditfitness.com\/site\/","logo":{"@type":"ImageObject","inLanguage":"fr-FR","@id":"https:\/\/ineditfitness.com\/site\/#\/schema\/logo\/image\/","url":"https:\/\/ineditfitness.com\/site\/wp-content\/uploads\/2014\/12\/studio_inedit_fitness_logo_site.png","contentUrl":"https:\/\/ineditfitness.com\/site\/wp-content\/uploads\/2014\/12\/studio_inedit_fitness_logo_site.png","width":600,"height":210,"caption":"INEDIT FITNESS"},"image":{"@id":"https:\/\/ineditfitness.com\/site\/#\/schema\/logo\/image\/"}}]}},"_links":{"self":[{"href":"https:\/\/ineditfitness.com\/site\/wp-json\/wp\/v2\/pages\/9519","targetHints":{"allow":["GET"]}}],"collection":[{"href":"https:\/\/ineditfitness.com\/site\/wp-json\/wp\/v2\/pages"}],"about":[{"href":"https:\/\/ineditfitness.com\/site\/wp-json\/wp\/v2\/types\/page"}],"author":[{"embeddable":true,"href":"https:\/\/ineditfitness.com\/site\/wp-json\/wp\/v2\/users\/3"}],"replies":[{"embeddable":true,"href":"https:\/\/ineditfitness.com\/site\/wp-json\/wp\/v2\/comments?post=9519"}],"version-history":[{"count":0,"href":"https:\/\/ineditfitness.com\/site\/wp-json\/wp\/v2\/pages\/9519\/revisions"}],"wp:attachment":[{"href":"https:\/\/ineditfitness.com\/site\/wp-json\/wp\/v2\/media?parent=9519"}],"curies":[{"name":"wp","href":"https:\/\/api.w.org\/{rel}","templated":true}]}}