{"id":9293,"date":"2019-04-24T09:52:07","date_gmt":"2019-04-24T07:52:07","guid":{"rendered":"https:\/\/ineditfitness.com\/site\/?page_id=9293"},"modified":"2019-04-24T09:59:52","modified_gmt":"2019-04-24T07:59:52","slug":"6-conseils-pour-reprendre-le-sport-2","status":"publish","type":"page","link":"https:\/\/ineditfitness.com\/site\/6-conseils-pour-reprendre-le-sport-2\/","title":{"rendered":"6 conseils pour reprendre le sport"},"content":{"rendered":"<div class=\"wpb-content-wrapper\"><p>[vc_row][vc_column width=\u00a0\u00bb1\/2&Prime;][vc_column_text]<\/p>\n<h4 style=\"text-align: center;\"><span style=\"font-size: 18pt;\">Se mettre au sport est une r\u00e9solution tout \u00e0 fait judicieuse, mais ce n\u2019est pas forc\u00e9ment facile quand on n\u2019a plus chauss\u00e9 ses baskets depuis plusieurs ann\u00e9es ou quand notre emploi du temps semble d\u00e9j\u00e0 parfaitement comble. <\/span><\/h4>\n<h4 style=\"text-align: center;\"><span style=\"font-size: 18pt;\">Chez INEDIT FITNESS, nous en sommes bien conscient.Toutefois, le sport \u00e9tant une des cl\u00e9s de la sant\u00e9 durable, nous vous proposons aujourd\u2019hui un petit coup de main. Un coup de main sous forme de bons conseils pour vous aider \u00e0 reprendre le sport. En douceur. A votre rythme. Mais de mani\u00e8re efficace. Vous n\u2019avez qu\u2019\u00e0 vous laisser guider.<\/span><\/h4>\n<p>[\/vc_column_text][vc_single_image image=\u00a0\u00bb7924&Prime;][vc_btn title=\u00a0\u00bbDemandez votre bilan personnalis\u00e9\u00a0\u00bb color=\u00a0\u00bbdanger\u00a0\u00bb size=\u00a0\u00bblg\u00a0\u00bb align=\u00a0\u00bbcenter\u00a0\u00bb link=\u00a0\u00bburl:https%3A%2F%2Fineditfitness.com%2Fsite%2Fbilan-de-depart%2F|||\u00a0\u00bb][\/vc_column][vc_column width=\u00a0\u00bb1\/2&Prime;][vc_single_image image=\u00a0\u00bb9296&Prime; img_size=\u00a0\u00bblarge\u00a0\u00bb alignment=\u00a0\u00bbcenter\u00a0\u00bb][\/vc_column][\/vc_row][vc_row][vc_column][vc_single_image image=\u00a0\u00bb7924&Prime;][vc_column_text]<\/p>\n<h1 style=\"text-align: center;\"><span style=\"font-size: 24pt;\">1 &#8211; Avoir un objectif<\/span><\/h1>\n<p>[\/vc_column_text][\/vc_column][\/vc_row][vc_row][vc_column][vc_column_text]<\/p>\n<p style=\"text-align: center;\">Qui dit commencer une activit\u00e9 physique dit d\u2019abord trouver sa s\u00e9ance suivant son objectif.Vous avez peut-\u00eatre d\u00e9j\u00e0 une id\u00e9e tr\u00e8s pr\u00e9cise de l&rsquo;activit\u00e9 que vous souhaitez faire (ou refaire). Mais si ce n\u2019est pas le cas, pas de panique! Pour ce faire, commencez par r\u00e9pondre \u00e0 la question suivante : qu\u2019elles sont vos attentes ? Entretenir ou am\u00e9liorer votre souffle ?Lutter contre le stress, l&rsquo;anxi\u00e9t\u00e9 ?Perdre du poids ?Combattre les douleurs de dos ?Se tonifier, se sculpter ?Lutter contre la s\u00e9dentarit\u00e9 ?Entretenir ou am\u00e9liorer sa souplesse ?Vous l\u2019avez compris, la r\u00e9ponse \u00e0 cette simple question vous donnera une bonne piste pour orienter votre choix. Ensuite, optez pour une s\u00e9ance qui vous convienne physiquement, c\u2019est-\u00e0-dire pour lequel vous n\u2019avez pas de contre-indication m\u00e9dicale. Si vous n\u2019avez pas fait de sport depuis longtemps, une visite de contr\u00f4le chez votre m\u00e9decin est tout \u00e0 fait recommand\u00e9e.<\/p>\n<div class=\"canvasWrapper\" style=\"text-align: center;\"><\/div>\n<p>[\/vc_column_text][\/vc_column][\/vc_row][vc_row][vc_column][vc_single_image image=\u00a0\u00bb7924&Prime;][vc_column_text]<\/p>\n<h1 style=\"text-align: center;\"><span style=\"font-size: 24pt;\">2 &#8211; D\u00e9marrer en douceur<\/span><\/h1>\n<p>[\/vc_column_text][\/vc_column][\/vc_row][vc_row][vc_column][vc_column_text]<\/p>\n<p style=\"text-align: center;\">Il est important de d\u00e9buter tranquillement. Je m\u2019explique : en fonction de votre forme du moment, commencez par des s\u00e9ances dont la dur\u00e9e et l\u2019intensit\u00e9 sont accessibles. Inutile de vous lancez dans des s\u00e9ances de 2 heures si vous n\u2019avez pas fait de sport depuis plusieurs ann\u00e9es. Ce serait le moyen le plus efficace pour vous r\u00e9veillez le lendemain p\u00e9tri(e) de courbatures et l\u00e9g\u00e8rement effray\u00e9(e) \u00e0 l\u2019id\u00e9e d\u2019y retourner. Quand on d\u00e9bute une activit\u00e9, il faut privil\u00e9gier la progression \u00e0 la performance. Soyez donc \u00e0 l\u2019\u00e9coute de votre corps. Voyez de quoi vous \u00eates capable puis, au fur et \u00e0 mesure, augmentez la dur\u00e9e et l\u2019intensit\u00e9 de votre effort. Ce serait quand m\u00eame dommage de devoir remiser vos baskets au placard au bout de seulement quelques s\u00e9ances !<\/p>\n<p>[\/vc_column_text][\/vc_column][\/vc_row][vc_row][vc_column][vc_single_image image=\u00a0\u00bb7924&Prime;][vc_column_text]<\/p>\n<h1 style=\"text-align: center;\"><span style=\"font-size: 24pt;\">3 &#8211; Etre assidu(e)<\/span><\/h1>\n<p>[\/vc_column_text][\/vc_column][\/vc_row][vc_row][vc_column][vc_column_text]<\/p>\n<p style=\"text-align: center;\">Les Anglo-Saxons ont une expression qui dit \u00ab no pain, no gain \u00bb (on n\u2019a rien sans rien). Celle-ci est particuli\u00e8rement vraie dans le sport. Quelque soit votre motivation, vos objectifs li\u00e9s \u00e0 cette reprise d\u2019une activit\u00e9 physique, il va falloir faire preuve de r\u00e9gularit\u00e9. Trouvez-vous un cr\u00e9neau horaire qui vous convienne, pr\u00e9voyez un certain nombre de s\u00e9ances par semaine (mieux vaut 2-3 s\u00e9ances de 30-45 minutes qu\u2019une s\u00e9ance de 3 heures) et bloquez cette plage horaire. Notez vos s\u00e9ances de sport dans votre agenda. Bref, trouvez votre rythme et essayez de vous y tenir. Au d\u00e9but, cela va peut-\u00eatre \u00eatre difficile, il y aura peut-\u00eatre m\u00eame des rendez-vous manqu\u00e9s. Mais ce n\u2019est pas grave. Accrochez-vous et, au fil des semaines, vous allez ressentir l\u2019envie, le besoin de chausser vos baskets pour aller faire du sport. Vous entra\u00eener deviendra alors un plaisir. Et \u00e7a, ce sera gr\u00e2ce \u00e0 vos hormones !<\/p>\n<p>[\/vc_column_text][\/vc_column][\/vc_row][vc_row][vc_column][vc_single_image image=\u00a0\u00bb7924&Prime;][vc_column_text]<\/p>\n<h1 style=\"text-align: center;\"><span style=\"font-size: 24pt;\">4 &#8211; Faire preuve de patience<\/span><\/h1>\n<p>[\/vc_column_text][\/vc_column][\/vc_row][vc_row][vc_column][vc_column_text]<\/p>\n<p style=\"text-align: center;\">Si votre objectif est de perdre du poids, de vous muscler ou m\u00eame de vous ressourcer, il va falloir faire preuve d\u2019une qualit\u00e9 : la patience. L\u2019assiduit\u00e9 va faire une partie du job et la patience fera le reste. On ne peut en effet s\u2019attendre \u00e0 des r\u00e9sultats flagrants au bout de deux semaines. Et ne perdez jamais de vue la notion de plaisir. Elle doit, au m\u00eame titre que vos objectifs, \u00eatre un moteur dans votre pratique sportive.<\/p>\n<p>[\/vc_column_text][\/vc_column][\/vc_row][vc_row][vc_column][vc_single_image image=\u00a0\u00bb7924&Prime;][vc_column_text]<\/p>\n<h1 style=\"text-align: center;\"><span style=\"font-size: 24pt;\">5 &#8211; Rester motiv\u00e9(e)<\/span><\/h1>\n<p>[\/vc_column_text][\/vc_column][\/vc_row][vc_row][vc_column][vc_column_text]<\/p>\n<p style=\"text-align: center;\">L\u2019autre cl\u00e9 est la motivation. Nous ne sommes pas des machines et, bien \u00e9videmment, la motivation peut conna\u00eetre des baisses de r\u00e9gimes. La faute parfois \u00e0 la fatigue ou \u00e0 une certaine lassitude, ou encore au mauvais temps qui ne nous encourage pas vraiment \u00e0 mettre le nez dehors. Deux astuces peuvent vous permettre de surmonter un petit coup de mou. Premi\u00e8rement, variez les s\u00e9ances, la nouveaut\u00e9 est souvent source d\u2019enthousiasme. Deuxi\u00e8mement, pour ceux qui pratiquent seul, enr\u00f4lez un ami ou un membre de votre famille. A plusieurs, il est toujours plus facile de se motiver. Du coup, quand l\u2019un(e) de vous se sent un peu d\u00e9motiv\u00e9(e), l\u2019autre peut le rebooster<\/p>\n<p>[\/vc_column_text][\/vc_column][\/vc_row][vc_row][vc_column][vc_single_image image=\u00a0\u00bb7924&Prime;][vc_column_text]<\/p>\n<h1 style=\"text-align: center;\"><span style=\"font-size: 24pt;\">6 &#8211; Avoir une bonne hygi\u00e8ne de vie<\/span><\/h1>\n<p>[\/vc_column_text][\/vc_column][\/vc_row][vc_row][vc_column][vc_column_text]<\/p>\n<p style=\"text-align: center;\">Enfin, le sport \u00e9tant seulement une partie de ce qu\u2019on appelle l\u2019hygi\u00e8ne de vie, il est important d\u2019agir en m\u00eame temps sur deux autres piliers tr\u00e8s importants : l\u2019alimentation et le sommeil. Faite-nous confiance : avec une activit\u00e9 physique adapt\u00e9e et r\u00e9guli\u00e8re, une alimentation saine et vari\u00e9e et un sommeil r\u00e9parateur, vous allez retrouver une forme incroyable !<\/p>\n<p>[\/vc_column_text][vc_single_image image=\u00a0\u00bb7924&Prime;][\/vc_column][\/vc_row][vc_row][vc_column width=\u00a0\u00bb1\/2&Prime;][vc_single_image image=\u00a0\u00bb9297&Prime; img_size=\u00a0\u00bblarge\u00a0\u00bb alignment=\u00a0\u00bbcenter\u00a0\u00bb][\/vc_column][vc_column width=\u00a0\u00bb1\/2&Prime;][vc_column_text]<\/p>\n<h2 style=\"text-align: center;\"><span style=\"font-size: 24pt;\">En pratique&#8230;<\/span><\/h2>\n<h4 style=\"text-align: center;\"><span style=\"font-size: 18pt;\">Le Studio INEDIT FITNESS, vous accompagne pour mettre en place ces 6 conseils.Nous vous apportons bien plus qu&rsquo;une s\u00e9ance de sport&#8230; on vous motive, conseil et encourage !<\/span><\/h4>\n<h4 style=\"text-align: center;\"><span style=\"font-size: 18pt;\">80 % de notre client\u00e8le, n&rsquo;ont jamais fr\u00e9quent\u00e9 de salles de sport&#8230; Aujourd&rsquo;hui, il nous recommande \u00e0 leur entourage.<\/span><\/h4>\n<p>[\/vc_column_text][vc_single_image image=\u00a0\u00bb7924&Prime;][vc_btn title=\u00a0\u00bbDemandez votre bilan personnalis\u00e9\u00a0\u00bb color=\u00a0\u00bbdanger\u00a0\u00bb size=\u00a0\u00bblg\u00a0\u00bb align=\u00a0\u00bbcenter\u00a0\u00bb link=\u00a0\u00bburl:https%3A%2F%2Fineditfitness.com%2Fsite%2Fbilan-de-depart%2F|||\u00a0\u00bb][\/vc_column][\/vc_row]<\/p>\n<\/div>","protected":false},"excerpt":{"rendered":"<p>[vc_row][vc_column width=\u00a0\u00bb1\/2&Prime;][vc_column_text] Se mettre au sport est une r\u00e9solution tout \u00e0 fait judicieuse, mais ce n\u2019est pas forc\u00e9ment facile quand on n\u2019a plus chauss\u00e9 ses baskets depuis plusieurs ann\u00e9es ou quand notre emploi du temps semble d\u00e9j\u00e0 parfaitement comble. Chez INEDIT FITNESS, nous en sommes bien conscient.Toutefois, le sport \u00e9tant une des cl\u00e9s de la<\/p>\n","protected":false},"author":3,"featured_media":0,"parent":0,"menu_order":0,"comment_status":"closed","ping_status":"closed","template":"page-templates\/full-width.php","meta":{"footnotes":""},"class_list":["post-9293","page","type-page","status-publish","hentry"],"yoast_head":"<!-- This site is optimized with the Yoast SEO plugin v27.2 - https:\/\/yoast.com\/product\/yoast-seo-wordpress\/ -->\n<title>6 conseils pour reprendre le sport - INEDIT FITNESS | Chassieu<\/title>\n<meta name=\"description\" content=\"Se mettre au sport est une r\u00e9solution tout \u00e0 fait judicieuse, mais ce n\u2019est pas forc\u00e9ment facile quand on n\u2019a plus chauss\u00e9 ses baskets depuis plusieurs ann\u00e9es ou quand notre emploi du temps semble d\u00e9j\u00e0 parfaitement comble. Chez INEDIT FITNESS, nous en sommes bien conscient...\" \/>\n<meta name=\"robots\" content=\"index, follow, max-snippet:-1, max-image-preview:large, max-video-preview:-1\" \/>\n<link rel=\"canonical\" href=\"https:\/\/ineditfitness.com\/site\/6-conseils-pour-reprendre-le-sport-2\/\" \/>\n<meta property=\"og:locale\" content=\"fr_FR\" \/>\n<meta property=\"og:type\" content=\"article\" \/>\n<meta property=\"og:title\" content=\"6 conseils pour reprendre le sport - INEDIT FITNESS | Chassieu\" \/>\n<meta property=\"og:description\" content=\"Se mettre au sport est une r\u00e9solution tout \u00e0 fait judicieuse, mais ce n\u2019est pas forc\u00e9ment facile quand on n\u2019a plus chauss\u00e9 ses baskets depuis plusieurs ann\u00e9es ou quand notre emploi du temps semble d\u00e9j\u00e0 parfaitement comble. Chez INEDIT FITNESS, nous en sommes bien conscient...\" \/>\n<meta property=\"og:url\" content=\"https:\/\/ineditfitness.com\/site\/6-conseils-pour-reprendre-le-sport-2\/\" \/>\n<meta property=\"og:site_name\" content=\"INEDIT FITNESS | Chassieu\" \/>\n<meta property=\"article:modified_time\" content=\"2019-04-24T07:59:52+00:00\" \/>\n<meta name=\"twitter:label1\" content=\"Dur\u00e9e de lecture estim\u00e9e\" \/>\n\t<meta name=\"twitter:data1\" content=\"6 minutes\" \/>\n<script type=\"application\/ld+json\" class=\"yoast-schema-graph\">{\"@context\":\"https:\/\/schema.org\",\"@graph\":[{\"@type\":\"WebPage\",\"@id\":\"https:\/\/ineditfitness.com\/site\/6-conseils-pour-reprendre-le-sport-2\/\",\"url\":\"https:\/\/ineditfitness.com\/site\/6-conseils-pour-reprendre-le-sport-2\/\",\"name\":\"6 conseils pour reprendre le sport - INEDIT FITNESS | Chassieu\",\"isPartOf\":{\"@id\":\"https:\/\/ineditfitness.com\/site\/#website\"},\"datePublished\":\"2019-04-24T07:52:07+00:00\",\"dateModified\":\"2019-04-24T07:59:52+00:00\",\"description\":\"Se mettre au sport est une r\u00e9solution tout \u00e0 fait judicieuse, mais ce n\u2019est pas forc\u00e9ment facile quand on n\u2019a plus chauss\u00e9 ses baskets depuis plusieurs ann\u00e9es ou quand notre emploi du temps semble d\u00e9j\u00e0 parfaitement comble. Chez INEDIT FITNESS, nous en sommes bien conscient...\",\"breadcrumb\":{\"@id\":\"https:\/\/ineditfitness.com\/site\/6-conseils-pour-reprendre-le-sport-2\/#breadcrumb\"},\"inLanguage\":\"fr-FR\",\"potentialAction\":[{\"@type\":\"ReadAction\",\"target\":[\"https:\/\/ineditfitness.com\/site\/6-conseils-pour-reprendre-le-sport-2\/\"]}]},{\"@type\":\"BreadcrumbList\",\"@id\":\"https:\/\/ineditfitness.com\/site\/6-conseils-pour-reprendre-le-sport-2\/#breadcrumb\",\"itemListElement\":[{\"@type\":\"ListItem\",\"position\":1,\"name\":\"Accueil\",\"item\":\"https:\/\/ineditfitness.com\/site\/\"},{\"@type\":\"ListItem\",\"position\":2,\"name\":\"6 conseils pour reprendre le sport\"}]},{\"@type\":\"WebSite\",\"@id\":\"https:\/\/ineditfitness.com\/site\/#website\",\"url\":\"https:\/\/ineditfitness.com\/site\/\",\"name\":\"INEDIT FITNESS | Chassieu\",\"description\":\"Vous \u00eates unique, notre coaching aussi - Salle de Sport - Fitness - Stretching - Pilates - Training - Cardio - Marche Nordique - Coaching Individuel - Small groupe\",\"publisher\":{\"@id\":\"https:\/\/ineditfitness.com\/site\/#organization\"},\"potentialAction\":[{\"@type\":\"SearchAction\",\"target\":{\"@type\":\"EntryPoint\",\"urlTemplate\":\"https:\/\/ineditfitness.com\/site\/?s={search_term_string}\"},\"query-input\":{\"@type\":\"PropertyValueSpecification\",\"valueRequired\":true,\"valueName\":\"search_term_string\"}}],\"inLanguage\":\"fr-FR\"},{\"@type\":\"Organization\",\"@id\":\"https:\/\/ineditfitness.com\/site\/#organization\",\"name\":\"INEDIT FITNESS\",\"url\":\"https:\/\/ineditfitness.com\/site\/\",\"logo\":{\"@type\":\"ImageObject\",\"inLanguage\":\"fr-FR\",\"@id\":\"https:\/\/ineditfitness.com\/site\/#\/schema\/logo\/image\/\",\"url\":\"https:\/\/ineditfitness.com\/site\/wp-content\/uploads\/2014\/12\/studio_inedit_fitness_logo_site.png\",\"contentUrl\":\"https:\/\/ineditfitness.com\/site\/wp-content\/uploads\/2014\/12\/studio_inedit_fitness_logo_site.png\",\"width\":600,\"height\":210,\"caption\":\"INEDIT FITNESS\"},\"image\":{\"@id\":\"https:\/\/ineditfitness.com\/site\/#\/schema\/logo\/image\/\"}}]}<\/script>\n<!-- \/ Yoast SEO plugin. -->","yoast_head_json":{"title":"6 conseils pour reprendre le sport - INEDIT FITNESS | Chassieu","description":"Se mettre au sport est une r\u00e9solution tout \u00e0 fait judicieuse, mais ce n\u2019est pas forc\u00e9ment facile quand on n\u2019a plus chauss\u00e9 ses baskets depuis plusieurs ann\u00e9es ou quand notre emploi du temps semble d\u00e9j\u00e0 parfaitement comble. Chez INEDIT FITNESS, nous en sommes bien conscient...","robots":{"index":"index","follow":"follow","max-snippet":"max-snippet:-1","max-image-preview":"max-image-preview:large","max-video-preview":"max-video-preview:-1"},"canonical":"https:\/\/ineditfitness.com\/site\/6-conseils-pour-reprendre-le-sport-2\/","og_locale":"fr_FR","og_type":"article","og_title":"6 conseils pour reprendre le sport - INEDIT FITNESS | Chassieu","og_description":"Se mettre au sport est une r\u00e9solution tout \u00e0 fait judicieuse, mais ce n\u2019est pas forc\u00e9ment facile quand on n\u2019a plus chauss\u00e9 ses baskets depuis plusieurs ann\u00e9es ou quand notre emploi du temps semble d\u00e9j\u00e0 parfaitement comble. Chez INEDIT FITNESS, nous en sommes bien conscient...","og_url":"https:\/\/ineditfitness.com\/site\/6-conseils-pour-reprendre-le-sport-2\/","og_site_name":"INEDIT FITNESS | Chassieu","article_modified_time":"2019-04-24T07:59:52+00:00","twitter_misc":{"Dur\u00e9e de lecture estim\u00e9e":"6 minutes"},"schema":{"@context":"https:\/\/schema.org","@graph":[{"@type":"WebPage","@id":"https:\/\/ineditfitness.com\/site\/6-conseils-pour-reprendre-le-sport-2\/","url":"https:\/\/ineditfitness.com\/site\/6-conseils-pour-reprendre-le-sport-2\/","name":"6 conseils pour reprendre le sport - INEDIT FITNESS | Chassieu","isPartOf":{"@id":"https:\/\/ineditfitness.com\/site\/#website"},"datePublished":"2019-04-24T07:52:07+00:00","dateModified":"2019-04-24T07:59:52+00:00","description":"Se mettre au sport est une r\u00e9solution tout \u00e0 fait judicieuse, mais ce n\u2019est pas forc\u00e9ment facile quand on n\u2019a plus chauss\u00e9 ses baskets depuis plusieurs ann\u00e9es ou quand notre emploi du temps semble d\u00e9j\u00e0 parfaitement comble. Chez INEDIT FITNESS, nous en sommes bien conscient...","breadcrumb":{"@id":"https:\/\/ineditfitness.com\/site\/6-conseils-pour-reprendre-le-sport-2\/#breadcrumb"},"inLanguage":"fr-FR","potentialAction":[{"@type":"ReadAction","target":["https:\/\/ineditfitness.com\/site\/6-conseils-pour-reprendre-le-sport-2\/"]}]},{"@type":"BreadcrumbList","@id":"https:\/\/ineditfitness.com\/site\/6-conseils-pour-reprendre-le-sport-2\/#breadcrumb","itemListElement":[{"@type":"ListItem","position":1,"name":"Accueil","item":"https:\/\/ineditfitness.com\/site\/"},{"@type":"ListItem","position":2,"name":"6 conseils pour reprendre le sport"}]},{"@type":"WebSite","@id":"https:\/\/ineditfitness.com\/site\/#website","url":"https:\/\/ineditfitness.com\/site\/","name":"INEDIT FITNESS | Chassieu","description":"Vous \u00eates unique, notre coaching aussi - Salle de Sport - Fitness - Stretching - Pilates - Training - Cardio - Marche Nordique - Coaching Individuel - Small groupe","publisher":{"@id":"https:\/\/ineditfitness.com\/site\/#organization"},"potentialAction":[{"@type":"SearchAction","target":{"@type":"EntryPoint","urlTemplate":"https:\/\/ineditfitness.com\/site\/?s={search_term_string}"},"query-input":{"@type":"PropertyValueSpecification","valueRequired":true,"valueName":"search_term_string"}}],"inLanguage":"fr-FR"},{"@type":"Organization","@id":"https:\/\/ineditfitness.com\/site\/#organization","name":"INEDIT FITNESS","url":"https:\/\/ineditfitness.com\/site\/","logo":{"@type":"ImageObject","inLanguage":"fr-FR","@id":"https:\/\/ineditfitness.com\/site\/#\/schema\/logo\/image\/","url":"https:\/\/ineditfitness.com\/site\/wp-content\/uploads\/2014\/12\/studio_inedit_fitness_logo_site.png","contentUrl":"https:\/\/ineditfitness.com\/site\/wp-content\/uploads\/2014\/12\/studio_inedit_fitness_logo_site.png","width":600,"height":210,"caption":"INEDIT FITNESS"},"image":{"@id":"https:\/\/ineditfitness.com\/site\/#\/schema\/logo\/image\/"}}]}},"_links":{"self":[{"href":"https:\/\/ineditfitness.com\/site\/wp-json\/wp\/v2\/pages\/9293","targetHints":{"allow":["GET"]}}],"collection":[{"href":"https:\/\/ineditfitness.com\/site\/wp-json\/wp\/v2\/pages"}],"about":[{"href":"https:\/\/ineditfitness.com\/site\/wp-json\/wp\/v2\/types\/page"}],"author":[{"embeddable":true,"href":"https:\/\/ineditfitness.com\/site\/wp-json\/wp\/v2\/users\/3"}],"replies":[{"embeddable":true,"href":"https:\/\/ineditfitness.com\/site\/wp-json\/wp\/v2\/comments?post=9293"}],"version-history":[{"count":0,"href":"https:\/\/ineditfitness.com\/site\/wp-json\/wp\/v2\/pages\/9293\/revisions"}],"wp:attachment":[{"href":"https:\/\/ineditfitness.com\/site\/wp-json\/wp\/v2\/media?parent=9293"}],"curies":[{"name":"wp","href":"https:\/\/api.w.org\/{rel}","templated":true}]}}