{"id":9261,"date":"2019-03-18T12:22:54","date_gmt":"2019-03-18T11:22:54","guid":{"rendered":"https:\/\/ineditfitness.com\/site\/?page_id=9261"},"modified":"2019-03-18T20:33:59","modified_gmt":"2019-03-18T19:33:59","slug":"offre-speciale-printemps-2019","status":"publish","type":"page","link":"https:\/\/ineditfitness.com\/site\/offre-speciale-printemps-2019\/","title":{"rendered":"Offre sp\u00e9ciale printemps 2019"},"content":{"rendered":"<div class=\"wpb-content-wrapper\"><p>[vc_row][vc_column][vc_column_text]<\/p>\n<h1 style=\"text-align: center;\"><span style=\"font-size: 36pt;\">Remise en forme pour cet \u00e9t\u00e9 !<\/span><\/h1>\n<p>[\/vc_column_text][vc_single_image image=\u00a0\u00bb7924&Prime;][\/vc_column][\/vc_row][vc_row][vc_column][vc_column_text]<\/p>\n<h2 class=\"ArticleHeader-lead\" style=\"text-align: center;\"><span style=\"font-size: 24pt;\">Comment \u00eatre au top pour cet \u00e9t\u00e9 ? Adoptez un programme de remise en forme au printemps.<\/span><\/h2>\n<p>[\/vc_column_text][\/vc_column][\/vc_row][vc_row][vc_column][vc_column_text]<\/p>\n<p class=\"chapo\" style=\"text-align: center;\"><span style=\"font-size: 14pt;\">Vous voulez arriver en pleine forme en vacances\u00a0? Profitez des beaux jours pour revoir votre alimentation et vous (re) mettre \u00e0 une activit\u00e9 sportive.<\/span><\/p>\n<div class=\"main-content-body\">\n<p style=\"text-align: center;\"><span style=\"font-size: 14pt;\">A la sortie de l&rsquo;hiver, kilos en trop et fatigue s&rsquo;accumulent. La faute au manque d&rsquo;exercice, \u00e0 une alimentation trop riche, \u00e0 la pollution, au tabac : pour \u00ab\u00a0se nettoyer\u00a0\u00bb, le corps doit puiser dans ses r\u00e9serves et perd donc de sa vitalit\u00e9. Le printemps est id\u00e9al pour entamer une vraie remise en forme, quels que soient votre \u00e2ge et votre sexe, \u00e0 condition de respecter certaines r\u00e8gles d&rsquo;hygi\u00e8ne de vie et de prudence.<\/span><\/p>\n<\/div>\n<p>[\/vc_column_text][vc_single_image image=\u00a0\u00bb7924&Prime;][\/vc_column][\/vc_row][vc_row][vc_column][vc_column_text]<\/p>\n<h2 style=\"text-align: center;\"><span style=\"font-size: 24pt;\">In\u00e9dit Fitness vous accompagne gr\u00e2ce \u00e0 un programme adapt\u00e9 et une offre sp\u00e9ciale printemps<\/span><\/h2>\n<h2 style=\"text-align: center;\"><span style=\"font-size: 24pt; color: #ff0000;\">3 mois d&rsquo;accompagnement sans frais d&rsquo;inscription !<\/span><\/h2>\n<p>[\/vc_column_text][\/vc_column][\/vc_row][vc_row][vc_column][vc_single_image image=\u00a0\u00bb9264&Prime; img_size=\u00a0\u00bblarge\u00a0\u00bb alignment=\u00a0\u00bbcenter\u00a0\u00bb][vc_btn title=\u00a0\u00bbJe souhaite b\u00e9n\u00e9ficiez de l&rsquo;offre sp\u00e9ciale printemps\u00a0\u00bb color=\u00a0\u00bbwarning\u00a0\u00bb size=\u00a0\u00bblg\u00a0\u00bb align=\u00a0\u00bbcenter\u00a0\u00bb link=\u00a0\u00bburl:https%3A%2F%2Fineditfitness.com%2Fsite%2Fcours%2Fnon%2520class%25C3%25A9%2Foffre-speciale-printemps%2F|||\u00a0\u00bb][\/vc_column][\/vc_row][vc_row][vc_column][vc_column_text]<\/p>\n<h3 style=\"text-align: center;\"><span style=\"font-size: 24pt; color: #ff0000;\">ATTENTION !<\/span><\/h3>\n<h3 style=\"text-align: center;\"><span style=\"font-size: 24pt; color: #ff0000;\">Seulement pour les 20 premiers<\/span><\/h3>\n<h3 style=\"text-align: center;\"><span style=\"font-size: 24pt; color: #ff0000;\">Il vous reste plus que &#8230;<\/span><\/h3>\n<p>[\/vc_column_text][\/vc_column][\/vc_row][vc_row][vc_column width=\u00a0\u00bb1\/3&Prime;][\/vc_column][vc_column width=\u00a0\u00bb1\/3&Prime;]<div id=\"clock_382918893\" class=\"your-clock \"><\/div>[\/vc_column][vc_column width=\u00a0\u00bb1\/3&Prime;][\/vc_column][\/vc_row][vc_row][vc_column][vc_column_text]<\/p>\n<h3 style=\"text-align: center;\"><span style=\"font-size: 24pt;\">Gr\u00e2ce \u00e0 votre abonnement :<\/span><\/h3>\n<h3><span style=\"font-size: 14pt;\">\u21d2 acc\u00e8s \u00e0 plus de 50 s\u00e9ances au planning<\/span><\/h3>\n<h3><span style=\"font-size: 14pt;\">\u21d2 s\u00e9ances en small groupe, 6\/12 personnes maximum<\/span><\/h3>\n<h3><span style=\"font-size: 14pt;\">\u21d2 accompagnement, conseils, motivation \u00e0 chaque s\u00e9ance<\/span><\/h3>\n<h3><span style=\"font-size: 14pt;\">\u21d2 des s\u00e9ances pour tous afin de se d\u00e9penser ou se ressourcer<\/span><\/h3>\n<p>[\/vc_column_text][vc_btn title=\u00a0\u00bbJe souhaite b\u00e9n\u00e9ficiez de l&rsquo;offre sp\u00e9ciale printemps\u00a0\u00bb color=\u00a0\u00bbwarning\u00a0\u00bb size=\u00a0\u00bblg\u00a0\u00bb align=\u00a0\u00bbcenter\u00a0\u00bb link=\u00a0\u00bburl:https%3A%2F%2Fineditfitness.com%2Fsite%2Fcours%2Fnon%2520class%25C3%25A9%2Foffre-speciale-printemps%2F|||\u00a0\u00bb][\/vc_column][\/vc_row]<\/p>\n<\/div>","protected":false},"excerpt":{"rendered":"<p>[vc_row][vc_column][vc_column_text] Remise en forme pour cet \u00e9t\u00e9 ! [\/vc_column_text][vc_single_image image=\u00a0\u00bb7924&Prime;][\/vc_column][\/vc_row][vc_row][vc_column][vc_column_text] Comment \u00eatre au top pour cet \u00e9t\u00e9 ? Adoptez un programme de remise en forme au printemps. [\/vc_column_text][\/vc_column][\/vc_row][vc_row][vc_column][vc_column_text] Vous voulez arriver en pleine forme en vacances\u00a0? Profitez des beaux jours pour revoir votre alimentation et vous (re) mettre \u00e0 une activit\u00e9 sportive. A la sortie<\/p>\n","protected":false},"author":3,"featured_media":0,"parent":0,"menu_order":0,"comment_status":"closed","ping_status":"closed","template":"page-templates\/full-width.php","meta":{"footnotes":""},"class_list":["post-9261","page","type-page","status-publish","hentry"],"yoast_head":"<!-- This site is optimized with the Yoast SEO plugin v27.2 - https:\/\/yoast.com\/product\/yoast-seo-wordpress\/ -->\n<title>Offre sp\u00e9ciale printemps 2019 - INEDIT FITNESS | Chassieu<\/title>\n<meta name=\"description\" content=\"Comment \u00eatre au top cet \u00e9t\u00e9 ? Adoptez un programme de remise en forme au printemps...\" \/>\n<meta name=\"robots\" content=\"index, follow, max-snippet:-1, max-image-preview:large, max-video-preview:-1\" \/>\n<link rel=\"canonical\" href=\"https:\/\/ineditfitness.com\/site\/offre-speciale-printemps-2019\/\" \/>\n<meta property=\"og:locale\" content=\"fr_FR\" \/>\n<meta property=\"og:type\" content=\"article\" \/>\n<meta property=\"og:title\" content=\"Offre sp\u00e9ciale printemps 2019 - INEDIT FITNESS | Chassieu\" \/>\n<meta property=\"og:description\" content=\"Comment \u00eatre au top cet \u00e9t\u00e9 ? Adoptez un programme de remise en forme au printemps...\" \/>\n<meta property=\"og:url\" content=\"https:\/\/ineditfitness.com\/site\/offre-speciale-printemps-2019\/\" \/>\n<meta property=\"og:site_name\" content=\"INEDIT FITNESS | Chassieu\" \/>\n<meta property=\"article:modified_time\" content=\"2019-03-18T19:33:59+00:00\" \/>\n<meta name=\"twitter:label1\" content=\"Dur\u00e9e de lecture estim\u00e9e\" \/>\n\t<meta name=\"twitter:data1\" content=\"2 minutes\" \/>\n<script type=\"application\/ld+json\" class=\"yoast-schema-graph\">{\"@context\":\"https:\/\/schema.org\",\"@graph\":[{\"@type\":\"WebPage\",\"@id\":\"https:\/\/ineditfitness.com\/site\/offre-speciale-printemps-2019\/\",\"url\":\"https:\/\/ineditfitness.com\/site\/offre-speciale-printemps-2019\/\",\"name\":\"Offre sp\u00e9ciale printemps 2019 - INEDIT FITNESS | Chassieu\",\"isPartOf\":{\"@id\":\"https:\/\/ineditfitness.com\/site\/#website\"},\"datePublished\":\"2019-03-18T11:22:54+00:00\",\"dateModified\":\"2019-03-18T19:33:59+00:00\",\"description\":\"Comment \u00eatre au top cet \u00e9t\u00e9 ? Adoptez un programme de remise en forme au printemps...\",\"breadcrumb\":{\"@id\":\"https:\/\/ineditfitness.com\/site\/offre-speciale-printemps-2019\/#breadcrumb\"},\"inLanguage\":\"fr-FR\",\"potentialAction\":[{\"@type\":\"ReadAction\",\"target\":[\"https:\/\/ineditfitness.com\/site\/offre-speciale-printemps-2019\/\"]}]},{\"@type\":\"BreadcrumbList\",\"@id\":\"https:\/\/ineditfitness.com\/site\/offre-speciale-printemps-2019\/#breadcrumb\",\"itemListElement\":[{\"@type\":\"ListItem\",\"position\":1,\"name\":\"Accueil\",\"item\":\"https:\/\/ineditfitness.com\/site\/\"},{\"@type\":\"ListItem\",\"position\":2,\"name\":\"Offre sp\u00e9ciale printemps 2019\"}]},{\"@type\":\"WebSite\",\"@id\":\"https:\/\/ineditfitness.com\/site\/#website\",\"url\":\"https:\/\/ineditfitness.com\/site\/\",\"name\":\"INEDIT FITNESS | Chassieu\",\"description\":\"Vous \u00eates unique, notre coaching aussi - Salle de Sport - Fitness - Stretching - Pilates - Training - Cardio - Marche Nordique - Coaching Individuel - Small groupe\",\"publisher\":{\"@id\":\"https:\/\/ineditfitness.com\/site\/#organization\"},\"potentialAction\":[{\"@type\":\"SearchAction\",\"target\":{\"@type\":\"EntryPoint\",\"urlTemplate\":\"https:\/\/ineditfitness.com\/site\/?s={search_term_string}\"},\"query-input\":{\"@type\":\"PropertyValueSpecification\",\"valueRequired\":true,\"valueName\":\"search_term_string\"}}],\"inLanguage\":\"fr-FR\"},{\"@type\":\"Organization\",\"@id\":\"https:\/\/ineditfitness.com\/site\/#organization\",\"name\":\"INEDIT FITNESS\",\"url\":\"https:\/\/ineditfitness.com\/site\/\",\"logo\":{\"@type\":\"ImageObject\",\"inLanguage\":\"fr-FR\",\"@id\":\"https:\/\/ineditfitness.com\/site\/#\/schema\/logo\/image\/\",\"url\":\"https:\/\/ineditfitness.com\/site\/wp-content\/uploads\/2014\/12\/studio_inedit_fitness_logo_site.png\",\"contentUrl\":\"https:\/\/ineditfitness.com\/site\/wp-content\/uploads\/2014\/12\/studio_inedit_fitness_logo_site.png\",\"width\":600,\"height\":210,\"caption\":\"INEDIT FITNESS\"},\"image\":{\"@id\":\"https:\/\/ineditfitness.com\/site\/#\/schema\/logo\/image\/\"}}]}<\/script>\n<!-- \/ Yoast SEO plugin. -->","yoast_head_json":{"title":"Offre sp\u00e9ciale printemps 2019 - INEDIT FITNESS | Chassieu","description":"Comment \u00eatre au top cet \u00e9t\u00e9 ? Adoptez un programme de remise en forme au printemps...","robots":{"index":"index","follow":"follow","max-snippet":"max-snippet:-1","max-image-preview":"max-image-preview:large","max-video-preview":"max-video-preview:-1"},"canonical":"https:\/\/ineditfitness.com\/site\/offre-speciale-printemps-2019\/","og_locale":"fr_FR","og_type":"article","og_title":"Offre sp\u00e9ciale printemps 2019 - INEDIT FITNESS | Chassieu","og_description":"Comment \u00eatre au top cet \u00e9t\u00e9 ? Adoptez un programme de remise en forme au printemps...","og_url":"https:\/\/ineditfitness.com\/site\/offre-speciale-printemps-2019\/","og_site_name":"INEDIT FITNESS | Chassieu","article_modified_time":"2019-03-18T19:33:59+00:00","twitter_misc":{"Dur\u00e9e de lecture estim\u00e9e":"2 minutes"},"schema":{"@context":"https:\/\/schema.org","@graph":[{"@type":"WebPage","@id":"https:\/\/ineditfitness.com\/site\/offre-speciale-printemps-2019\/","url":"https:\/\/ineditfitness.com\/site\/offre-speciale-printemps-2019\/","name":"Offre sp\u00e9ciale printemps 2019 - INEDIT FITNESS | Chassieu","isPartOf":{"@id":"https:\/\/ineditfitness.com\/site\/#website"},"datePublished":"2019-03-18T11:22:54+00:00","dateModified":"2019-03-18T19:33:59+00:00","description":"Comment \u00eatre au top cet \u00e9t\u00e9 ? Adoptez un programme de remise en forme au printemps...","breadcrumb":{"@id":"https:\/\/ineditfitness.com\/site\/offre-speciale-printemps-2019\/#breadcrumb"},"inLanguage":"fr-FR","potentialAction":[{"@type":"ReadAction","target":["https:\/\/ineditfitness.com\/site\/offre-speciale-printemps-2019\/"]}]},{"@type":"BreadcrumbList","@id":"https:\/\/ineditfitness.com\/site\/offre-speciale-printemps-2019\/#breadcrumb","itemListElement":[{"@type":"ListItem","position":1,"name":"Accueil","item":"https:\/\/ineditfitness.com\/site\/"},{"@type":"ListItem","position":2,"name":"Offre sp\u00e9ciale printemps 2019"}]},{"@type":"WebSite","@id":"https:\/\/ineditfitness.com\/site\/#website","url":"https:\/\/ineditfitness.com\/site\/","name":"INEDIT FITNESS | Chassieu","description":"Vous \u00eates unique, notre coaching aussi - Salle de Sport - Fitness - Stretching - Pilates - Training - Cardio - Marche Nordique - Coaching Individuel - Small groupe","publisher":{"@id":"https:\/\/ineditfitness.com\/site\/#organization"},"potentialAction":[{"@type":"SearchAction","target":{"@type":"EntryPoint","urlTemplate":"https:\/\/ineditfitness.com\/site\/?s={search_term_string}"},"query-input":{"@type":"PropertyValueSpecification","valueRequired":true,"valueName":"search_term_string"}}],"inLanguage":"fr-FR"},{"@type":"Organization","@id":"https:\/\/ineditfitness.com\/site\/#organization","name":"INEDIT FITNESS","url":"https:\/\/ineditfitness.com\/site\/","logo":{"@type":"ImageObject","inLanguage":"fr-FR","@id":"https:\/\/ineditfitness.com\/site\/#\/schema\/logo\/image\/","url":"https:\/\/ineditfitness.com\/site\/wp-content\/uploads\/2014\/12\/studio_inedit_fitness_logo_site.png","contentUrl":"https:\/\/ineditfitness.com\/site\/wp-content\/uploads\/2014\/12\/studio_inedit_fitness_logo_site.png","width":600,"height":210,"caption":"INEDIT FITNESS"},"image":{"@id":"https:\/\/ineditfitness.com\/site\/#\/schema\/logo\/image\/"}}]}},"_links":{"self":[{"href":"https:\/\/ineditfitness.com\/site\/wp-json\/wp\/v2\/pages\/9261","targetHints":{"allow":["GET"]}}],"collection":[{"href":"https:\/\/ineditfitness.com\/site\/wp-json\/wp\/v2\/pages"}],"about":[{"href":"https:\/\/ineditfitness.com\/site\/wp-json\/wp\/v2\/types\/page"}],"author":[{"embeddable":true,"href":"https:\/\/ineditfitness.com\/site\/wp-json\/wp\/v2\/users\/3"}],"replies":[{"embeddable":true,"href":"https:\/\/ineditfitness.com\/site\/wp-json\/wp\/v2\/comments?post=9261"}],"version-history":[{"count":0,"href":"https:\/\/ineditfitness.com\/site\/wp-json\/wp\/v2\/pages\/9261\/revisions"}],"wp:attachment":[{"href":"https:\/\/ineditfitness.com\/site\/wp-json\/wp\/v2\/media?parent=9261"}],"curies":[{"name":"wp","href":"https:\/\/api.w.org\/{rel}","templated":true}]}}