{"id":8942,"date":"2018-10-02T15:53:23","date_gmt":"2018-10-02T13:53:23","guid":{"rendered":"https:\/\/ineditfitness.com\/site\/?page_id=8942"},"modified":"2018-10-02T15:59:11","modified_gmt":"2018-10-02T13:59:11","slug":"votre-mois-a-59-euros","status":"publish","type":"page","link":"https:\/\/ineditfitness.com\/site\/votre-mois-a-59-euros\/","title":{"rendered":"Votre mois \u00e0 59 euros"},"content":{"rendered":"<div class=\"wpb-content-wrapper\"><p>[vc_row][vc_column][vc_column_text]<\/p>\n<h1 style=\"text-align: center;\"><span style=\"font-size: 24pt;\">D\u00e9couvrez nos services pendant 1 mois !<\/span><\/h1>\n<p>[\/vc_column_text][\/vc_column][\/vc_row][vc_row][vc_column][vc_column_text]<\/p>\n<h3 style=\"text-align: center;\"><span style=\"font-size: 14pt;\">Vous souhaitez pratiquer une activit\u00e9 avec un accompagnement personnalis\u00e9 ?<\/span><\/h3>\n<h3 style=\"text-align: center;\"><span style=\"font-size: 14pt;\">Quelques soit vos objectifs, votre profil, nous vous accompagnons, nous vous conseillons.<\/span><\/h3>\n<p>[\/vc_column_text][vc_single_image image=\u00a0\u00bb7924&Prime;][\/vc_column][\/vc_row][vc_row][vc_column width=\u00a0\u00bb1\/2&Prime;][vc_video link=\u00a0\u00bbhttps:\/\/youtu.be\/gzXa_QoILBI\u00a0\u00bb align=\u00a0\u00bbcenter\u00a0\u00bb][vc_single_image image=\u00a0\u00bb7924&Prime;][\/vc_column][vc_column width=\u00a0\u00bb1\/2&Prime;][vc_column_text]<\/p>\n<p style=\"text-align: left;\"><span style=\"font-size: 14pt;\">Vous souhaitez:<\/span><\/p>\n<ul>\n<li style=\"text-align: left;\"><span style=\"font-size: 14pt;\">combattre vos douleurs de dos<\/span><\/li>\n<li style=\"text-align: left;\"><span style=\"font-size: 14pt;\">\u00e9vacuer votre stress<\/span><\/li>\n<li style=\"text-align: left;\"><span style=\"font-size: 14pt;\">obtenir un ventre plus plat<\/span><\/li>\n<li style=\"text-align: left;\"><span style=\"font-size: 14pt;\">vous tonifier<\/span><\/li>\n<li style=\"text-align: left;\"><span style=\"font-size: 14pt;\">avoir une meilleur condition physique<\/span><\/li>\n<li style=\"text-align: left;\"><span style=\"font-size: 14pt;\">am\u00e9liorer vos performances sportives<\/span><\/li>\n<li style=\"text-align: center;\">\n<p style=\"text-align: left;\"><span style=\"font-size: 14pt;\">perdre du poids<\/span><\/p>\n<\/li>\n<\/ul>\n<p>[\/vc_column_text][\/vc_column][\/vc_row][vc_row][vc_column width=\u00a0\u00bb2\/3&Prime;][vc_column_text]<\/p>\n<h2 style=\"text-align: center;\"><span style=\"font-size: 14pt; color: #ff0000;\">Venez d\u00e9couvrir nos services pendant 1 mois \u00e0 59 euros<\/span><\/h2>\n<h2 style=\"text-align: center;\"><span style=\"font-size: 14pt; color: #ff0000;\">SANS FRAIS D&rsquo;INSCRIPTION<\/span><\/h2>\n<p>[\/vc_column_text][\/vc_column][vc_column width=\u00a0\u00bb1\/3&Prime;][vc_btn title=\u00a0\u00bbACHETER\u00a0\u00bb color=\u00a0\u00bbdanger\u00a0\u00bb size=\u00a0\u00bblg\u00a0\u00bb align=\u00a0\u00bbleft\u00a0\u00bb link=\u00a0\u00bburl:https%3A%2F%2Fineditfitness.com%2Fsite%2Fcours%2Foffre-internet%2Fabo1mois%2F|||\u00a0\u00bb][\/vc_column][\/vc_row][vc_row][vc_column][vc_single_image image=\u00a0\u00bb7924&Prime;][vc_column_text]<\/p>\n<h1 style=\"text-align: center;\"><span style=\"font-size: 18pt; color: #000000;\">Pourquoi choisir le Studio In\u00e9dit Fitness:<\/span><\/h1>\n<p><span style=\"font-size: 18pt;\">\u21d2\u00a0<span style=\"font-size: 12pt;\">Des s\u00e9ances exclusivement encadr\u00e9es par un coach sportif\u00a0<\/span><\/span><\/p>\n<p><span style=\"font-size: 18pt;\">\u21d2\u00a0<span style=\"font-size: 12pt;\">Des s\u00e9ances limit\u00e9es en nombre de participants (small groupe de 6\/12 personnes)<\/span><\/span><\/p>\n<p><span style=\"font-size: 18pt;\">\u21d2\u00a0<span style=\"font-size: 12pt;\">Des conseils toute la l&rsquo;ann\u00e9e gracieusement<\/span><\/span><\/p>\n<p><span style=\"font-size: 18pt;\">\u21d2 <span style=\"font-size: 12pt;\">Un accompagnement personnalis\u00e9<\/span><\/span><\/p>\n<p><span style=\"font-size: 18pt;\">\u21d2 <span style=\"font-size: 12pt;\">Un lieu conviviale et chaleureux<\/span><\/span><\/p>\n<p><span style=\"font-size: 18pt;\">\u21d2 <span style=\"font-size: 12pt;\">Une \u00e9quipe professionnelle \u00e0 votre service<\/span><\/span><\/p>\n<p><span style=\"font-size: 18pt;\">\u21d2 <span style=\"font-size: 12pt;\">Des \u00e9v\u00e9nements et services suppl\u00e9mentaires toute l&rsquo;ann\u00e9e<\/span><\/span>[\/vc_column_text][\/vc_column][\/vc_row]<\/p>\n<\/div>","protected":false},"excerpt":{"rendered":"<p>[vc_row][vc_column][vc_column_text] D\u00e9couvrez nos services pendant 1 mois ! [\/vc_column_text][\/vc_column][\/vc_row][vc_row][vc_column][vc_column_text] Vous souhaitez pratiquer une activit\u00e9 avec un accompagnement personnalis\u00e9 ? Quelques soit vos objectifs, votre profil, nous vous accompagnons, nous vous conseillons. [\/vc_column_text][vc_single_image image=\u00a0\u00bb7924&Prime;][\/vc_column][\/vc_row][vc_row][vc_column width=\u00a0\u00bb1\/2&Prime;][vc_video link=\u00a0\u00bbhttps:\/\/youtu.be\/gzXa_QoILBI\u00a0\u00bb align=\u00a0\u00bbcenter\u00a0\u00bb][vc_single_image image=\u00a0\u00bb7924&Prime;][\/vc_column][vc_column width=\u00a0\u00bb1\/2&Prime;][vc_column_text] Vous souhaitez: combattre vos douleurs de dos \u00e9vacuer votre stress obtenir un ventre plus plat vous tonifier<\/p>\n","protected":false},"author":3,"featured_media":0,"parent":0,"menu_order":0,"comment_status":"closed","ping_status":"closed","template":"page-templates\/full-width.php","meta":{"footnotes":""},"class_list":["post-8942","page","type-page","status-publish","hentry"],"yoast_head":"<!-- This site is optimized with the Yoast SEO plugin v27.2 - https:\/\/yoast.com\/product\/yoast-seo-wordpress\/ -->\n<title>Votre mois \u00e0 59 euros - INEDIT FITNESS | Chassieu<\/title>\n<meta name=\"robots\" content=\"index, follow, max-snippet:-1, max-image-preview:large, max-video-preview:-1\" \/>\n<link rel=\"canonical\" href=\"https:\/\/ineditfitness.com\/site\/votre-mois-a-59-euros\/\" \/>\n<meta property=\"og:locale\" content=\"fr_FR\" \/>\n<meta property=\"og:type\" content=\"article\" \/>\n<meta property=\"og:title\" content=\"Votre mois \u00e0 59 euros - INEDIT FITNESS | Chassieu\" \/>\n<meta property=\"og:description\" content=\"[vc_row][vc_column][vc_column_text] D\u00e9couvrez nos services pendant 1 mois ! [\/vc_column_text][\/vc_column][\/vc_row][vc_row][vc_column][vc_column_text] Vous souhaitez pratiquer une activit\u00e9 avec un accompagnement personnalis\u00e9 ? Quelques soit vos objectifs, votre profil, nous vous accompagnons, nous vous conseillons. [\/vc_column_text][vc_single_image image=\u00a0\u00bb7924&Prime;][\/vc_column][\/vc_row][vc_row][vc_column width=\u00a0\u00bb1\/2&Prime;][vc_video link=\u00a0\u00bbhttps:\/\/youtu.be\/gzXa_QoILBI\u00a0\u00bb align=\u00a0\u00bbcenter\u00a0\u00bb][vc_single_image image=\u00a0\u00bb7924&Prime;][\/vc_column][vc_column width=\u00a0\u00bb1\/2&Prime;][vc_column_text] Vous souhaitez: combattre vos douleurs de dos \u00e9vacuer votre stress obtenir un ventre plus plat vous tonifier\" \/>\n<meta property=\"og:url\" content=\"https:\/\/ineditfitness.com\/site\/votre-mois-a-59-euros\/\" \/>\n<meta property=\"og:site_name\" content=\"INEDIT FITNESS | Chassieu\" \/>\n<meta property=\"article:modified_time\" content=\"2018-10-02T13:59:11+00:00\" \/>\n<meta name=\"twitter:label1\" content=\"Dur\u00e9e de lecture estim\u00e9e\" \/>\n\t<meta name=\"twitter:data1\" content=\"1 minute\" \/>\n<script type=\"application\/ld+json\" class=\"yoast-schema-graph\">{\"@context\":\"https:\/\/schema.org\",\"@graph\":[{\"@type\":\"WebPage\",\"@id\":\"https:\/\/ineditfitness.com\/site\/votre-mois-a-59-euros\/\",\"url\":\"https:\/\/ineditfitness.com\/site\/votre-mois-a-59-euros\/\",\"name\":\"Votre mois \u00e0 59 euros - INEDIT FITNESS | Chassieu\",\"isPartOf\":{\"@id\":\"https:\/\/ineditfitness.com\/site\/#website\"},\"datePublished\":\"2018-10-02T13:53:23+00:00\",\"dateModified\":\"2018-10-02T13:59:11+00:00\",\"breadcrumb\":{\"@id\":\"https:\/\/ineditfitness.com\/site\/votre-mois-a-59-euros\/#breadcrumb\"},\"inLanguage\":\"fr-FR\",\"potentialAction\":[{\"@type\":\"ReadAction\",\"target\":[\"https:\/\/ineditfitness.com\/site\/votre-mois-a-59-euros\/\"]}]},{\"@type\":\"BreadcrumbList\",\"@id\":\"https:\/\/ineditfitness.com\/site\/votre-mois-a-59-euros\/#breadcrumb\",\"itemListElement\":[{\"@type\":\"ListItem\",\"position\":1,\"name\":\"Accueil\",\"item\":\"https:\/\/ineditfitness.com\/site\/\"},{\"@type\":\"ListItem\",\"position\":2,\"name\":\"Votre mois \u00e0 59 euros\"}]},{\"@type\":\"WebSite\",\"@id\":\"https:\/\/ineditfitness.com\/site\/#website\",\"url\":\"https:\/\/ineditfitness.com\/site\/\",\"name\":\"INEDIT FITNESS | Chassieu\",\"description\":\"Vous \u00eates unique, notre coaching aussi - Salle de Sport - Fitness - Stretching - Pilates - Training - Cardio - Marche Nordique - Coaching Individuel - Small groupe\",\"publisher\":{\"@id\":\"https:\/\/ineditfitness.com\/site\/#organization\"},\"potentialAction\":[{\"@type\":\"SearchAction\",\"target\":{\"@type\":\"EntryPoint\",\"urlTemplate\":\"https:\/\/ineditfitness.com\/site\/?s={search_term_string}\"},\"query-input\":{\"@type\":\"PropertyValueSpecification\",\"valueRequired\":true,\"valueName\":\"search_term_string\"}}],\"inLanguage\":\"fr-FR\"},{\"@type\":\"Organization\",\"@id\":\"https:\/\/ineditfitness.com\/site\/#organization\",\"name\":\"INEDIT FITNESS\",\"url\":\"https:\/\/ineditfitness.com\/site\/\",\"logo\":{\"@type\":\"ImageObject\",\"inLanguage\":\"fr-FR\",\"@id\":\"https:\/\/ineditfitness.com\/site\/#\/schema\/logo\/image\/\",\"url\":\"https:\/\/ineditfitness.com\/site\/wp-content\/uploads\/2014\/12\/studio_inedit_fitness_logo_site.png\",\"contentUrl\":\"https:\/\/ineditfitness.com\/site\/wp-content\/uploads\/2014\/12\/studio_inedit_fitness_logo_site.png\",\"width\":600,\"height\":210,\"caption\":\"INEDIT FITNESS\"},\"image\":{\"@id\":\"https:\/\/ineditfitness.com\/site\/#\/schema\/logo\/image\/\"}}]}<\/script>\n<!-- \/ Yoast SEO plugin. -->","yoast_head_json":{"title":"Votre mois \u00e0 59 euros - INEDIT FITNESS | Chassieu","robots":{"index":"index","follow":"follow","max-snippet":"max-snippet:-1","max-image-preview":"max-image-preview:large","max-video-preview":"max-video-preview:-1"},"canonical":"https:\/\/ineditfitness.com\/site\/votre-mois-a-59-euros\/","og_locale":"fr_FR","og_type":"article","og_title":"Votre mois \u00e0 59 euros - INEDIT FITNESS | Chassieu","og_description":"[vc_row][vc_column][vc_column_text] D\u00e9couvrez nos services pendant 1 mois ! [\/vc_column_text][\/vc_column][\/vc_row][vc_row][vc_column][vc_column_text] Vous souhaitez pratiquer une activit\u00e9 avec un accompagnement personnalis\u00e9 ? Quelques soit vos objectifs, votre profil, nous vous accompagnons, nous vous conseillons. [\/vc_column_text][vc_single_image image=\u00a0\u00bb7924&Prime;][\/vc_column][\/vc_row][vc_row][vc_column width=\u00a0\u00bb1\/2&Prime;][vc_video link=\u00a0\u00bbhttps:\/\/youtu.be\/gzXa_QoILBI\u00a0\u00bb align=\u00a0\u00bbcenter\u00a0\u00bb][vc_single_image image=\u00a0\u00bb7924&Prime;][\/vc_column][vc_column width=\u00a0\u00bb1\/2&Prime;][vc_column_text] Vous souhaitez: combattre vos douleurs de dos \u00e9vacuer votre stress obtenir un ventre plus plat vous tonifier","og_url":"https:\/\/ineditfitness.com\/site\/votre-mois-a-59-euros\/","og_site_name":"INEDIT FITNESS | Chassieu","article_modified_time":"2018-10-02T13:59:11+00:00","twitter_misc":{"Dur\u00e9e de lecture estim\u00e9e":"1 minute"},"schema":{"@context":"https:\/\/schema.org","@graph":[{"@type":"WebPage","@id":"https:\/\/ineditfitness.com\/site\/votre-mois-a-59-euros\/","url":"https:\/\/ineditfitness.com\/site\/votre-mois-a-59-euros\/","name":"Votre mois \u00e0 59 euros - INEDIT FITNESS | Chassieu","isPartOf":{"@id":"https:\/\/ineditfitness.com\/site\/#website"},"datePublished":"2018-10-02T13:53:23+00:00","dateModified":"2018-10-02T13:59:11+00:00","breadcrumb":{"@id":"https:\/\/ineditfitness.com\/site\/votre-mois-a-59-euros\/#breadcrumb"},"inLanguage":"fr-FR","potentialAction":[{"@type":"ReadAction","target":["https:\/\/ineditfitness.com\/site\/votre-mois-a-59-euros\/"]}]},{"@type":"BreadcrumbList","@id":"https:\/\/ineditfitness.com\/site\/votre-mois-a-59-euros\/#breadcrumb","itemListElement":[{"@type":"ListItem","position":1,"name":"Accueil","item":"https:\/\/ineditfitness.com\/site\/"},{"@type":"ListItem","position":2,"name":"Votre mois \u00e0 59 euros"}]},{"@type":"WebSite","@id":"https:\/\/ineditfitness.com\/site\/#website","url":"https:\/\/ineditfitness.com\/site\/","name":"INEDIT FITNESS | Chassieu","description":"Vous \u00eates unique, notre coaching aussi - Salle de Sport - Fitness - Stretching - Pilates - Training - Cardio - Marche Nordique - Coaching Individuel - Small groupe","publisher":{"@id":"https:\/\/ineditfitness.com\/site\/#organization"},"potentialAction":[{"@type":"SearchAction","target":{"@type":"EntryPoint","urlTemplate":"https:\/\/ineditfitness.com\/site\/?s={search_term_string}"},"query-input":{"@type":"PropertyValueSpecification","valueRequired":true,"valueName":"search_term_string"}}],"inLanguage":"fr-FR"},{"@type":"Organization","@id":"https:\/\/ineditfitness.com\/site\/#organization","name":"INEDIT FITNESS","url":"https:\/\/ineditfitness.com\/site\/","logo":{"@type":"ImageObject","inLanguage":"fr-FR","@id":"https:\/\/ineditfitness.com\/site\/#\/schema\/logo\/image\/","url":"https:\/\/ineditfitness.com\/site\/wp-content\/uploads\/2014\/12\/studio_inedit_fitness_logo_site.png","contentUrl":"https:\/\/ineditfitness.com\/site\/wp-content\/uploads\/2014\/12\/studio_inedit_fitness_logo_site.png","width":600,"height":210,"caption":"INEDIT FITNESS"},"image":{"@id":"https:\/\/ineditfitness.com\/site\/#\/schema\/logo\/image\/"}}]}},"_links":{"self":[{"href":"https:\/\/ineditfitness.com\/site\/wp-json\/wp\/v2\/pages\/8942","targetHints":{"allow":["GET"]}}],"collection":[{"href":"https:\/\/ineditfitness.com\/site\/wp-json\/wp\/v2\/pages"}],"about":[{"href":"https:\/\/ineditfitness.com\/site\/wp-json\/wp\/v2\/types\/page"}],"author":[{"embeddable":true,"href":"https:\/\/ineditfitness.com\/site\/wp-json\/wp\/v2\/users\/3"}],"replies":[{"embeddable":true,"href":"https:\/\/ineditfitness.com\/site\/wp-json\/wp\/v2\/comments?post=8942"}],"version-history":[{"count":0,"href":"https:\/\/ineditfitness.com\/site\/wp-json\/wp\/v2\/pages\/8942\/revisions"}],"wp:attachment":[{"href":"https:\/\/ineditfitness.com\/site\/wp-json\/wp\/v2\/media?parent=8942"}],"curies":[{"name":"wp","href":"https:\/\/api.w.org\/{rel}","templated":true}]}}