{"id":8749,"date":"2018-08-16T11:18:09","date_gmt":"2018-08-16T09:18:09","guid":{"rendered":"https:\/\/ineditfitness.com\/site\/?page_id=8749"},"modified":"2019-08-21T11:43:34","modified_gmt":"2019-08-21T09:43:34","slug":"pass-semaine-decouverte","status":"publish","type":"page","link":"https:\/\/ineditfitness.com\/site\/pass-semaine-decouverte\/","title":{"rendered":"PASS semaine d\u00e9couverte"},"content":{"rendered":"<div class=\"wpb-content-wrapper\"><p>[vc_row][vc_column][vc_column_text]<\/p>\n<h1 style=\"text-align: center;\"><span style=\"font-size: 36pt;\">B\u00e9n\u00e9ficiez d&rsquo;une semaine DECOUVERTE \u00e0 19 euros<br \/>\n<\/span><\/h1>\n<p>[\/vc_column_text][vc_single_image image=\u00a0\u00bb7924&Prime;][\/vc_column][\/vc_row][vc_row][vc_column width=\u00a0\u00bb1\/2&Prime;][vc_single_image image=\u00a0\u00bb9446&Prime; img_size=\u00a0\u00bblarge\u00a0\u00bb alignment=\u00a0\u00bbcenter\u00a0\u00bb][\/vc_column][vc_column width=\u00a0\u00bb1\/2&Prime;][vc_column_text]<\/p>\n<p style=\"text-align: center;\"><span style=\"font-size: 24pt;\">B\u00e9n\u00e9ficiez d&rsquo;un PASS d&rsquo;une semaine pour d\u00e9couvrir les services propos\u00e9s:<\/span><\/p>\n<p>&nbsp;<\/p>\n<p><span style=\"font-size: 24pt;\"><span style=\"color: #ff0000;\">&#x2666;<\/span>\u00a0 Un accompagnement personnalis\u00e9<\/span><\/p>\n<p><span style=\"font-size: 24pt;\"><span style=\"color: #ff0000;\">&#x2666;<\/span>\u00a0 Un acc\u00e8s aux diff\u00e9rentes s\u00e9ances en small groupe<\/span><\/p>\n<p><span style=\"font-size: 24pt;\"><span style=\"color: #ff0000;\">&#x2666;<\/span>\u00a0 L&rsquo;application de r\u00e9servation sur votre smartphone<\/span>[\/vc_column_text][\/vc_column][\/vc_row][vc_row][vc_column][vc_single_image image=\u00a0\u00bb7924&Prime;][\/vc_column][\/vc_row][vc_row][vc_column width=\u00a0\u00bb1\/2&Prime;][vc_column_text]<\/p>\n<h1 style=\"text-align: center;\"><span style=\"font-size: 18pt;\">Pourquoi choisir le Studio In\u00e9dit Fitness:<\/span><\/h1>\n<p><span style=\"font-size: 18pt;\">\u21d2\u00a0<span style=\"font-size: 12pt;\">Des s\u00e9ances exclusivement encadr\u00e9es par un coach sportif\u00a0<\/span><\/span><\/p>\n<p><span style=\"font-size: 18pt;\">\u21d2\u00a0<span style=\"font-size: 12pt;\">Des s\u00e9ances limit\u00e9es en nombre de participants (small groupe de 6\/12 personnes)<\/span><\/span><\/p>\n<p><span style=\"font-size: 18pt;\">\u21d2\u00a0<span style=\"font-size: 12pt;\">Des conseils toute la l&rsquo;ann\u00e9e gracieusement<\/span><\/span><\/p>\n<p><span style=\"font-size: 18pt;\">\u21d2 <span style=\"font-size: 12pt;\">Un accompagnement personnalis\u00e9<\/span><\/span><\/p>\n<p><span style=\"font-size: 18pt;\">\u21d2 <span style=\"font-size: 12pt;\">Un lieu conviviale et chaleureux<\/span><\/span><\/p>\n<p><span style=\"font-size: 18pt;\">\u21d2 <span style=\"font-size: 12pt;\">Une \u00e9quipe professionnelle \u00e0 votre service<\/span><\/span><\/p>\n<p><span style=\"font-size: 18pt;\">\u21d2 <span style=\"font-size: 12pt;\">Des \u00e9v\u00e9nements et services suppl\u00e9mentaires toute l&rsquo;ann\u00e9e<\/span><\/span><\/p>\n<p>[\/vc_column_text][\/vc_column][vc_column width=\u00a0\u00bb1\/2&Prime;][vc_single_image image=\u00a0\u00bb7924&Prime;][vc_column_text]<\/p>\n<h2 style=\"text-align: center;\"><span style=\"font-size: 24pt; color: #ffffff; background-color: #999999;\">Pour b\u00e9n\u00e9ficiez d&rsquo;une semaine d\u00e9couverte, cliquez ci-dessous:<\/span><\/h2>\n<p>[\/vc_column_text][vc_btn title=\u00a0\u00bbAchetez\u00a0\u00bb color=\u00a0\u00bbdanger\u00a0\u00bb size=\u00a0\u00bblg\u00a0\u00bb align=\u00a0\u00bbcenter\u00a0\u00bb link=\u00a0\u00bburl:https%3A%2F%2Fineditfitness.com%2Fsite%2Fcours%2Fnon%20class%C3%A9%2Fpass-semaine-decouverte%2F|title:PASS%20SEMAINE%20DECOUVERTE||\u00a0\u00bb][\/vc_column][\/vc_row]<\/p>\n<\/div>","protected":false},"excerpt":{"rendered":"<p>[vc_row][vc_column][vc_column_text] B\u00e9n\u00e9ficiez d&rsquo;une semaine DECOUVERTE \u00e0 19 euros [\/vc_column_text][vc_single_image image=\u00a0\u00bb7924&Prime;][\/vc_column][\/vc_row][vc_row][vc_column width=\u00a0\u00bb1\/2&Prime;][vc_single_image image=\u00a0\u00bb9446&Prime; img_size=\u00a0\u00bblarge\u00a0\u00bb alignment=\u00a0\u00bbcenter\u00a0\u00bb][\/vc_column][vc_column width=\u00a0\u00bb1\/2&Prime;][vc_column_text] B\u00e9n\u00e9ficiez d&rsquo;un PASS d&rsquo;une semaine pour d\u00e9couvrir les services propos\u00e9s: &nbsp; &#x2666;\u00a0 Un accompagnement personnalis\u00e9 &#x2666;\u00a0 Un acc\u00e8s aux diff\u00e9rentes s\u00e9ances en small groupe &#x2666;\u00a0 L&rsquo;application de r\u00e9servation sur votre smartphone[\/vc_column_text][\/vc_column][\/vc_row][vc_row][vc_column][vc_single_image image=\u00a0\u00bb7924&Prime;][\/vc_column][\/vc_row][vc_row][vc_column width=\u00a0\u00bb1\/2&Prime;][vc_column_text] Pourquoi choisir le Studio In\u00e9dit Fitness: \u21d2\u00a0Des<\/p>\n","protected":false},"author":3,"featured_media":8750,"parent":0,"menu_order":0,"comment_status":"closed","ping_status":"closed","template":"page-templates\/full-width.php","meta":{"footnotes":""},"class_list":["post-8749","page","type-page","status-publish","has-post-thumbnail","hentry"],"yoast_head":"<!-- This site is optimized with the Yoast SEO plugin v27.4 - https:\/\/yoast.com\/product\/yoast-seo-wordpress\/ -->\n<title>PASS semaine d\u00e9couverte - INEDIT FITNESS | Chassieu<\/title>\n<meta name=\"robots\" content=\"index, follow, max-snippet:-1, max-image-preview:large, max-video-preview:-1\" \/>\n<link rel=\"canonical\" href=\"https:\/\/ineditfitness.com\/site\/pass-semaine-decouverte\/\" \/>\n<meta property=\"og:locale\" content=\"fr_FR\" \/>\n<meta property=\"og:type\" content=\"article\" \/>\n<meta property=\"og:title\" content=\"PASS semaine d\u00e9couverte - INEDIT FITNESS | Chassieu\" \/>\n<meta property=\"og:description\" content=\"[vc_row][vc_column][vc_column_text] B\u00e9n\u00e9ficiez d&rsquo;une semaine DECOUVERTE \u00e0 19 euros [\/vc_column_text][vc_single_image image=\u00a0\u00bb7924&Prime;][\/vc_column][\/vc_row][vc_row][vc_column width=\u00a0\u00bb1\/2&Prime;][vc_single_image image=\u00a0\u00bb9446&Prime; img_size=\u00a0\u00bblarge\u00a0\u00bb alignment=\u00a0\u00bbcenter\u00a0\u00bb][\/vc_column][vc_column width=\u00a0\u00bb1\/2&Prime;][vc_column_text] B\u00e9n\u00e9ficiez d&rsquo;un PASS d&rsquo;une semaine pour d\u00e9couvrir les services propos\u00e9s: &nbsp; &#x2666;\u00a0 Un accompagnement personnalis\u00e9 &#x2666;\u00a0 Un acc\u00e8s aux diff\u00e9rentes s\u00e9ances en small groupe &#x2666;\u00a0 L&rsquo;application de r\u00e9servation sur votre smartphone[\/vc_column_text][\/vc_column][\/vc_row][vc_row][vc_column][vc_single_image image=\u00a0\u00bb7924&Prime;][\/vc_column][\/vc_row][vc_row][vc_column width=\u00a0\u00bb1\/2&Prime;][vc_column_text] Pourquoi choisir le Studio In\u00e9dit Fitness: \u21d2\u00a0Des\" \/>\n<meta property=\"og:url\" content=\"https:\/\/ineditfitness.com\/site\/pass-semaine-decouverte\/\" \/>\n<meta property=\"og:site_name\" content=\"INEDIT FITNESS | Chassieu\" \/>\n<meta property=\"article:modified_time\" content=\"2019-08-21T09:43:34+00:00\" \/>\n<meta property=\"og:image\" content=\"https:\/\/ineditfitness.com\/site\/wp-content\/uploads\/2018\/08\/Mardi-Gras.png\" \/>\n\t<meta property=\"og:image:width\" content=\"940\" \/>\n\t<meta property=\"og:image:height\" content=\"788\" \/>\n\t<meta property=\"og:image:type\" content=\"image\/png\" \/>\n<meta name=\"twitter:label1\" content=\"Dur\u00e9e de lecture estim\u00e9e\" \/>\n\t<meta name=\"twitter:data1\" content=\"1 minute\" \/>\n<script type=\"application\/ld+json\" class=\"yoast-schema-graph\">{\"@context\":\"https:\\\/\\\/schema.org\",\"@graph\":[{\"@type\":\"WebPage\",\"@id\":\"https:\\\/\\\/ineditfitness.com\\\/site\\\/pass-semaine-decouverte\\\/\",\"url\":\"https:\\\/\\\/ineditfitness.com\\\/site\\\/pass-semaine-decouverte\\\/\",\"name\":\"PASS semaine d\u00e9couverte - INEDIT FITNESS | Chassieu\",\"isPartOf\":{\"@id\":\"https:\\\/\\\/ineditfitness.com\\\/site\\\/#website\"},\"primaryImageOfPage\":{\"@id\":\"https:\\\/\\\/ineditfitness.com\\\/site\\\/pass-semaine-decouverte\\\/#primaryimage\"},\"image\":{\"@id\":\"https:\\\/\\\/ineditfitness.com\\\/site\\\/pass-semaine-decouverte\\\/#primaryimage\"},\"thumbnailUrl\":\"https:\\\/\\\/ineditfitness.com\\\/site\\\/wp-content\\\/uploads\\\/2018\\\/08\\\/Mardi-Gras.png\",\"datePublished\":\"2018-08-16T09:18:09+00:00\",\"dateModified\":\"2019-08-21T09:43:34+00:00\",\"breadcrumb\":{\"@id\":\"https:\\\/\\\/ineditfitness.com\\\/site\\\/pass-semaine-decouverte\\\/#breadcrumb\"},\"inLanguage\":\"fr-FR\",\"potentialAction\":[{\"@type\":\"ReadAction\",\"target\":[\"https:\\\/\\\/ineditfitness.com\\\/site\\\/pass-semaine-decouverte\\\/\"]}]},{\"@type\":\"ImageObject\",\"inLanguage\":\"fr-FR\",\"@id\":\"https:\\\/\\\/ineditfitness.com\\\/site\\\/pass-semaine-decouverte\\\/#primaryimage\",\"url\":\"https:\\\/\\\/ineditfitness.com\\\/site\\\/wp-content\\\/uploads\\\/2018\\\/08\\\/Mardi-Gras.png\",\"contentUrl\":\"https:\\\/\\\/ineditfitness.com\\\/site\\\/wp-content\\\/uploads\\\/2018\\\/08\\\/Mardi-Gras.png\",\"width\":940,\"height\":788},{\"@type\":\"BreadcrumbList\",\"@id\":\"https:\\\/\\\/ineditfitness.com\\\/site\\\/pass-semaine-decouverte\\\/#breadcrumb\",\"itemListElement\":[{\"@type\":\"ListItem\",\"position\":1,\"name\":\"Accueil\",\"item\":\"https:\\\/\\\/ineditfitness.com\\\/site\\\/\"},{\"@type\":\"ListItem\",\"position\":2,\"name\":\"PASS semaine d\u00e9couverte\"}]},{\"@type\":\"WebSite\",\"@id\":\"https:\\\/\\\/ineditfitness.com\\\/site\\\/#website\",\"url\":\"https:\\\/\\\/ineditfitness.com\\\/site\\\/\",\"name\":\"INEDIT FITNESS | Chassieu\",\"description\":\"Vous \u00eates unique, notre coaching aussi - Salle de Sport - Fitness - Stretching - Pilates - Training - Cardio - Marche Nordique - Coaching Individuel - Small groupe\",\"publisher\":{\"@id\":\"https:\\\/\\\/ineditfitness.com\\\/site\\\/#organization\"},\"potentialAction\":[{\"@type\":\"SearchAction\",\"target\":{\"@type\":\"EntryPoint\",\"urlTemplate\":\"https:\\\/\\\/ineditfitness.com\\\/site\\\/?s={search_term_string}\"},\"query-input\":{\"@type\":\"PropertyValueSpecification\",\"valueRequired\":true,\"valueName\":\"search_term_string\"}}],\"inLanguage\":\"fr-FR\"},{\"@type\":\"Organization\",\"@id\":\"https:\\\/\\\/ineditfitness.com\\\/site\\\/#organization\",\"name\":\"INEDIT FITNESS\",\"url\":\"https:\\\/\\\/ineditfitness.com\\\/site\\\/\",\"logo\":{\"@type\":\"ImageObject\",\"inLanguage\":\"fr-FR\",\"@id\":\"https:\\\/\\\/ineditfitness.com\\\/site\\\/#\\\/schema\\\/logo\\\/image\\\/\",\"url\":\"https:\\\/\\\/ineditfitness.com\\\/site\\\/wp-content\\\/uploads\\\/2014\\\/12\\\/studio_inedit_fitness_logo_site.png\",\"contentUrl\":\"https:\\\/\\\/ineditfitness.com\\\/site\\\/wp-content\\\/uploads\\\/2014\\\/12\\\/studio_inedit_fitness_logo_site.png\",\"width\":600,\"height\":210,\"caption\":\"INEDIT FITNESS\"},\"image\":{\"@id\":\"https:\\\/\\\/ineditfitness.com\\\/site\\\/#\\\/schema\\\/logo\\\/image\\\/\"}}]}<\/script>\n<!-- \/ Yoast SEO plugin. -->","yoast_head_json":{"title":"PASS semaine d\u00e9couverte - INEDIT FITNESS | Chassieu","robots":{"index":"index","follow":"follow","max-snippet":"max-snippet:-1","max-image-preview":"max-image-preview:large","max-video-preview":"max-video-preview:-1"},"canonical":"https:\/\/ineditfitness.com\/site\/pass-semaine-decouverte\/","og_locale":"fr_FR","og_type":"article","og_title":"PASS semaine d\u00e9couverte - INEDIT FITNESS | Chassieu","og_description":"[vc_row][vc_column][vc_column_text] B\u00e9n\u00e9ficiez d&rsquo;une semaine DECOUVERTE \u00e0 19 euros [\/vc_column_text][vc_single_image image=\u00a0\u00bb7924&Prime;][\/vc_column][\/vc_row][vc_row][vc_column width=\u00a0\u00bb1\/2&Prime;][vc_single_image image=\u00a0\u00bb9446&Prime; img_size=\u00a0\u00bblarge\u00a0\u00bb alignment=\u00a0\u00bbcenter\u00a0\u00bb][\/vc_column][vc_column width=\u00a0\u00bb1\/2&Prime;][vc_column_text] B\u00e9n\u00e9ficiez d&rsquo;un PASS d&rsquo;une semaine pour d\u00e9couvrir les services propos\u00e9s: &nbsp; &#x2666;\u00a0 Un accompagnement personnalis\u00e9 &#x2666;\u00a0 Un acc\u00e8s aux diff\u00e9rentes s\u00e9ances en small groupe &#x2666;\u00a0 L&rsquo;application de r\u00e9servation sur votre smartphone[\/vc_column_text][\/vc_column][\/vc_row][vc_row][vc_column][vc_single_image image=\u00a0\u00bb7924&Prime;][\/vc_column][\/vc_row][vc_row][vc_column width=\u00a0\u00bb1\/2&Prime;][vc_column_text] Pourquoi choisir le Studio In\u00e9dit Fitness: \u21d2\u00a0Des","og_url":"https:\/\/ineditfitness.com\/site\/pass-semaine-decouverte\/","og_site_name":"INEDIT FITNESS | Chassieu","article_modified_time":"2019-08-21T09:43:34+00:00","og_image":[{"width":940,"height":788,"url":"https:\/\/ineditfitness.com\/site\/wp-content\/uploads\/2018\/08\/Mardi-Gras.png","type":"image\/png"}],"twitter_misc":{"Dur\u00e9e de lecture estim\u00e9e":"1 minute"},"schema":{"@context":"https:\/\/schema.org","@graph":[{"@type":"WebPage","@id":"https:\/\/ineditfitness.com\/site\/pass-semaine-decouverte\/","url":"https:\/\/ineditfitness.com\/site\/pass-semaine-decouverte\/","name":"PASS semaine d\u00e9couverte - INEDIT FITNESS | Chassieu","isPartOf":{"@id":"https:\/\/ineditfitness.com\/site\/#website"},"primaryImageOfPage":{"@id":"https:\/\/ineditfitness.com\/site\/pass-semaine-decouverte\/#primaryimage"},"image":{"@id":"https:\/\/ineditfitness.com\/site\/pass-semaine-decouverte\/#primaryimage"},"thumbnailUrl":"https:\/\/ineditfitness.com\/site\/wp-content\/uploads\/2018\/08\/Mardi-Gras.png","datePublished":"2018-08-16T09:18:09+00:00","dateModified":"2019-08-21T09:43:34+00:00","breadcrumb":{"@id":"https:\/\/ineditfitness.com\/site\/pass-semaine-decouverte\/#breadcrumb"},"inLanguage":"fr-FR","potentialAction":[{"@type":"ReadAction","target":["https:\/\/ineditfitness.com\/site\/pass-semaine-decouverte\/"]}]},{"@type":"ImageObject","inLanguage":"fr-FR","@id":"https:\/\/ineditfitness.com\/site\/pass-semaine-decouverte\/#primaryimage","url":"https:\/\/ineditfitness.com\/site\/wp-content\/uploads\/2018\/08\/Mardi-Gras.png","contentUrl":"https:\/\/ineditfitness.com\/site\/wp-content\/uploads\/2018\/08\/Mardi-Gras.png","width":940,"height":788},{"@type":"BreadcrumbList","@id":"https:\/\/ineditfitness.com\/site\/pass-semaine-decouverte\/#breadcrumb","itemListElement":[{"@type":"ListItem","position":1,"name":"Accueil","item":"https:\/\/ineditfitness.com\/site\/"},{"@type":"ListItem","position":2,"name":"PASS semaine d\u00e9couverte"}]},{"@type":"WebSite","@id":"https:\/\/ineditfitness.com\/site\/#website","url":"https:\/\/ineditfitness.com\/site\/","name":"INEDIT FITNESS | Chassieu","description":"Vous \u00eates unique, notre coaching aussi - Salle de Sport - Fitness - Stretching - Pilates - Training - Cardio - Marche Nordique - Coaching Individuel - Small groupe","publisher":{"@id":"https:\/\/ineditfitness.com\/site\/#organization"},"potentialAction":[{"@type":"SearchAction","target":{"@type":"EntryPoint","urlTemplate":"https:\/\/ineditfitness.com\/site\/?s={search_term_string}"},"query-input":{"@type":"PropertyValueSpecification","valueRequired":true,"valueName":"search_term_string"}}],"inLanguage":"fr-FR"},{"@type":"Organization","@id":"https:\/\/ineditfitness.com\/site\/#organization","name":"INEDIT FITNESS","url":"https:\/\/ineditfitness.com\/site\/","logo":{"@type":"ImageObject","inLanguage":"fr-FR","@id":"https:\/\/ineditfitness.com\/site\/#\/schema\/logo\/image\/","url":"https:\/\/ineditfitness.com\/site\/wp-content\/uploads\/2014\/12\/studio_inedit_fitness_logo_site.png","contentUrl":"https:\/\/ineditfitness.com\/site\/wp-content\/uploads\/2014\/12\/studio_inedit_fitness_logo_site.png","width":600,"height":210,"caption":"INEDIT FITNESS"},"image":{"@id":"https:\/\/ineditfitness.com\/site\/#\/schema\/logo\/image\/"}}]}},"_links":{"self":[{"href":"https:\/\/ineditfitness.com\/site\/wp-json\/wp\/v2\/pages\/8749","targetHints":{"allow":["GET"]}}],"collection":[{"href":"https:\/\/ineditfitness.com\/site\/wp-json\/wp\/v2\/pages"}],"about":[{"href":"https:\/\/ineditfitness.com\/site\/wp-json\/wp\/v2\/types\/page"}],"author":[{"embeddable":true,"href":"https:\/\/ineditfitness.com\/site\/wp-json\/wp\/v2\/users\/3"}],"replies":[{"embeddable":true,"href":"https:\/\/ineditfitness.com\/site\/wp-json\/wp\/v2\/comments?post=8749"}],"version-history":[{"count":0,"href":"https:\/\/ineditfitness.com\/site\/wp-json\/wp\/v2\/pages\/8749\/revisions"}],"wp:featuredmedia":[{"embeddable":true,"href":"https:\/\/ineditfitness.com\/site\/wp-json\/wp\/v2\/media\/8750"}],"wp:attachment":[{"href":"https:\/\/ineditfitness.com\/site\/wp-json\/wp\/v2\/media?parent=8749"}],"curies":[{"name":"wp","href":"https:\/\/api.w.org\/{rel}","templated":true}]}}