{"id":7833,"date":"2017-12-05T12:02:53","date_gmt":"2017-12-05T11:02:53","guid":{"rendered":"http:\/\/ineditfitness.com\/site\/?page_id=7833"},"modified":"2025-01-06T06:36:13","modified_gmt":"2025-01-06T05:36:13","slug":"tarifs-enligne","status":"publish","type":"page","link":"https:\/\/ineditfitness.com\/site\/tarifs-enligne\/","title":{"rendered":"Tarifs"},"content":{"rendered":"<div class=\"wpb-content-wrapper\"><p>[vc_row][vc_column][vc_column_text]<\/p>\n<h1 style=\"text-align: center;\"><span style=\"font-size: 36pt; color: #ff0000;\"><span style=\"font-size: 24pt;\">Pour vaincre vos maux . . . Passez \u00e0 l&rsquo;action !<\/span><br \/>\n<\/span><\/h1>\n<p>[\/vc_column_text][vc_empty_space][vc_empty_space][vc_column_text]<\/p>\n<h4 style=\"text-align: center;\"><span style=\"font-size: 18pt; color: #ff0000;\">\u00a0<span style=\"color: #000000;\">Nous vous proposons diff\u00e9rentes formules, \u00e0 r\u00e9gler directement en ligne&#8230;<\/span><br \/>\n<\/span><\/h4>\n<p style=\"text-align: center;\"><span style=\"font-size: 14pt;\">Achetez en ligne en toute s\u00e9curit\u00e9. D\u00e8s la cr\u00e9ation de votre compte, vous pouvez r\u00e9server vos s\u00e9ances.<\/span><\/p>\n<h3 style=\"text-align: center;\"><\/h3>\n<p>[\/vc_column_text][vc_empty_space][\/vc_column][\/vc_row][vc_row][vc_column width=\u00a0\u00bb1\/2&Prime;][vc_column_text css=\u00a0\u00bb\u00a0\u00bb]<\/p>\n<h1 style=\"text-align: center;\"><span style=\"font-size: 18pt; color: #ff0000;\">14 euros la s\u00e9ance<br \/>\n<\/span><\/h1>\n<p>[\/vc_column_text][vc_single_image image=\u00a0\u00bb12314&Prime; img_size=\u00a0\u00bbfull\u00a0\u00bb alignment=\u00a0\u00bbcenter\u00a0\u00bb][vc_btn title=\u00a0\u00bbCr\u00e9ez votre compte et acc\u00e9dez \u00e0 la boutique en ligne\u00a0\u00bb color=\u00a0\u00bbdanger\u00a0\u00bb size=\u00a0\u00bblg\u00a0\u00bb align=\u00a0\u00bbcenter\u00a0\u00bb link=\u00a0\u00bburl:https%3A%2F%2Fineditfitness.liberfit.fr%2Fportal%2F||target:%20_blank|\u00a0\u00bb][vc_empty_space][vc_column_text css=\u00a0\u00bb\u00a0\u00bb]<\/p>\n<p style=\"text-align: center;\"><span style=\"font-size: 24pt;\">Vous souhaitez un accompagnement personnalis\u00e9 et flexible ? Optez pour le CARNET !\u00a0<\/span><\/p>\n<p style=\"text-align: center;\"><span style=\"font-size: 14pt;\">3 Formules au choix !<\/span><\/p>\n<p style=\"text-align: center;\"><span style=\"font-size: 14pt;\">Le CARNET 10, 30 ou 50 s\u00e9ances pour am\u00e9liorer votre quotidien et vaincre vos \u00ab\u00a0maux\u00a0\u00bb \u00e0 votre rythme. (s\u00e9ances offertes \u00e0 la souscription d&rsquo;un carnet de 30 ou 50 s\u00e9ances)<br \/>\n<\/span><\/p>\n<p><span style=\"font-size: 14pt;\">= &gt; Acc\u00e8s aux diff\u00e9rentes s\u00e9ances coach\u00e9es &#8211; s\u00e9ances exclusivement en small groupe ( 8 personnes maximum) &#8211; s\u00e9ances aux choix en Pr\u00e9sentiel ( en Salle, en Ext\u00e9rieur) et\/ou en Distanciel (en Live) par visioconf\u00e9rence, suivant le planning propos\u00e9<\/span><\/p>\n<p><span style=\"font-size: 14pt;\">= &gt; Conseils et suivi personnalis\u00e9, en fonction de votre besoin et de votre profil, un \u00ab\u00a0coach r\u00e9f\u00e9rent\u00a0\u00bb vous est attribu\u00e9<\/span><\/p>\n<p><span style=\"font-size: 14pt;\">= &gt; Acc\u00e8s \u00e0 la VOD &#8211; WebTV In\u00e9dit Fitness, + de 100 vid\u00e9os de vos coachs \u00e0 suivre quand vous le souhaitez de chez vous, 24H\/24, 7J\/7<\/span>[\/vc_column_text][vc_empty_space][vc_empty_space][vc_column_text]<\/p>\n<p style=\"text-align: center;\"><span style=\"font-size: 14pt;\">Les s\u00e9ances ont une dur\u00e9e de validit\u00e9 de 12 mois et elles peuvent \u00eatre partag\u00e9 avec son conjoint(e).<\/span><\/p>\n<p>[\/vc_column_text][\/vc_column][vc_column width=\u00a0\u00bb1\/2&Prime;][vc_column_text css=\u00a0\u00bb\u00a0\u00bb]<\/p>\n<h1 style=\"text-align: center;\"><span style=\"font-size: 18pt; color: #ff0000;\">A partir de 49 euros\/mois<\/span><\/h1>\n<p>[\/vc_column_text][vc_single_image image=\u00a0\u00bb12315&Prime; img_size=\u00a0\u00bbfull\u00a0\u00bb alignment=\u00a0\u00bbcenter\u00a0\u00bb][vc_btn title=\u00a0\u00bbCr\u00e9ez votre compte et acc\u00e9dez \u00e0 la boutique en ligne\u00a0\u00bb color=\u00a0\u00bbdanger\u00a0\u00bb size=\u00a0\u00bblg\u00a0\u00bb align=\u00a0\u00bbcenter\u00a0\u00bb link=\u00a0\u00bburl:https%3A%2F%2Fineditfitness.liberfit.fr%2Fportal%2F||target:%20_blank|\u00a0\u00bb][vc_empty_space][vc_column_text css=\u00a0\u00bb\u00a0\u00bb]<\/p>\n<p style=\"text-align: center;\"><span style=\"font-size: 24pt;\">Vous souhaitez un accompagnement personnalis\u00e9 r\u00e9gulier ? Optez pour l&rsquo;ABONNEMENT !<\/span><\/p>\n<p style=\"text-align: center;\"><span style=\"font-size: 14pt;\">L&rsquo;ABONNEMENT pour am\u00e9liorer votre quotidien, vaincre vos \u00ab\u00a0maux\u00a0\u00bb et conserver ces b\u00e9n\u00e9fices<\/span><\/p>\n<p><span style=\"font-size: 14pt;\">= &gt; Acc\u00e8s aux diff\u00e9rentes s\u00e9ances coach\u00e9es &#8211; s\u00e9ances exclusivement en small groupe ( 8 personnes maximum) &#8211; s\u00e9ances aux choix en Pr\u00e9sentiel ( en Salle, en Ext\u00e9rieur) et\/ou en Distanciel (en Live) par visioconf\u00e9rence, suivant le planning propos\u00e9<\/span><\/p>\n<p><span style=\"font-size: 14pt;\">= &gt; Conseils et suivi personnalis\u00e9, en fonction de votre besoin et de votre profil, un \u00ab\u00a0coach r\u00e9f\u00e9rent\u00a0\u00bb vous est attribu\u00e9<\/span><\/p>\n<p><span style=\"font-size: 14pt;\">= &gt; Acc\u00e8s \u00e0 la VOD &#8211; WebTV In\u00e9dit Fitness, + de 100 vid\u00e9os de vos coachs \u00e0 suivre quand vous le souhaitez de chez vous, 24H\/24, 7J\/7<\/span>[\/vc_column_text][vc_empty_space][vc_empty_space][vc_column_text css=\u00a0\u00bb\u00a0\u00bb]<\/p>\n<p style=\"text-align: center;\"><span style=\"font-size: 14pt;\">L&rsquo;abonnement est souscrit avec un engagement de 3 mois puis en tacite reconduction mensuellement. Aucun frais d&rsquo;inscription, ni de r\u00e9siliation.<\/span><\/p>\n<p>[\/vc_column_text][\/vc_column][\/vc_row][vc_row][vc_column][vc_empty_space][vc_empty_space][vc_column_text]<\/p>\n<p style=\"text-align: center;\"><span style=\"font-size: 18pt;\"><span style=\"color: #ff0000;\">Vous souhaitez \u00eatre conseill\u00e9 sur la formule la plus adapt\u00e9e \u00e0 vos besoins ?<\/span>\u00a0<a href=\"https:\/\/ineditfitness.com\/site\/contact\/\" target=\"_blank\" rel=\"noopener noreferrer\">Contactez-nous<\/a><\/span><\/p>\n<p>[\/vc_column_text][\/vc_column][\/vc_row]<\/p>\n<\/div>","protected":false},"excerpt":{"rendered":"<p>[vc_row][vc_column][vc_column_text] Pour vaincre vos maux . . . Passez \u00e0 l&rsquo;action ! [\/vc_column_text][vc_empty_space][vc_empty_space][vc_column_text] \u00a0Nous vous proposons diff\u00e9rentes formules, \u00e0 r\u00e9gler directement en ligne&#8230; Achetez en ligne en toute s\u00e9curit\u00e9. D\u00e8s la cr\u00e9ation de votre compte, vous pouvez r\u00e9server vos s\u00e9ances. [\/vc_column_text][vc_empty_space][\/vc_column][\/vc_row][vc_row][vc_column width=\u00a0\u00bb1\/2&Prime;][vc_column_text css=\u00a0\u00bb\u00a0\u00bb] 14 euros la s\u00e9ance [\/vc_column_text][vc_single_image image=\u00a0\u00bb12314&Prime; img_size=\u00a0\u00bbfull\u00a0\u00bb alignment=\u00a0\u00bbcenter\u00a0\u00bb][vc_btn title=\u00a0\u00bbCr\u00e9ez votre compte et<\/p>\n","protected":false},"author":3,"featured_media":0,"parent":0,"menu_order":0,"comment_status":"closed","ping_status":"closed","template":"page-templates\/full-width.php","meta":{"footnotes":""},"class_list":["post-7833","page","type-page","status-publish","hentry"],"yoast_head":"<!-- This site is optimized with the Yoast SEO plugin v27.4 - https:\/\/yoast.com\/product\/yoast-seo-wordpress\/ -->\n<title>Tarifs - INEDIT FITNESS | Chassieu<\/title>\n<meta name=\"description\" content=\"Formule avec ou sans abonnement, 2 fa\u00e7ons d&#039;\u00eatre coach\u00e9 au Studio INEDIT FITNESS...\" \/>\n<meta name=\"robots\" content=\"index, follow, max-snippet:-1, max-image-preview:large, max-video-preview:-1\" \/>\n<link rel=\"canonical\" href=\"https:\/\/ineditfitness.com\/site\/tarifs-enligne\/\" \/>\n<meta property=\"og:locale\" content=\"fr_FR\" \/>\n<meta property=\"og:type\" content=\"article\" \/>\n<meta property=\"og:title\" content=\"Tarifs - INEDIT FITNESS | Chassieu\" \/>\n<meta property=\"og:description\" content=\"Formule avec ou sans abonnement, 2 fa\u00e7ons d&#039;\u00eatre coach\u00e9 au Studio INEDIT FITNESS...\" \/>\n<meta property=\"og:url\" content=\"https:\/\/ineditfitness.com\/site\/tarifs-enligne\/\" \/>\n<meta property=\"og:site_name\" content=\"INEDIT FITNESS | Chassieu\" \/>\n<meta property=\"article:modified_time\" content=\"2025-01-06T05:36:13+00:00\" \/>\n<meta name=\"twitter:label1\" content=\"Dur\u00e9e de lecture estim\u00e9e\" \/>\n\t<meta name=\"twitter:data1\" content=\"3 minutes\" \/>\n<script type=\"application\/ld+json\" class=\"yoast-schema-graph\">{\"@context\":\"https:\\\/\\\/schema.org\",\"@graph\":[{\"@type\":\"WebPage\",\"@id\":\"https:\\\/\\\/ineditfitness.com\\\/site\\\/tarifs-enligne\\\/\",\"url\":\"https:\\\/\\\/ineditfitness.com\\\/site\\\/tarifs-enligne\\\/\",\"name\":\"Tarifs - INEDIT FITNESS | Chassieu\",\"isPartOf\":{\"@id\":\"https:\\\/\\\/ineditfitness.com\\\/site\\\/#website\"},\"datePublished\":\"2017-12-05T11:02:53+00:00\",\"dateModified\":\"2025-01-06T05:36:13+00:00\",\"description\":\"Formule avec ou sans abonnement, 2 fa\u00e7ons d'\u00eatre coach\u00e9 au Studio INEDIT FITNESS...\",\"breadcrumb\":{\"@id\":\"https:\\\/\\\/ineditfitness.com\\\/site\\\/tarifs-enligne\\\/#breadcrumb\"},\"inLanguage\":\"fr-FR\",\"potentialAction\":[{\"@type\":\"ReadAction\",\"target\":[\"https:\\\/\\\/ineditfitness.com\\\/site\\\/tarifs-enligne\\\/\"]}]},{\"@type\":\"BreadcrumbList\",\"@id\":\"https:\\\/\\\/ineditfitness.com\\\/site\\\/tarifs-enligne\\\/#breadcrumb\",\"itemListElement\":[{\"@type\":\"ListItem\",\"position\":1,\"name\":\"Accueil\",\"item\":\"https:\\\/\\\/ineditfitness.com\\\/site\\\/\"},{\"@type\":\"ListItem\",\"position\":2,\"name\":\"Tarifs\"}]},{\"@type\":\"WebSite\",\"@id\":\"https:\\\/\\\/ineditfitness.com\\\/site\\\/#website\",\"url\":\"https:\\\/\\\/ineditfitness.com\\\/site\\\/\",\"name\":\"INEDIT FITNESS | Chassieu\",\"description\":\"Vous \u00eates unique, notre coaching aussi - Salle de Sport - Fitness - Stretching - Pilates - Training - Cardio - Marche Nordique - Coaching Individuel - Small groupe\",\"publisher\":{\"@id\":\"https:\\\/\\\/ineditfitness.com\\\/site\\\/#organization\"},\"potentialAction\":[{\"@type\":\"SearchAction\",\"target\":{\"@type\":\"EntryPoint\",\"urlTemplate\":\"https:\\\/\\\/ineditfitness.com\\\/site\\\/?s={search_term_string}\"},\"query-input\":{\"@type\":\"PropertyValueSpecification\",\"valueRequired\":true,\"valueName\":\"search_term_string\"}}],\"inLanguage\":\"fr-FR\"},{\"@type\":\"Organization\",\"@id\":\"https:\\\/\\\/ineditfitness.com\\\/site\\\/#organization\",\"name\":\"INEDIT FITNESS\",\"url\":\"https:\\\/\\\/ineditfitness.com\\\/site\\\/\",\"logo\":{\"@type\":\"ImageObject\",\"inLanguage\":\"fr-FR\",\"@id\":\"https:\\\/\\\/ineditfitness.com\\\/site\\\/#\\\/schema\\\/logo\\\/image\\\/\",\"url\":\"https:\\\/\\\/ineditfitness.com\\\/site\\\/wp-content\\\/uploads\\\/2014\\\/12\\\/studio_inedit_fitness_logo_site.png\",\"contentUrl\":\"https:\\\/\\\/ineditfitness.com\\\/site\\\/wp-content\\\/uploads\\\/2014\\\/12\\\/studio_inedit_fitness_logo_site.png\",\"width\":600,\"height\":210,\"caption\":\"INEDIT FITNESS\"},\"image\":{\"@id\":\"https:\\\/\\\/ineditfitness.com\\\/site\\\/#\\\/schema\\\/logo\\\/image\\\/\"}}]}<\/script>\n<!-- \/ Yoast SEO plugin. -->","yoast_head_json":{"title":"Tarifs - INEDIT FITNESS | Chassieu","description":"Formule avec ou sans abonnement, 2 fa\u00e7ons d'\u00eatre coach\u00e9 au Studio INEDIT FITNESS...","robots":{"index":"index","follow":"follow","max-snippet":"max-snippet:-1","max-image-preview":"max-image-preview:large","max-video-preview":"max-video-preview:-1"},"canonical":"https:\/\/ineditfitness.com\/site\/tarifs-enligne\/","og_locale":"fr_FR","og_type":"article","og_title":"Tarifs - INEDIT FITNESS | Chassieu","og_description":"Formule avec ou sans abonnement, 2 fa\u00e7ons d'\u00eatre coach\u00e9 au Studio INEDIT FITNESS...","og_url":"https:\/\/ineditfitness.com\/site\/tarifs-enligne\/","og_site_name":"INEDIT FITNESS | Chassieu","article_modified_time":"2025-01-06T05:36:13+00:00","twitter_misc":{"Dur\u00e9e de lecture estim\u00e9e":"3 minutes"},"schema":{"@context":"https:\/\/schema.org","@graph":[{"@type":"WebPage","@id":"https:\/\/ineditfitness.com\/site\/tarifs-enligne\/","url":"https:\/\/ineditfitness.com\/site\/tarifs-enligne\/","name":"Tarifs - INEDIT FITNESS | Chassieu","isPartOf":{"@id":"https:\/\/ineditfitness.com\/site\/#website"},"datePublished":"2017-12-05T11:02:53+00:00","dateModified":"2025-01-06T05:36:13+00:00","description":"Formule avec ou sans abonnement, 2 fa\u00e7ons d'\u00eatre coach\u00e9 au Studio INEDIT FITNESS...","breadcrumb":{"@id":"https:\/\/ineditfitness.com\/site\/tarifs-enligne\/#breadcrumb"},"inLanguage":"fr-FR","potentialAction":[{"@type":"ReadAction","target":["https:\/\/ineditfitness.com\/site\/tarifs-enligne\/"]}]},{"@type":"BreadcrumbList","@id":"https:\/\/ineditfitness.com\/site\/tarifs-enligne\/#breadcrumb","itemListElement":[{"@type":"ListItem","position":1,"name":"Accueil","item":"https:\/\/ineditfitness.com\/site\/"},{"@type":"ListItem","position":2,"name":"Tarifs"}]},{"@type":"WebSite","@id":"https:\/\/ineditfitness.com\/site\/#website","url":"https:\/\/ineditfitness.com\/site\/","name":"INEDIT FITNESS | Chassieu","description":"Vous \u00eates unique, notre coaching aussi - Salle de Sport - Fitness - Stretching - Pilates - Training - Cardio - Marche Nordique - Coaching Individuel - Small groupe","publisher":{"@id":"https:\/\/ineditfitness.com\/site\/#organization"},"potentialAction":[{"@type":"SearchAction","target":{"@type":"EntryPoint","urlTemplate":"https:\/\/ineditfitness.com\/site\/?s={search_term_string}"},"query-input":{"@type":"PropertyValueSpecification","valueRequired":true,"valueName":"search_term_string"}}],"inLanguage":"fr-FR"},{"@type":"Organization","@id":"https:\/\/ineditfitness.com\/site\/#organization","name":"INEDIT FITNESS","url":"https:\/\/ineditfitness.com\/site\/","logo":{"@type":"ImageObject","inLanguage":"fr-FR","@id":"https:\/\/ineditfitness.com\/site\/#\/schema\/logo\/image\/","url":"https:\/\/ineditfitness.com\/site\/wp-content\/uploads\/2014\/12\/studio_inedit_fitness_logo_site.png","contentUrl":"https:\/\/ineditfitness.com\/site\/wp-content\/uploads\/2014\/12\/studio_inedit_fitness_logo_site.png","width":600,"height":210,"caption":"INEDIT FITNESS"},"image":{"@id":"https:\/\/ineditfitness.com\/site\/#\/schema\/logo\/image\/"}}]}},"_links":{"self":[{"href":"https:\/\/ineditfitness.com\/site\/wp-json\/wp\/v2\/pages\/7833","targetHints":{"allow":["GET"]}}],"collection":[{"href":"https:\/\/ineditfitness.com\/site\/wp-json\/wp\/v2\/pages"}],"about":[{"href":"https:\/\/ineditfitness.com\/site\/wp-json\/wp\/v2\/types\/page"}],"author":[{"embeddable":true,"href":"https:\/\/ineditfitness.com\/site\/wp-json\/wp\/v2\/users\/3"}],"replies":[{"embeddable":true,"href":"https:\/\/ineditfitness.com\/site\/wp-json\/wp\/v2\/comments?post=7833"}],"version-history":[{"count":2,"href":"https:\/\/ineditfitness.com\/site\/wp-json\/wp\/v2\/pages\/7833\/revisions"}],"predecessor-version":[{"id":13811,"href":"https:\/\/ineditfitness.com\/site\/wp-json\/wp\/v2\/pages\/7833\/revisions\/13811"}],"wp:attachment":[{"href":"https:\/\/ineditfitness.com\/site\/wp-json\/wp\/v2\/media?parent=7833"}],"curies":[{"name":"wp","href":"https:\/\/api.w.org\/{rel}","templated":true}]}}