{"id":6944,"date":"2017-04-15T14:38:04","date_gmt":"2017-04-15T12:38:04","guid":{"rendered":"http:\/\/ineditfitness.com\/site\/?page_id=6944"},"modified":"2020-09-03T23:12:34","modified_gmt":"2020-09-03T21:12:34","slug":"seance-decouverte","status":"publish","type":"page","link":"https:\/\/ineditfitness.com\/site\/seance-decouverte\/","title":{"rendered":"S\u00e9ance d\u00e9couverte"},"content":{"rendered":"<div class=\"wpb-content-wrapper\"><p>[vc_row][vc_column][vc_column_text]<\/p>\n<h1 style=\"text-align: center;\"><span style=\"font-size: 24pt;\">Venez d\u00e9couvrir notre concept !<\/span><\/h1>\n<h1 style=\"text-align: center;\"><span style=\"font-size: 24pt;\">Echanger, \u00eatre conseill\u00e9 gr\u00e2ce \u00e0 une s\u00e9ance d\u00e9couverte<\/span><\/h1>\n<h2 style=\"text-align: center;\"><span style=\"font-size: 18pt;\">Comment proc\u00e9der ?<\/span><\/h2>\n<p>[\/vc_column_text][vc_empty_space][\/vc_column][\/vc_row][vc_row][vc_column][vc_column_text]1 &#8211; Cliquez sur l&rsquo;onglet \u00ab\u00a0r\u00e9servation\u00a0\u00bb du site internet et remplissez vos coordonn\u00e9es<\/p>\n<p>2 &#8211; Pour vous connectez \u00e0 votre compte, rentrez votre identifiant et mot de passe re\u00e7u par mail<\/p>\n<p>3 &#8211; Une fois connect\u00e9 \u00e0 votre compte cliquez sur l&rsquo;onglet \u00ab\u00a0boutique en ligne\u00a0\u00bb, r\u00e9glez votre s\u00e9ance d\u00e9couverte en CB ou par pr\u00e9l\u00e8vement<\/p>\n<p>4 &#8211; Cliquez sur l&rsquo;onglet \u00ab\u00a0planning\u00a0\u00bb pour r\u00e9server la s\u00e9ance de votre choix[\/vc_column_text][vc_empty_space][vc_column_text]<\/p>\n<p style=\"text-align: center;\"><span style=\"font-size: 14pt;\">Besoin de conseils personnalis\u00e9s ? <a href=\"https:\/\/ineditfitness.com\/site\/besoin-de-conseils\/\" target=\"_blank\" rel=\"noopener noreferrer\">Cliquez ici<\/a><\/span><\/p>\n<p>[\/vc_column_text][vc_empty_space][\/vc_column][\/vc_row][vc_row][vc_column][vc_column_text]<\/p>\n<h2 style=\"text-align: center;\">A tr\u00e8s vite !<\/h2>\n<p>[\/vc_column_text][\/vc_column][\/vc_row]<\/p>\n<\/div>","protected":false},"excerpt":{"rendered":"<p>[vc_row][vc_column][vc_column_text] Venez d\u00e9couvrir notre concept ! Echanger, \u00eatre conseill\u00e9 gr\u00e2ce \u00e0 une s\u00e9ance d\u00e9couverte Comment proc\u00e9der ? [\/vc_column_text][vc_empty_space][\/vc_column][\/vc_row][vc_row][vc_column][vc_column_text]1 &#8211; Cliquez sur l&rsquo;onglet \u00ab\u00a0r\u00e9servation\u00a0\u00bb du site internet et remplissez vos coordonn\u00e9es 2 &#8211; Pour vous connectez \u00e0 votre compte, rentrez votre identifiant et mot de passe re\u00e7u par mail 3 &#8211; Une fois connect\u00e9 \u00e0 votre<\/p>\n","protected":false},"author":3,"featured_media":0,"parent":0,"menu_order":0,"comment_status":"closed","ping_status":"closed","template":"page-templates\/full-width.php","meta":{"footnotes":""},"class_list":["post-6944","page","type-page","status-publish","hentry"],"yoast_head":"<!-- This site is optimized with the Yoast SEO plugin v27.4 - https:\/\/yoast.com\/product\/yoast-seo-wordpress\/ -->\n<title>S\u00e9ance d\u00e9couverte - INEDIT FITNESS | Chassieu<\/title>\n<meta name=\"robots\" content=\"index, follow, max-snippet:-1, max-image-preview:large, max-video-preview:-1\" \/>\n<link rel=\"canonical\" href=\"https:\/\/ineditfitness.com\/site\/seance-decouverte\/\" \/>\n<meta property=\"og:locale\" content=\"fr_FR\" \/>\n<meta property=\"og:type\" content=\"article\" \/>\n<meta property=\"og:title\" content=\"S\u00e9ance d\u00e9couverte - INEDIT FITNESS | Chassieu\" \/>\n<meta property=\"og:description\" content=\"[vc_row][vc_column][vc_column_text] Venez d\u00e9couvrir notre concept ! Echanger, \u00eatre conseill\u00e9 gr\u00e2ce \u00e0 une s\u00e9ance d\u00e9couverte Comment proc\u00e9der ? [\/vc_column_text][vc_empty_space][\/vc_column][\/vc_row][vc_row][vc_column][vc_column_text]1 &#8211; Cliquez sur l&rsquo;onglet \u00ab\u00a0r\u00e9servation\u00a0\u00bb du site internet et remplissez vos coordonn\u00e9es 2 &#8211; Pour vous connectez \u00e0 votre compte, rentrez votre identifiant et mot de passe re\u00e7u par mail 3 &#8211; Une fois connect\u00e9 \u00e0 votre\" \/>\n<meta property=\"og:url\" content=\"https:\/\/ineditfitness.com\/site\/seance-decouverte\/\" \/>\n<meta property=\"og:site_name\" content=\"INEDIT FITNESS | Chassieu\" \/>\n<meta property=\"article:modified_time\" content=\"2020-09-03T21:12:34+00:00\" \/>\n<meta property=\"og:image\" content=\"https:\/\/ineditfitness.com\/site\/wp-content\/uploads\/2017\/04\/Studio-INEDIT-FITNESS-Facebook.png\" \/>\n\t<meta property=\"og:image:width\" content=\"800\" \/>\n\t<meta property=\"og:image:height\" content=\"800\" \/>\n\t<meta property=\"og:image:type\" content=\"image\/png\" \/>\n<meta name=\"twitter:label1\" content=\"Dur\u00e9e de lecture estim\u00e9e\" \/>\n\t<meta name=\"twitter:data1\" content=\"1 minute\" \/>\n<script type=\"application\/ld+json\" class=\"yoast-schema-graph\">{\"@context\":\"https:\\\/\\\/schema.org\",\"@graph\":[{\"@type\":\"WebPage\",\"@id\":\"https:\\\/\\\/ineditfitness.com\\\/site\\\/seance-decouverte\\\/\",\"url\":\"https:\\\/\\\/ineditfitness.com\\\/site\\\/seance-decouverte\\\/\",\"name\":\"S\u00e9ance d\u00e9couverte - INEDIT FITNESS | Chassieu\",\"isPartOf\":{\"@id\":\"https:\\\/\\\/ineditfitness.com\\\/site\\\/#website\"},\"datePublished\":\"2017-04-15T12:38:04+00:00\",\"dateModified\":\"2020-09-03T21:12:34+00:00\",\"breadcrumb\":{\"@id\":\"https:\\\/\\\/ineditfitness.com\\\/site\\\/seance-decouverte\\\/#breadcrumb\"},\"inLanguage\":\"fr-FR\",\"potentialAction\":[{\"@type\":\"ReadAction\",\"target\":[\"https:\\\/\\\/ineditfitness.com\\\/site\\\/seance-decouverte\\\/\"]}]},{\"@type\":\"BreadcrumbList\",\"@id\":\"https:\\\/\\\/ineditfitness.com\\\/site\\\/seance-decouverte\\\/#breadcrumb\",\"itemListElement\":[{\"@type\":\"ListItem\",\"position\":1,\"name\":\"Accueil\",\"item\":\"https:\\\/\\\/ineditfitness.com\\\/site\\\/\"},{\"@type\":\"ListItem\",\"position\":2,\"name\":\"S\u00e9ance d\u00e9couverte\"}]},{\"@type\":\"WebSite\",\"@id\":\"https:\\\/\\\/ineditfitness.com\\\/site\\\/#website\",\"url\":\"https:\\\/\\\/ineditfitness.com\\\/site\\\/\",\"name\":\"INEDIT FITNESS | Chassieu\",\"description\":\"Vous \u00eates unique, notre coaching aussi - Salle de Sport - Fitness - Stretching - Pilates - Training - Cardio - Marche Nordique - Coaching Individuel - Small groupe\",\"publisher\":{\"@id\":\"https:\\\/\\\/ineditfitness.com\\\/site\\\/#organization\"},\"potentialAction\":[{\"@type\":\"SearchAction\",\"target\":{\"@type\":\"EntryPoint\",\"urlTemplate\":\"https:\\\/\\\/ineditfitness.com\\\/site\\\/?s={search_term_string}\"},\"query-input\":{\"@type\":\"PropertyValueSpecification\",\"valueRequired\":true,\"valueName\":\"search_term_string\"}}],\"inLanguage\":\"fr-FR\"},{\"@type\":\"Organization\",\"@id\":\"https:\\\/\\\/ineditfitness.com\\\/site\\\/#organization\",\"name\":\"INEDIT FITNESS\",\"url\":\"https:\\\/\\\/ineditfitness.com\\\/site\\\/\",\"logo\":{\"@type\":\"ImageObject\",\"inLanguage\":\"fr-FR\",\"@id\":\"https:\\\/\\\/ineditfitness.com\\\/site\\\/#\\\/schema\\\/logo\\\/image\\\/\",\"url\":\"https:\\\/\\\/ineditfitness.com\\\/site\\\/wp-content\\\/uploads\\\/2014\\\/12\\\/studio_inedit_fitness_logo_site.png\",\"contentUrl\":\"https:\\\/\\\/ineditfitness.com\\\/site\\\/wp-content\\\/uploads\\\/2014\\\/12\\\/studio_inedit_fitness_logo_site.png\",\"width\":600,\"height\":210,\"caption\":\"INEDIT FITNESS\"},\"image\":{\"@id\":\"https:\\\/\\\/ineditfitness.com\\\/site\\\/#\\\/schema\\\/logo\\\/image\\\/\"}}]}<\/script>\n<!-- \/ Yoast SEO plugin. -->","yoast_head_json":{"title":"S\u00e9ance d\u00e9couverte - INEDIT FITNESS | Chassieu","robots":{"index":"index","follow":"follow","max-snippet":"max-snippet:-1","max-image-preview":"max-image-preview:large","max-video-preview":"max-video-preview:-1"},"canonical":"https:\/\/ineditfitness.com\/site\/seance-decouverte\/","og_locale":"fr_FR","og_type":"article","og_title":"S\u00e9ance d\u00e9couverte - INEDIT FITNESS | Chassieu","og_description":"[vc_row][vc_column][vc_column_text] Venez d\u00e9couvrir notre concept ! Echanger, \u00eatre conseill\u00e9 gr\u00e2ce \u00e0 une s\u00e9ance d\u00e9couverte Comment proc\u00e9der ? [\/vc_column_text][vc_empty_space][\/vc_column][\/vc_row][vc_row][vc_column][vc_column_text]1 &#8211; Cliquez sur l&rsquo;onglet \u00ab\u00a0r\u00e9servation\u00a0\u00bb du site internet et remplissez vos coordonn\u00e9es 2 &#8211; Pour vous connectez \u00e0 votre compte, rentrez votre identifiant et mot de passe re\u00e7u par mail 3 &#8211; Une fois connect\u00e9 \u00e0 votre","og_url":"https:\/\/ineditfitness.com\/site\/seance-decouverte\/","og_site_name":"INEDIT FITNESS | Chassieu","article_modified_time":"2020-09-03T21:12:34+00:00","og_image":[{"width":800,"height":800,"url":"https:\/\/ineditfitness.com\/site\/wp-content\/uploads\/2017\/04\/Studio-INEDIT-FITNESS-Facebook.png","type":"image\/png"}],"twitter_misc":{"Dur\u00e9e de lecture estim\u00e9e":"1 minute"},"schema":{"@context":"https:\/\/schema.org","@graph":[{"@type":"WebPage","@id":"https:\/\/ineditfitness.com\/site\/seance-decouverte\/","url":"https:\/\/ineditfitness.com\/site\/seance-decouverte\/","name":"S\u00e9ance d\u00e9couverte - INEDIT FITNESS | Chassieu","isPartOf":{"@id":"https:\/\/ineditfitness.com\/site\/#website"},"datePublished":"2017-04-15T12:38:04+00:00","dateModified":"2020-09-03T21:12:34+00:00","breadcrumb":{"@id":"https:\/\/ineditfitness.com\/site\/seance-decouverte\/#breadcrumb"},"inLanguage":"fr-FR","potentialAction":[{"@type":"ReadAction","target":["https:\/\/ineditfitness.com\/site\/seance-decouverte\/"]}]},{"@type":"BreadcrumbList","@id":"https:\/\/ineditfitness.com\/site\/seance-decouverte\/#breadcrumb","itemListElement":[{"@type":"ListItem","position":1,"name":"Accueil","item":"https:\/\/ineditfitness.com\/site\/"},{"@type":"ListItem","position":2,"name":"S\u00e9ance d\u00e9couverte"}]},{"@type":"WebSite","@id":"https:\/\/ineditfitness.com\/site\/#website","url":"https:\/\/ineditfitness.com\/site\/","name":"INEDIT FITNESS | Chassieu","description":"Vous \u00eates unique, notre coaching aussi - Salle de Sport - Fitness - Stretching - Pilates - Training - Cardio - Marche Nordique - Coaching Individuel - Small groupe","publisher":{"@id":"https:\/\/ineditfitness.com\/site\/#organization"},"potentialAction":[{"@type":"SearchAction","target":{"@type":"EntryPoint","urlTemplate":"https:\/\/ineditfitness.com\/site\/?s={search_term_string}"},"query-input":{"@type":"PropertyValueSpecification","valueRequired":true,"valueName":"search_term_string"}}],"inLanguage":"fr-FR"},{"@type":"Organization","@id":"https:\/\/ineditfitness.com\/site\/#organization","name":"INEDIT FITNESS","url":"https:\/\/ineditfitness.com\/site\/","logo":{"@type":"ImageObject","inLanguage":"fr-FR","@id":"https:\/\/ineditfitness.com\/site\/#\/schema\/logo\/image\/","url":"https:\/\/ineditfitness.com\/site\/wp-content\/uploads\/2014\/12\/studio_inedit_fitness_logo_site.png","contentUrl":"https:\/\/ineditfitness.com\/site\/wp-content\/uploads\/2014\/12\/studio_inedit_fitness_logo_site.png","width":600,"height":210,"caption":"INEDIT FITNESS"},"image":{"@id":"https:\/\/ineditfitness.com\/site\/#\/schema\/logo\/image\/"}}]}},"_links":{"self":[{"href":"https:\/\/ineditfitness.com\/site\/wp-json\/wp\/v2\/pages\/6944","targetHints":{"allow":["GET"]}}],"collection":[{"href":"https:\/\/ineditfitness.com\/site\/wp-json\/wp\/v2\/pages"}],"about":[{"href":"https:\/\/ineditfitness.com\/site\/wp-json\/wp\/v2\/types\/page"}],"author":[{"embeddable":true,"href":"https:\/\/ineditfitness.com\/site\/wp-json\/wp\/v2\/users\/3"}],"replies":[{"embeddable":true,"href":"https:\/\/ineditfitness.com\/site\/wp-json\/wp\/v2\/comments?post=6944"}],"version-history":[{"count":0,"href":"https:\/\/ineditfitness.com\/site\/wp-json\/wp\/v2\/pages\/6944\/revisions"}],"wp:attachment":[{"href":"https:\/\/ineditfitness.com\/site\/wp-json\/wp\/v2\/media?parent=6944"}],"curies":[{"name":"wp","href":"https:\/\/api.w.org\/{rel}","templated":true}]}}