{"id":6425,"date":"2016-05-12T13:10:31","date_gmt":"2016-05-12T11:10:31","guid":{"rendered":"http:\/\/ineditfitness.com\/site\/?page_id=6425"},"modified":"2020-01-09T21:46:53","modified_gmt":"2020-01-09T20:46:53","slug":"beneficiez-davantages","status":"publish","type":"page","link":"https:\/\/ineditfitness.com\/site\/beneficiez-davantages\/","title":{"rendered":"B\u00e9n\u00e9ficiez d&rsquo;avantages"},"content":{"rendered":"<div class=\"wpb-content-wrapper\"><p>[vc_row][vc_column][vc_column_text]<\/p>\n<h1 style=\"text-align: center;\"><span style=\"font-size: 24pt; color: #000000;\">MEMBRE DU Studio INEDIT FITNESS<\/span><\/h1>\n<p>[\/vc_column_text][\/vc_column][\/vc_row][vc_row][vc_column][vc_column_text]<\/p>\n<h2 style=\"text-align: center;\"><\/h2>\n<h4 style=\"text-align: center;\"><span style=\"font-size: 14pt; color: #ff0000;\">B\u00e9n\u00e9ficiez de r\u00e9duction chez nos diff\u00e9rents partenaires, sur pr\u00e9sentation de votre carte de membre*<\/span><\/h4>\n<p style=\"text-align: center;\">*date de validit\u00e9 \u00e0 jour<\/p>\n<p>[\/vc_column_text][vc_single_image image=\u00a0\u00bb7924&Prime;][\/vc_column][\/vc_row][vc_row][vc_column width=\u00a0\u00bb1\/4&Prime;][vc_single_image image=\u00a0\u00bb8869&Prime; img_size=\u00a0\u00bbmedium\u00a0\u00bb alignment=\u00a0\u00bbcenter\u00a0\u00bb onclick=\u00a0\u00bbimg_link_large\u00a0\u00bb][\/vc_column][vc_column width=\u00a0\u00bb1\/2&Prime;][vc_column_text]<\/p>\n<h1 style=\"text-align: center;\"><span style=\"color: #ff0000; font-size: 24pt;\">SPA BY CARITA<\/span><\/h1>\n<p>[\/vc_column_text][vc_column_text]<\/p>\n<h4 style=\"text-align: center;\">B\u00e9n\u00e9ficiez:<\/h4>\n<p style=\"text-align: center;\">de 15% sur les soins \u00e0 la carte<\/p>\n<p style=\"text-align: center;\">hors promotions et offres sp\u00e9ciales, non cumulable avec une autre r\u00e9duction<\/p>\n<p>[\/vc_column_text][vc_single_image image=\u00a0\u00bb7924&Prime;][\/vc_column][vc_column width=\u00a0\u00bb1\/4&Prime;][vc_column_text]<\/p>\n<p style=\"text-align: center;\"><span style=\"color: #ff0000; font-size: 12pt;\">BEST WESTERN PLUS \u00e0 Chassieu<\/span><\/p>\n<p style=\"text-align: center;\">04 72 47 72 71<\/p>\n<p style=\"text-align: center;\"><a href=\"http:\/\/spa-by-carita.com\/\" target=\"_blank\" rel=\"noopener noreferrer\">site internet<\/a><\/p>\n<p>[\/vc_column_text][\/vc_column][\/vc_row][vc_row][vc_column width=\u00a0\u00bb1\/4&Prime;][vc_single_image image=\u00a0\u00bb8833&Prime; img_size=\u00a0\u00bbmedium\u00a0\u00bb alignment=\u00a0\u00bbcenter\u00a0\u00bb][\/vc_column][vc_column width=\u00a0\u00bb1\/2&Prime;][vc_column_text]<\/p>\n<h1 style=\"text-align: center;\"><span style=\"color: #ff0000; font-size: 24pt;\">DIETETICIENNE<\/span><\/h1>\n<p>[\/vc_column_text][vc_column_text]<\/p>\n<h4 style=\"text-align: center;\">B\u00e9n\u00e9ficiez:<\/h4>\n<p style=\"text-align: center;\">de 10% de r\u00e9duction sur ces prestations<\/p>\n<p>[\/vc_column_text][vc_single_image image=\u00a0\u00bb7924&Prime;][\/vc_column][vc_column width=\u00a0\u00bb1\/4&Prime;][vc_column_text]<\/p>\n<p style=\"text-align: center;\"><span style=\"font-size: 12pt; color: #ff0000;\">D\u00e9borah NAMAN \u00e0 Meyzieu<\/span><\/p>\n<p style=\"text-align: center;\">06 12 44 49 96<\/p>\n<p style=\"text-align: center;\">contact@votre-dieteticienne.com<\/p>\n<p style=\"text-align: center;\"><a href=\"http:\/\/votre-dieteticienne.com\/\" target=\"_blank\" rel=\"noopener noreferrer\">site internet<\/a><\/p>\n<p>[\/vc_column_text][\/vc_column][\/vc_row][vc_row][vc_column width=\u00a0\u00bb1\/4&Prime;][vc_single_image image=\u00a0\u00bb8870&Prime; img_size=\u00a0\u00bbmedium\u00a0\u00bb alignment=\u00a0\u00bbcenter\u00a0\u00bb][\/vc_column][vc_column width=\u00a0\u00bb1\/2&Prime;][vc_column_text]<\/p>\n<h1 style=\"text-align: center;\"><span style=\"color: #ff0000; font-size: 24pt;\">SOCIETE D&rsquo;ANIMATION<\/span><\/h1>\n<p>[\/vc_column_text][vc_column_text]<\/p>\n<h4 style=\"text-align: center;\">B\u00e9n\u00e9ficiez:<\/h4>\n<p style=\"text-align: center;\">de 10% sur ces prestations (anniversaires, mariages&#8230;)<\/p>\n<p>[\/vc_column_text][vc_single_image image=\u00a0\u00bb7924&Prime;][\/vc_column][vc_column width=\u00a0\u00bb1\/4&Prime;][vc_column_text]<\/p>\n<p style=\"text-align: center;\"><span style=\"font-size: 12pt; color: #ff0000;\">HAPPY SPORT<\/span><\/p>\n<p style=\"text-align: center;\">06 86 84 69 87<\/p>\n<p style=\"text-align: center;\">contact@happysport.fr<\/p>\n<p style=\"text-align: center;\"><a href=\"http:\/\/happysport.fr\/\" target=\"_blank\" rel=\"noopener noreferrer\">site internet<\/a><\/p>\n<p>[\/vc_column_text][\/vc_column][\/vc_row][vc_row][vc_column width=\u00a0\u00bb1\/4&Prime;][vc_single_image image=\u00a0\u00bb8871&Prime; img_size=\u00a0\u00bbmedium\u00a0\u00bb alignment=\u00a0\u00bbcenter\u00a0\u00bb][\/vc_column][vc_column width=\u00a0\u00bb1\/2&Prime;][vc_column_text]<\/p>\n<h1 style=\"text-align: center;\"><span style=\"color: #ff0000; font-size: 24pt;\">INSTITUT DE BEAUTE<\/span><\/h1>\n<p>[\/vc_column_text][vc_column_text]<\/p>\n<h4 style=\"text-align: center;\">B\u00e9n\u00e9ficiez:<\/h4>\n<p style=\"text-align: center;\">de 10% de r\u00e9duction sur les produits amincissants<\/p>\n<p>[\/vc_column_text][vc_single_image image=\u00a0\u00bb7924&Prime;][\/vc_column][vc_column width=\u00a0\u00bb1\/4&Prime;][vc_column_text]<\/p>\n<p style=\"text-align: center;\"><span style=\"font-size: 12pt; color: #ff0000;\">EAU NATUR&rsquo;ELLE \u00e0 Chassieu<\/span><\/p>\n<p style=\"text-align: center;\">04 69 67 39 37<\/p>\n<p style=\"text-align: center;\"><a href=\"http:\/\/www.institut-eaunaturelle.fr\/\" target=\"_blank\" rel=\"noopener noreferrer\">site internet<\/a><\/p>\n<p>[\/vc_column_text][\/vc_column][\/vc_row][vc_row][vc_column width=\u00a0\u00bb1\/4&Prime;][vc_single_image image=\u00a0\u00bb8832&Prime; img_size=\u00a0\u00bbmedium\u00a0\u00bb alignment=\u00a0\u00bbcenter\u00a0\u00bb][\/vc_column][vc_column width=\u00a0\u00bb1\/2&Prime;][vc_column_text]<\/p>\n<h1 style=\"text-align: center;\"><span style=\"color: #ff0000; font-size: 24pt;\">PHOTOGRAPHE<\/span><\/h1>\n<p>[\/vc_column_text][vc_column_text]<\/p>\n<h4 style=\"text-align: center;\">B\u00e9n\u00e9ficiez:<\/h4>\n<ul>\n<li style=\"text-align: center;\">d&rsquo;un agrandissement offert (20*30) pour un shooting ou portrait<\/li>\n<li style=\"text-align: center;\">de 30 euros de remise sur un mariage ou bapt\u00eame<\/li>\n<\/ul>\n<p>[\/vc_column_text][vc_single_image image=\u00a0\u00bb7924&Prime;][\/vc_column][vc_column width=\u00a0\u00bb1\/4&Prime;][vc_column_text]<\/p>\n<p style=\"text-align: center;\"><span style=\"font-size: 12pt; color: #ff0000;\">Olivia BLANCHIN<\/span><\/p>\n<p style=\"text-align: center;\">06.03.60.21.86<\/p>\n<p style=\"text-align: center;\">blanchin.olivia@gmail.com<\/p>\n<p style=\"text-align: center;\"><a href=\"http:\/\/oliviablanchin.com\/\" target=\"_blank\" rel=\"noopener noreferrer\">site internet<\/a><\/p>\n<p>[\/vc_column_text][\/vc_column][\/vc_row][vc_row][vc_column width=\u00a0\u00bb1\/4&Prime;][vc_single_image image=\u00a0\u00bb8831&Prime; img_size=\u00a0\u00bbmedium\u00a0\u00bb alignment=\u00a0\u00bbcenter\u00a0\u00bb][\/vc_column][vc_column width=\u00a0\u00bb1\/2&Prime;][vc_column_text]<\/p>\n<h1 style=\"text-align: center;\"><span style=\"color: #ff0000; font-size: 24pt;\">SHIATSU ASSIS<\/span><\/h1>\n<p>[\/vc_column_text][vc_column_text]<\/p>\n<h4 style=\"text-align: center;\">B\u00e9n\u00e9ficiez:<\/h4>\n<p style=\"text-align: center;\">d&rsquo;une PAUSE d\u00e9tente SHIATSU, le mardi entre 12h et 13h30 au Studio<\/p>\n<p style=\"text-align: center;\">15 min de massage assis au tarif de 12 euros au lieu 20 euros<\/p>\n<p>[\/vc_column_text][vc_single_image image=\u00a0\u00bb7924&Prime;][\/vc_column][vc_column width=\u00a0\u00bb1\/4&Prime;][vc_column_text]<\/p>\n<p style=\"text-align: center;\"><span style=\"font-size: 12pt; color: #ff0000;\">PATRICE FLORIAN<\/span><\/p>\n<p style=\"text-align: center;\">06 63 01 11 88<\/p>\n<p>[\/vc_column_text][\/vc_column][\/vc_row][vc_row][vc_column width=\u00a0\u00bb1\/4&Prime;][vc_single_image image=\u00a0\u00bb8874&Prime; img_size=\u00a0\u00bbmedium\u00a0\u00bb alignment=\u00a0\u00bbcenter\u00a0\u00bb][\/vc_column][vc_column width=\u00a0\u00bb1\/2&Prime;][vc_column_text]<\/p>\n<h1 style=\"text-align: center;\"><span style=\"color: #ff0000; font-size: 24pt;\">OPTICIEN<\/span><\/h1>\n<p>[\/vc_column_text][vc_column_text]<\/p>\n<h4 style=\"text-align: center;\">B\u00e9n\u00e9ficiez:<\/h4>\n<ul>\n<li>gracieusement du suppl\u00e9ment contre la lumi\u00e8re bleue (1\u00e8re ou 2\u00e8me paire)<\/li>\n<li>\u00a0un kit d&rsquo;entretien pour l&rsquo;achat d&rsquo;un \u00e9quipement optique correcteur.<\/li>\n<\/ul>\n<p>[\/vc_column_text][vc_single_image image=\u00a0\u00bb7924&Prime;][\/vc_column][vc_column width=\u00a0\u00bb1\/4&Prime;][vc_column_text]<\/p>\n<p style=\"text-align: center;\"><span style=\"font-size: 12pt; color: #ff0000;\">OPTIQUE MAURICE \u00e0 Chassieu<\/span><\/p>\n<p style=\"text-align: center;\">04 72 90 19 23<\/p>\n<p style=\"text-align: center;\">optiquemaurice@gmail.com<\/p>\n<p style=\"text-align: center;\"><a href=\"https:\/\/optiquemaurice.fr\/\" target=\"_blank\" rel=\"noopener noreferrer\">site internet<\/a><\/p>\n<p>[\/vc_column_text][\/vc_column][\/vc_row][vc_row][vc_column width=\u00a0\u00bb1\/4&Prime;][vc_single_image image=\u00a0\u00bb9232&Prime; img_size=\u00a0\u00bbmedium\u00a0\u00bb alignment=\u00a0\u00bbcenter\u00a0\u00bb][\/vc_column][vc_column width=\u00a0\u00bb1\/2&Prime;][vc_column_text]<\/p>\n<h1 style=\"text-align: center;\"><span style=\"color: #ff0000; font-size: 24pt;\">NATUROPATHIE<\/span><\/h1>\n<p>[\/vc_column_text][vc_column_text]<\/p>\n<h4 style=\"text-align: center;\">B\u00e9n\u00e9ficiez:<\/h4>\n<p style=\"text-align: center;\">-15% de r\u00e9duction sur la consultation<\/p>\n<p>[\/vc_column_text][vc_single_image image=\u00a0\u00bb7924&Prime;][\/vc_column][vc_column width=\u00a0\u00bb1\/4&Prime;][vc_column_text]<\/p>\n<p style=\"text-align: center;\"><span style=\"font-size: 12pt; color: #ff0000;\">FORMALIM<\/span><\/p>\n<p style=\"text-align: center;\">06 65 38 50 61<\/p>\n<p style=\"text-align: center;\">contact.formalim@gmail.com<\/p>\n<p style=\"text-align: center;\"><a href=\"https:\/\/optiquemaurice.fr\/\" target=\"_blank\" rel=\"noopener noreferrer\">site internet<\/a><\/p>\n<p>[\/vc_column_text][\/vc_column][\/vc_row][vc_row][vc_column width=\u00a0\u00bb1\/4&Prime;][\/vc_column][vc_column width=\u00a0\u00bb1\/2&Prime;][vc_column_text]<\/p>\n<h1 style=\"text-align: center;\"><span style=\"color: #ff0000; font-size: 24pt;\">SOPHROLOGUE<\/span><\/h1>\n<p>[\/vc_column_text][vc_column_text]<\/p>\n<h4 style=\"text-align: center;\">B\u00e9n\u00e9ficiez:<\/h4>\n<p style=\"text-align: center;\">-10% de r\u00e9duction sur la s\u00e9ance<\/p>\n<p>[\/vc_column_text][vc_single_image image=\u00a0\u00bb7924&Prime;][\/vc_column][vc_column width=\u00a0\u00bb1\/4&Prime;][vc_column_text]<\/p>\n<p style=\"text-align: center;\"><span style=\"font-size: 12pt; color: #ff0000;\">Delphine PERRIN \u00e0 Chassieu<br \/>\n<\/span><\/p>\n<p style=\"text-align: center;\">06 73 01 09 25<\/p>\n<p style=\"text-align: center;\">dpsophro@gmail.com<\/p>\n<p style=\"text-align: center;\"><a href=\"https:\/\/dpsophro.com\/\" target=\"_blank\" rel=\"noopener noreferrer\">site internet<\/a><\/p>\n<p>[\/vc_column_text][\/vc_column][\/vc_row]<\/p>\n<\/div>","protected":false},"excerpt":{"rendered":"<p>[vc_row][vc_column][vc_column_text] MEMBRE DU Studio INEDIT FITNESS [\/vc_column_text][\/vc_column][\/vc_row][vc_row][vc_column][vc_column_text] B\u00e9n\u00e9ficiez de r\u00e9duction chez nos diff\u00e9rents partenaires, sur pr\u00e9sentation de votre carte de membre* *date de validit\u00e9 \u00e0 jour [\/vc_column_text][vc_single_image image=\u00a0\u00bb7924&Prime;][\/vc_column][\/vc_row][vc_row][vc_column width=\u00a0\u00bb1\/4&Prime;][vc_single_image image=\u00a0\u00bb8869&Prime; img_size=\u00a0\u00bbmedium\u00a0\u00bb alignment=\u00a0\u00bbcenter\u00a0\u00bb onclick=\u00a0\u00bbimg_link_large\u00a0\u00bb][\/vc_column][vc_column width=\u00a0\u00bb1\/2&Prime;][vc_column_text] SPA BY CARITA [\/vc_column_text][vc_column_text] B\u00e9n\u00e9ficiez: de 15% sur les soins \u00e0 la carte hors promotions et offres sp\u00e9ciales, non cumulable avec<\/p>\n","protected":false},"author":3,"featured_media":0,"parent":0,"menu_order":0,"comment_status":"closed","ping_status":"closed","template":"page-templates\/full-width.php","meta":{"footnotes":""},"class_list":["post-6425","page","type-page","status-publish","hentry"],"yoast_head":"<!-- This site is optimized with the Yoast SEO plugin v27.5 - https:\/\/yoast.com\/product\/yoast-seo-wordpress\/ -->\n<title>B\u00e9n\u00e9ficiez d&#039;avantages - INEDIT FITNESS | Chassieu<\/title>\n<meta name=\"description\" content=\"Membre du Studio, b\u00e9n\u00e9ficiez d&#039;avantages chez nos diff\u00e9rents partenaires....\" \/>\n<meta name=\"robots\" content=\"index, follow, max-snippet:-1, max-image-preview:large, max-video-preview:-1\" \/>\n<link rel=\"canonical\" href=\"https:\/\/ineditfitness.com\/site\/beneficiez-davantages\/\" \/>\n<meta property=\"og:locale\" content=\"fr_FR\" \/>\n<meta property=\"og:type\" content=\"article\" \/>\n<meta property=\"og:title\" content=\"B\u00e9n\u00e9ficiez d&#039;avantages\" \/>\n<meta property=\"og:description\" content=\"Membre du Studio INEDIT FITNESS, b\u00e9n\u00e9ficiez d&#039;avantages chez nos diff\u00e9rents partenaires...\" \/>\n<meta property=\"og:url\" content=\"https:\/\/ineditfitness.com\/site\/beneficiez-davantages\/\" \/>\n<meta property=\"og:site_name\" content=\"INEDIT FITNESS | Chassieu\" \/>\n<meta property=\"article:modified_time\" content=\"2020-01-09T20:46:53+00:00\" \/>\n<meta name=\"twitter:label1\" content=\"Dur\u00e9e de lecture estim\u00e9e\" \/>\n\t<meta name=\"twitter:data1\" content=\"4 minutes\" \/>\n<script type=\"application\/ld+json\" class=\"yoast-schema-graph\">{\"@context\":\"https:\\\/\\\/schema.org\",\"@graph\":[{\"@type\":\"WebPage\",\"@id\":\"https:\\\/\\\/ineditfitness.com\\\/site\\\/beneficiez-davantages\\\/\",\"url\":\"https:\\\/\\\/ineditfitness.com\\\/site\\\/beneficiez-davantages\\\/\",\"name\":\"B\u00e9n\u00e9ficiez d'avantages - INEDIT FITNESS | Chassieu\",\"isPartOf\":{\"@id\":\"https:\\\/\\\/ineditfitness.com\\\/site\\\/#website\"},\"datePublished\":\"2016-05-12T11:10:31+00:00\",\"dateModified\":\"2020-01-09T20:46:53+00:00\",\"description\":\"Membre du Studio, b\u00e9n\u00e9ficiez d'avantages chez nos diff\u00e9rents partenaires....\",\"breadcrumb\":{\"@id\":\"https:\\\/\\\/ineditfitness.com\\\/site\\\/beneficiez-davantages\\\/#breadcrumb\"},\"inLanguage\":\"fr-FR\",\"potentialAction\":[{\"@type\":\"ReadAction\",\"target\":[\"https:\\\/\\\/ineditfitness.com\\\/site\\\/beneficiez-davantages\\\/\"]}]},{\"@type\":\"BreadcrumbList\",\"@id\":\"https:\\\/\\\/ineditfitness.com\\\/site\\\/beneficiez-davantages\\\/#breadcrumb\",\"itemListElement\":[{\"@type\":\"ListItem\",\"position\":1,\"name\":\"Accueil\",\"item\":\"https:\\\/\\\/ineditfitness.com\\\/site\\\/\"},{\"@type\":\"ListItem\",\"position\":2,\"name\":\"B\u00e9n\u00e9ficiez d&rsquo;avantages\"}]},{\"@type\":\"WebSite\",\"@id\":\"https:\\\/\\\/ineditfitness.com\\\/site\\\/#website\",\"url\":\"https:\\\/\\\/ineditfitness.com\\\/site\\\/\",\"name\":\"INEDIT FITNESS | Chassieu\",\"description\":\"Vous \u00eates unique, notre coaching aussi - Salle de Sport - Fitness - Stretching - Pilates - Training - Cardio - Marche Nordique - Coaching Individuel - Small groupe\",\"publisher\":{\"@id\":\"https:\\\/\\\/ineditfitness.com\\\/site\\\/#organization\"},\"potentialAction\":[{\"@type\":\"SearchAction\",\"target\":{\"@type\":\"EntryPoint\",\"urlTemplate\":\"https:\\\/\\\/ineditfitness.com\\\/site\\\/?s={search_term_string}\"},\"query-input\":{\"@type\":\"PropertyValueSpecification\",\"valueRequired\":true,\"valueName\":\"search_term_string\"}}],\"inLanguage\":\"fr-FR\"},{\"@type\":\"Organization\",\"@id\":\"https:\\\/\\\/ineditfitness.com\\\/site\\\/#organization\",\"name\":\"INEDIT FITNESS\",\"url\":\"https:\\\/\\\/ineditfitness.com\\\/site\\\/\",\"logo\":{\"@type\":\"ImageObject\",\"inLanguage\":\"fr-FR\",\"@id\":\"https:\\\/\\\/ineditfitness.com\\\/site\\\/#\\\/schema\\\/logo\\\/image\\\/\",\"url\":\"https:\\\/\\\/ineditfitness.com\\\/site\\\/wp-content\\\/uploads\\\/2014\\\/12\\\/studio_inedit_fitness_logo_site.png\",\"contentUrl\":\"https:\\\/\\\/ineditfitness.com\\\/site\\\/wp-content\\\/uploads\\\/2014\\\/12\\\/studio_inedit_fitness_logo_site.png\",\"width\":600,\"height\":210,\"caption\":\"INEDIT FITNESS\"},\"image\":{\"@id\":\"https:\\\/\\\/ineditfitness.com\\\/site\\\/#\\\/schema\\\/logo\\\/image\\\/\"}}]}<\/script>\n<!-- \/ Yoast SEO plugin. -->","yoast_head_json":{"title":"B\u00e9n\u00e9ficiez d'avantages - INEDIT FITNESS | Chassieu","description":"Membre du Studio, b\u00e9n\u00e9ficiez d'avantages chez nos diff\u00e9rents partenaires....","robots":{"index":"index","follow":"follow","max-snippet":"max-snippet:-1","max-image-preview":"max-image-preview:large","max-video-preview":"max-video-preview:-1"},"canonical":"https:\/\/ineditfitness.com\/site\/beneficiez-davantages\/","og_locale":"fr_FR","og_type":"article","og_title":"B\u00e9n\u00e9ficiez d'avantages","og_description":"Membre du Studio INEDIT FITNESS, b\u00e9n\u00e9ficiez d'avantages chez nos diff\u00e9rents partenaires...","og_url":"https:\/\/ineditfitness.com\/site\/beneficiez-davantages\/","og_site_name":"INEDIT FITNESS | Chassieu","article_modified_time":"2020-01-09T20:46:53+00:00","twitter_misc":{"Dur\u00e9e de lecture estim\u00e9e":"4 minutes"},"schema":{"@context":"https:\/\/schema.org","@graph":[{"@type":"WebPage","@id":"https:\/\/ineditfitness.com\/site\/beneficiez-davantages\/","url":"https:\/\/ineditfitness.com\/site\/beneficiez-davantages\/","name":"B\u00e9n\u00e9ficiez d'avantages - INEDIT FITNESS | Chassieu","isPartOf":{"@id":"https:\/\/ineditfitness.com\/site\/#website"},"datePublished":"2016-05-12T11:10:31+00:00","dateModified":"2020-01-09T20:46:53+00:00","description":"Membre du Studio, b\u00e9n\u00e9ficiez d'avantages chez nos diff\u00e9rents partenaires....","breadcrumb":{"@id":"https:\/\/ineditfitness.com\/site\/beneficiez-davantages\/#breadcrumb"},"inLanguage":"fr-FR","potentialAction":[{"@type":"ReadAction","target":["https:\/\/ineditfitness.com\/site\/beneficiez-davantages\/"]}]},{"@type":"BreadcrumbList","@id":"https:\/\/ineditfitness.com\/site\/beneficiez-davantages\/#breadcrumb","itemListElement":[{"@type":"ListItem","position":1,"name":"Accueil","item":"https:\/\/ineditfitness.com\/site\/"},{"@type":"ListItem","position":2,"name":"B\u00e9n\u00e9ficiez d&rsquo;avantages"}]},{"@type":"WebSite","@id":"https:\/\/ineditfitness.com\/site\/#website","url":"https:\/\/ineditfitness.com\/site\/","name":"INEDIT FITNESS | Chassieu","description":"Vous \u00eates unique, notre coaching aussi - Salle de Sport - Fitness - Stretching - Pilates - Training - Cardio - Marche Nordique - Coaching Individuel - Small groupe","publisher":{"@id":"https:\/\/ineditfitness.com\/site\/#organization"},"potentialAction":[{"@type":"SearchAction","target":{"@type":"EntryPoint","urlTemplate":"https:\/\/ineditfitness.com\/site\/?s={search_term_string}"},"query-input":{"@type":"PropertyValueSpecification","valueRequired":true,"valueName":"search_term_string"}}],"inLanguage":"fr-FR"},{"@type":"Organization","@id":"https:\/\/ineditfitness.com\/site\/#organization","name":"INEDIT FITNESS","url":"https:\/\/ineditfitness.com\/site\/","logo":{"@type":"ImageObject","inLanguage":"fr-FR","@id":"https:\/\/ineditfitness.com\/site\/#\/schema\/logo\/image\/","url":"https:\/\/ineditfitness.com\/site\/wp-content\/uploads\/2014\/12\/studio_inedit_fitness_logo_site.png","contentUrl":"https:\/\/ineditfitness.com\/site\/wp-content\/uploads\/2014\/12\/studio_inedit_fitness_logo_site.png","width":600,"height":210,"caption":"INEDIT FITNESS"},"image":{"@id":"https:\/\/ineditfitness.com\/site\/#\/schema\/logo\/image\/"}}]}},"_links":{"self":[{"href":"https:\/\/ineditfitness.com\/site\/wp-json\/wp\/v2\/pages\/6425","targetHints":{"allow":["GET"]}}],"collection":[{"href":"https:\/\/ineditfitness.com\/site\/wp-json\/wp\/v2\/pages"}],"about":[{"href":"https:\/\/ineditfitness.com\/site\/wp-json\/wp\/v2\/types\/page"}],"author":[{"embeddable":true,"href":"https:\/\/ineditfitness.com\/site\/wp-json\/wp\/v2\/users\/3"}],"replies":[{"embeddable":true,"href":"https:\/\/ineditfitness.com\/site\/wp-json\/wp\/v2\/comments?post=6425"}],"version-history":[{"count":0,"href":"https:\/\/ineditfitness.com\/site\/wp-json\/wp\/v2\/pages\/6425\/revisions"}],"wp:attachment":[{"href":"https:\/\/ineditfitness.com\/site\/wp-json\/wp\/v2\/media?parent=6425"}],"curies":[{"name":"wp","href":"https:\/\/api.w.org\/{rel}","templated":true}]}}