{"id":4750,"date":"2015-01-13T23:50:42","date_gmt":"2015-01-13T23:50:42","guid":{"rendered":"http:\/\/ineditfitness.com\/site\/?page_id=4750"},"modified":"2015-01-13T23:52:37","modified_gmt":"2015-01-13T23:52:37","slug":"cookies-et-vie-privee","status":"publish","type":"page","link":"https:\/\/ineditfitness.com\/site\/cookies-et-vie-privee\/","title":{"rendered":"Les cookies et la vie priv\u00e9e"},"content":{"rendered":"<h4>En application de la directive europ\u00e9enne dite \u00a0\u00bb paquet t\u00e9l\u00e9com \u00ab\u00a0, les internautes doivent \u00eatre inform\u00e9s et donner leur consentement pr\u00e9alablement \u00e0 l&rsquo;insertion de traceurs. Ils doivent disposer d&rsquo;une possibilit\u00e9 de choisir de ne pas \u00eatre trac\u00e9s lorsqu&rsquo;ils visitent un site ou utilisent une application.<br \/>\nLes \u00e9diteurs ont donc l&rsquo;obligation de solliciter au pr\u00e9alable le consentement des utilisateurs. Ce consentement est valable 13 mois maximum. Certains traceurs sont cependant dispens\u00e9s du recueil de ce consentement.<\/h4>\n<h2>Cadre juridique applicable<\/h2>\n<p>En modifiant l&rsquo;article 5(3) de la directive 2002\/58\/CE par l&rsquo;adoption de la directive 2009\/136\/CE, le l\u00e9gislateur europ\u00e9en a pos\u00e9 le principe :<br \/>\nd&rsquo;un consentement pr\u00e9alable de l&rsquo;utilisateur avant le stockage d&rsquo;informations sur l&rsquo;\u00e9quipement d&rsquo;un utilisateur ou l&rsquo;acc\u00e8s \u00e0 des informations d\u00e9j\u00e0 stock\u00e9es.<br \/>\nsauf, si ces actions sont strictement n\u00e9cessaires pour la d\u00e9livrance d&rsquo;un service de la soci\u00e9t\u00e9 de l&rsquo;information express\u00e9ment demand\u00e9 par l&rsquo;abonn\u00e9 ou l&rsquo;utilisateur.<\/p>\n<p>L&rsquo;article 32-II de la loi du 6 janvier 1978, modifi\u00e9 par l&rsquo;ordonnance n\u00b02011-1012 du 24 ao\u00fbt 2011 qui a transpos\u00e9 la directive 2009\/136\/CE reprend ce principe.<br \/>\nEn application de la loi informatique et libert\u00e9s, les traceurs (cookies ou autres) n\u00e9cessitant un recueil du consentement ne peuvent donc \u00eatre d\u00e9pos\u00e9s ou lus sur son terminal, tant que la personne n\u2019a pas donn\u00e9 son consentement.<\/p>\n<h2>Terme de \u00ab cookies \u00bb ou de \u00ab traceurs \u00bb<\/h2>\n<p>Sont concern\u00e9s les traceurs d\u00e9pos\u00e9s et lus par exemple lors de la consultation d&rsquo;un site internet, de la lecture d&rsquo;un courrier \u00e9lectronique, de l&rsquo;installation ou de l&rsquo;utilisation d&rsquo;un logiciel ou d&rsquo;une application mobile et ce, quel que soit le type de terminal utilis\u00e9 tels qu&rsquo;un ordinateur, un Smartphone, une liseuse num\u00e9rique et une console de jeux vid\u00e9os connect\u00e9e \u00e0 Internet. S&rsquo;ils r\u00e9pondent \u00e0 certaines conditions, certains traceurs d\u00e9rogent \u00e0 cette obligation<\/p>\n<p>A ce titre, le terme de \u00ab\u00a0cookie\u00a0\u00bb recouvre par exemple :<\/p>\n<ul>\n<li>les cookies HTTP<\/li>\n<li>les cookies \u00ab\u00a0flash\u00a0\u00bb,<\/li>\n<li>le r\u00e9sultat du calcul d&#8217;empreinte dans le cas du \u00a0\u00bb fingerprinting \u00a0\u00bb (calcul d&rsquo;un identifiant unique de la machine bas\u00e9e sur des \u00e9l\u00e9ments de sa configuration \u00e0 des fins de tra\u00e7age),<\/li>\n<li>les pixels invisibles ou \u00a0\u00bb web bugs \u00ab\u00a0,<\/li>\n<li>tout autre identifiant g\u00e9n\u00e9r\u00e9 par un logiciel ou un syst\u00e8me d&rsquo;exploitation, par exemple.<\/li>\n<\/ul>\n<p>Ces obligations s&rsquo;appliquent que les cookies collectent des donn\u00e9es \u00e0 caract\u00e8re personnel ou non.<\/p>\n<h2>Comment recueillir valablement votre consentement?<\/h2>\n<p>Le consentement doit \u00eatre pr\u00e9alable \u00e0 l&rsquo;insertion ou \u00e0 la lecture de cookies<\/p>\n<p>Tant que la personne n&rsquo;a pas donn\u00e9 son consentement, ces cookies ne peuvent \u00eatre d\u00e9pos\u00e9s ou lus sur son terminal.<br \/>\nIl doit \u00eatre requis \u00e0 chaque fois qu&rsquo;une nouvelle finalit\u00e9 vient s&rsquo;ajouter aux finalit\u00e9s initialement pr\u00e9vues.<\/p>\n<p>Le consentement est une manifestation de volont\u00e9, libre, sp\u00e9cifique et inform\u00e9e : La validit\u00e9 du consentement est donc li\u00e9e \u00e0 la qualit\u00e9 de l&rsquo;information re\u00e7ue.<\/p>\n<ul>\n<li>L&rsquo;information doit \u00eatre visible, mise en \u00e9vidence et compl\u00e8te.<\/li>\n<li>Elle doit \u00eatre r\u00e9dig\u00e9e en des termes simples et compr\u00e9hensibles pour tout utilisateur.<\/li>\n<li>Elle doit permettre aux internautes d&rsquo;\u00eatre parfaitement inform\u00e9s des diff\u00e9rentes finalit\u00e9s des cookies.<\/li>\n<\/ul>\n<p>Le consentement n&rsquo;est valide que si la personne exerce un choix r\u00e9el.<\/p>\n<p>L&rsquo;utilisateur doit pouvoir accepter ou refuser le d\u00e9p\u00f4t des cookies.<br \/>\nLe consentement ne peut \u00eatre valable que si la personne concern\u00e9e est en mesure d&rsquo;exercer valablement son choix et n&rsquo;est pas expos\u00e9e \u00e0 des cons\u00e9quences n\u00e9gatives importantes si elle refuse de donner son consentement. La personne qui refuse un cookie n\u00e9cessitant un consentement doit pouvoir continuer \u00e0 b\u00e9n\u00e9ficier du service (l&rsquo;acc\u00e8s \u00e0 un site internet par exemple).<br \/>\nLe choix doit pouvoir \u00eatre effectu\u00e9 pour chaque application et chaque site internet.<\/p>\n","protected":false},"excerpt":{"rendered":"<p>En application de la directive europ\u00e9enne dite \u00a0\u00bb paquet t\u00e9l\u00e9com \u00ab\u00a0, les internautes doivent \u00eatre inform\u00e9s et donner leur consentement pr\u00e9alablement \u00e0 l&rsquo;insertion de traceurs. Ils doivent disposer d&rsquo;une possibilit\u00e9 de choisir de ne pas \u00eatre trac\u00e9s lorsqu&rsquo;ils visitent un site ou utilisent une application. Les \u00e9diteurs ont donc l&rsquo;obligation de solliciter au pr\u00e9alable le<\/p>\n","protected":false},"author":3,"featured_media":0,"parent":0,"menu_order":0,"comment_status":"closed","ping_status":"closed","template":"","meta":{"footnotes":""},"class_list":["post-4750","page","type-page","status-publish","hentry"],"yoast_head":"<!-- This site is optimized with the Yoast SEO plugin v27.4 - https:\/\/yoast.com\/product\/yoast-seo-wordpress\/ -->\n<title>Les cookies et la vie priv\u00e9e - INEDIT FITNESS | Chassieu<\/title>\n<meta name=\"robots\" content=\"index, follow, max-snippet:-1, max-image-preview:large, max-video-preview:-1\" \/>\n<link rel=\"canonical\" href=\"https:\/\/ineditfitness.com\/site\/cookies-et-vie-privee\/\" \/>\n<meta property=\"og:locale\" content=\"fr_FR\" \/>\n<meta property=\"og:type\" content=\"article\" \/>\n<meta property=\"og:title\" content=\"Les cookies et la vie priv\u00e9e - INEDIT FITNESS | Chassieu\" \/>\n<meta property=\"og:description\" content=\"En application de la directive europ\u00e9enne dite \u00a0\u00bb paquet t\u00e9l\u00e9com \u00ab\u00a0, les internautes doivent \u00eatre inform\u00e9s et donner leur consentement pr\u00e9alablement \u00e0 l&rsquo;insertion de traceurs. Ils doivent disposer d&rsquo;une possibilit\u00e9 de choisir de ne pas \u00eatre trac\u00e9s lorsqu&rsquo;ils visitent un site ou utilisent une application. Les \u00e9diteurs ont donc l&rsquo;obligation de solliciter au pr\u00e9alable le\" \/>\n<meta property=\"og:url\" content=\"https:\/\/ineditfitness.com\/site\/cookies-et-vie-privee\/\" \/>\n<meta property=\"og:site_name\" content=\"INEDIT FITNESS | Chassieu\" \/>\n<meta property=\"article:modified_time\" content=\"2015-01-13T23:52:37+00:00\" \/>\n<meta name=\"twitter:label1\" content=\"Dur\u00e9e de lecture estim\u00e9e\" \/>\n\t<meta name=\"twitter:data1\" content=\"3 minutes\" \/>\n<script type=\"application\/ld+json\" class=\"yoast-schema-graph\">{\"@context\":\"https:\\\/\\\/schema.org\",\"@graph\":[{\"@type\":\"WebPage\",\"@id\":\"https:\\\/\\\/ineditfitness.com\\\/site\\\/cookies-et-vie-privee\\\/\",\"url\":\"https:\\\/\\\/ineditfitness.com\\\/site\\\/cookies-et-vie-privee\\\/\",\"name\":\"Les cookies et la vie priv\u00e9e - INEDIT FITNESS | Chassieu\",\"isPartOf\":{\"@id\":\"https:\\\/\\\/ineditfitness.com\\\/site\\\/#website\"},\"datePublished\":\"2015-01-13T23:50:42+00:00\",\"dateModified\":\"2015-01-13T23:52:37+00:00\",\"breadcrumb\":{\"@id\":\"https:\\\/\\\/ineditfitness.com\\\/site\\\/cookies-et-vie-privee\\\/#breadcrumb\"},\"inLanguage\":\"fr-FR\",\"potentialAction\":[{\"@type\":\"ReadAction\",\"target\":[\"https:\\\/\\\/ineditfitness.com\\\/site\\\/cookies-et-vie-privee\\\/\"]}]},{\"@type\":\"BreadcrumbList\",\"@id\":\"https:\\\/\\\/ineditfitness.com\\\/site\\\/cookies-et-vie-privee\\\/#breadcrumb\",\"itemListElement\":[{\"@type\":\"ListItem\",\"position\":1,\"name\":\"Accueil\",\"item\":\"https:\\\/\\\/ineditfitness.com\\\/site\\\/\"},{\"@type\":\"ListItem\",\"position\":2,\"name\":\"Les cookies et la vie priv\u00e9e\"}]},{\"@type\":\"WebSite\",\"@id\":\"https:\\\/\\\/ineditfitness.com\\\/site\\\/#website\",\"url\":\"https:\\\/\\\/ineditfitness.com\\\/site\\\/\",\"name\":\"INEDIT FITNESS | Chassieu\",\"description\":\"Vous \u00eates unique, notre coaching aussi - Salle de Sport - Fitness - Stretching - Pilates - Training - Cardio - Marche Nordique - Coaching Individuel - Small groupe\",\"publisher\":{\"@id\":\"https:\\\/\\\/ineditfitness.com\\\/site\\\/#organization\"},\"potentialAction\":[{\"@type\":\"SearchAction\",\"target\":{\"@type\":\"EntryPoint\",\"urlTemplate\":\"https:\\\/\\\/ineditfitness.com\\\/site\\\/?s={search_term_string}\"},\"query-input\":{\"@type\":\"PropertyValueSpecification\",\"valueRequired\":true,\"valueName\":\"search_term_string\"}}],\"inLanguage\":\"fr-FR\"},{\"@type\":\"Organization\",\"@id\":\"https:\\\/\\\/ineditfitness.com\\\/site\\\/#organization\",\"name\":\"INEDIT FITNESS\",\"url\":\"https:\\\/\\\/ineditfitness.com\\\/site\\\/\",\"logo\":{\"@type\":\"ImageObject\",\"inLanguage\":\"fr-FR\",\"@id\":\"https:\\\/\\\/ineditfitness.com\\\/site\\\/#\\\/schema\\\/logo\\\/image\\\/\",\"url\":\"https:\\\/\\\/ineditfitness.com\\\/site\\\/wp-content\\\/uploads\\\/2014\\\/12\\\/studio_inedit_fitness_logo_site.png\",\"contentUrl\":\"https:\\\/\\\/ineditfitness.com\\\/site\\\/wp-content\\\/uploads\\\/2014\\\/12\\\/studio_inedit_fitness_logo_site.png\",\"width\":600,\"height\":210,\"caption\":\"INEDIT FITNESS\"},\"image\":{\"@id\":\"https:\\\/\\\/ineditfitness.com\\\/site\\\/#\\\/schema\\\/logo\\\/image\\\/\"}}]}<\/script>\n<!-- \/ Yoast SEO plugin. -->","yoast_head_json":{"title":"Les cookies et la vie priv\u00e9e - INEDIT FITNESS | Chassieu","robots":{"index":"index","follow":"follow","max-snippet":"max-snippet:-1","max-image-preview":"max-image-preview:large","max-video-preview":"max-video-preview:-1"},"canonical":"https:\/\/ineditfitness.com\/site\/cookies-et-vie-privee\/","og_locale":"fr_FR","og_type":"article","og_title":"Les cookies et la vie priv\u00e9e - INEDIT FITNESS | Chassieu","og_description":"En application de la directive europ\u00e9enne dite \u00a0\u00bb paquet t\u00e9l\u00e9com \u00ab\u00a0, les internautes doivent \u00eatre inform\u00e9s et donner leur consentement pr\u00e9alablement \u00e0 l&rsquo;insertion de traceurs. Ils doivent disposer d&rsquo;une possibilit\u00e9 de choisir de ne pas \u00eatre trac\u00e9s lorsqu&rsquo;ils visitent un site ou utilisent une application. Les \u00e9diteurs ont donc l&rsquo;obligation de solliciter au pr\u00e9alable le","og_url":"https:\/\/ineditfitness.com\/site\/cookies-et-vie-privee\/","og_site_name":"INEDIT FITNESS | Chassieu","article_modified_time":"2015-01-13T23:52:37+00:00","twitter_misc":{"Dur\u00e9e de lecture estim\u00e9e":"3 minutes"},"schema":{"@context":"https:\/\/schema.org","@graph":[{"@type":"WebPage","@id":"https:\/\/ineditfitness.com\/site\/cookies-et-vie-privee\/","url":"https:\/\/ineditfitness.com\/site\/cookies-et-vie-privee\/","name":"Les cookies et la vie priv\u00e9e - INEDIT FITNESS | Chassieu","isPartOf":{"@id":"https:\/\/ineditfitness.com\/site\/#website"},"datePublished":"2015-01-13T23:50:42+00:00","dateModified":"2015-01-13T23:52:37+00:00","breadcrumb":{"@id":"https:\/\/ineditfitness.com\/site\/cookies-et-vie-privee\/#breadcrumb"},"inLanguage":"fr-FR","potentialAction":[{"@type":"ReadAction","target":["https:\/\/ineditfitness.com\/site\/cookies-et-vie-privee\/"]}]},{"@type":"BreadcrumbList","@id":"https:\/\/ineditfitness.com\/site\/cookies-et-vie-privee\/#breadcrumb","itemListElement":[{"@type":"ListItem","position":1,"name":"Accueil","item":"https:\/\/ineditfitness.com\/site\/"},{"@type":"ListItem","position":2,"name":"Les cookies et la vie priv\u00e9e"}]},{"@type":"WebSite","@id":"https:\/\/ineditfitness.com\/site\/#website","url":"https:\/\/ineditfitness.com\/site\/","name":"INEDIT FITNESS | Chassieu","description":"Vous \u00eates unique, notre coaching aussi - Salle de Sport - Fitness - Stretching - Pilates - Training - Cardio - Marche Nordique - Coaching Individuel - Small groupe","publisher":{"@id":"https:\/\/ineditfitness.com\/site\/#organization"},"potentialAction":[{"@type":"SearchAction","target":{"@type":"EntryPoint","urlTemplate":"https:\/\/ineditfitness.com\/site\/?s={search_term_string}"},"query-input":{"@type":"PropertyValueSpecification","valueRequired":true,"valueName":"search_term_string"}}],"inLanguage":"fr-FR"},{"@type":"Organization","@id":"https:\/\/ineditfitness.com\/site\/#organization","name":"INEDIT FITNESS","url":"https:\/\/ineditfitness.com\/site\/","logo":{"@type":"ImageObject","inLanguage":"fr-FR","@id":"https:\/\/ineditfitness.com\/site\/#\/schema\/logo\/image\/","url":"https:\/\/ineditfitness.com\/site\/wp-content\/uploads\/2014\/12\/studio_inedit_fitness_logo_site.png","contentUrl":"https:\/\/ineditfitness.com\/site\/wp-content\/uploads\/2014\/12\/studio_inedit_fitness_logo_site.png","width":600,"height":210,"caption":"INEDIT FITNESS"},"image":{"@id":"https:\/\/ineditfitness.com\/site\/#\/schema\/logo\/image\/"}}]}},"_links":{"self":[{"href":"https:\/\/ineditfitness.com\/site\/wp-json\/wp\/v2\/pages\/4750","targetHints":{"allow":["GET"]}}],"collection":[{"href":"https:\/\/ineditfitness.com\/site\/wp-json\/wp\/v2\/pages"}],"about":[{"href":"https:\/\/ineditfitness.com\/site\/wp-json\/wp\/v2\/types\/page"}],"author":[{"embeddable":true,"href":"https:\/\/ineditfitness.com\/site\/wp-json\/wp\/v2\/users\/3"}],"replies":[{"embeddable":true,"href":"https:\/\/ineditfitness.com\/site\/wp-json\/wp\/v2\/comments?post=4750"}],"version-history":[{"count":0,"href":"https:\/\/ineditfitness.com\/site\/wp-json\/wp\/v2\/pages\/4750\/revisions"}],"wp:attachment":[{"href":"https:\/\/ineditfitness.com\/site\/wp-json\/wp\/v2\/media?parent=4750"}],"curies":[{"name":"wp","href":"https:\/\/api.w.org\/{rel}","templated":true}]}}