{"id":13545,"date":"2024-06-15T13:10:50","date_gmt":"2024-06-15T11:10:50","guid":{"rendered":"https:\/\/ineditfitness.com\/site\/?page_id=13545"},"modified":"2025-08-11T10:45:39","modified_gmt":"2025-08-11T08:45:39","slug":"conseils-personnalises-avec-aurelie","status":"publish","type":"page","link":"https:\/\/ineditfitness.com\/site\/conseils-personnalises-avec-aurelie\/","title":{"rendered":"Conseils personnalis\u00e9s &#8211; avec Aur\u00e9lie"},"content":{"rendered":"<div class=\"wpb-content-wrapper\"><p>[vc_row][vc_column][vc_column_text css=\u00a0\u00bb\u00a0\u00bb]<\/p>\n<h1 style=\"text-align: center;\"><span style=\"font-size: 24pt;\">Obtenez des conseils personnalis\u00e9s avec Aur\u00e9lie, coach sp\u00e9cialis\u00e9e dans l&rsquo;art de cultiver la s\u00e9r\u00e9nit\u00e9 !<br \/>\n<\/span><\/h1>\n<p>[\/vc_column_text][vc_empty_space][vc_empty_space][vc_column_text css=\u00a0\u00bb\u00a0\u00bb]<\/p>\n<p style=\"text-align: center;\"><span style=\"font-size: 14pt;\">Vous aspirez \u00e0 retrouver un \u00e9tat de s\u00e9r\u00e9nit\u00e9 profonde, mieux g\u00e9rer le stress et \u00e0 am\u00e9liorer votre bien-\u00eatre au quotidien ? <\/span><\/p>\n<p style=\"text-align: center;\"><span style=\"font-size: 14pt;\">Ne cherchez pas plus loin ! Aur\u00e9lie, coach sportive sp\u00e9cialis\u00e9e dans l\u2019art de cultiver la s\u00e9r\u00e9nit\u00e9, est l\u00e0 pour vous accompagner dans cette belle aventure. Gr\u00e2ce \u00e0 des techniques personnalis\u00e9es et une approche holistique, elle vous guidera pas \u00e0 pas vers l\u2019adoption d\u2019un mode de vie plus serein, en harmonie avec vos aspirations et vos besoins. Ensemble, vous explorerez des pratiques qui favoriseront la d\u00e9tente ainsi que l\u2019\u00e9quilibre physique et mental. Offrez-vous cette opportunit\u00e9 de transformation et commencez d\u00e8s aujourd\u2019hui \u00e0 vivre une vie plus apais\u00e9e et \u00e9panouissante !<\/span><\/p>\n<p>[\/vc_column_text][vc_empty_space][vc_column_text css=\u00a0\u00bb\u00a0\u00bb]<\/p>\n<h1 style=\"text-align: center;\"><span style=\"font-size: 24pt;\">Contactez Aur\u00e9lie . . .<br \/>\n<\/span><\/h1>\n<p>[\/vc_column_text][vc_empty_space][\/vc_column][\/vc_row][vc_row][vc_column width=\u00a0\u00bb1\/2&Prime;][vc_single_image image=\u00a0\u00bb9466&Prime; img_size=\u00a0\u00bbfull\u00a0\u00bb alignment=\u00a0\u00bbcenter\u00a0\u00bb css=\u00a0\u00bb\u00a0\u00bb][\/vc_column][vc_column width=\u00a0\u00bb1\/2&Prime;][vc_empty_space][vc_empty_space][vc_column_text css=\u00a0\u00bb\u00a0\u00bb]<\/p>\n<p style=\"text-align: center;\"><span style=\"font-size: 14pt;\">Remplissez le formulaire ci dessous, Aur\u00e9lie, coach sportive, vous contactera :<\/span><\/p>\n<p>[\/vc_column_text][vc_empty_space][vc_column_text css=\u00a0\u00bb\u00a0\u00bb]\n<div class=\"wpcf7 no-js\" id=\"wpcf7-f13549-o1\" lang=\"fr-FR\" dir=\"ltr\" data-wpcf7-id=\"13549\">\n<div class=\"screen-reader-response\"><p role=\"status\" aria-live=\"polite\" aria-atomic=\"true\"><\/p> <ul><\/ul><\/div>\n<form action=\"\/site\/wp-json\/wp\/v2\/pages\/13545#wpcf7-f13549-o1\" method=\"post\" class=\"wpcf7-form init\" aria-label=\"Formulaire de contact\" novalidate=\"novalidate\" data-status=\"init\">\n<fieldset class=\"hidden-fields-container\"><input type=\"hidden\" name=\"_wpcf7\" value=\"13549\" \/><input type=\"hidden\" name=\"_wpcf7_version\" value=\"6.1.5\" \/><input type=\"hidden\" name=\"_wpcf7_locale\" value=\"fr_FR\" \/><input type=\"hidden\" name=\"_wpcf7_unit_tag\" value=\"wpcf7-f13549-o1\" \/><input type=\"hidden\" name=\"_wpcf7_container_post\" value=\"0\" \/><input type=\"hidden\" name=\"_wpcf7_posted_data_hash\" value=\"\" \/><input type=\"hidden\" name=\"_wpcf7_recaptcha_response\" value=\"\" \/>\n<\/fieldset>\n<p>Votre nom et pr\u00e9nom (*)\n<\/p>\n<p><span class=\"wpcf7-form-control-wrap\" data-name=\"your-name\"><input size=\"40\" maxlength=\"400\" class=\"wpcf7-form-control wpcf7-text wpcf7-validates-as-required\" aria-required=\"true\" aria-invalid=\"false\" value=\"\" type=\"text\" name=\"your-name\" \/><\/span>\n<\/p>\n<p>Votre email (*)\n<\/p>\n<p><span class=\"wpcf7-form-control-wrap\" data-name=\"your-email\"><input size=\"40\" maxlength=\"400\" class=\"wpcf7-form-control wpcf7-email wpcf7-validates-as-required wpcf7-text wpcf7-validates-as-email\" aria-required=\"true\" aria-invalid=\"false\" value=\"\" type=\"email\" name=\"your-email\" \/><\/span>\n<\/p>\n<p>Votre portable (*)\n<\/p>\n<p><span class=\"wpcf7-form-control-wrap\" data-name=\"yourtel\"><input size=\"40\" maxlength=\"400\" class=\"wpcf7-form-control wpcf7-tel wpcf7-text wpcf7-validates-as-tel\" aria-invalid=\"false\" value=\"\" type=\"tel\" name=\"yourtel\" \/><\/span>\n<\/p>\n<p><span class=\"wpcf7-form-control-wrap\" data-name=\"acceptance-876\"><span class=\"wpcf7-form-control wpcf7-acceptance\"><span class=\"wpcf7-list-item\"><label><input type=\"checkbox\" name=\"acceptance-876\" value=\"1\" aria-invalid=\"false\" \/><span class=\"wpcf7-list-item-label\">J'accepte les termes et conditions \u00e9nonc\u00e9s dans la <a href=\"http:\/\/ineditfitness.com\/site\/politique-de-confidentialite\/\" target=\"_blank\">Politique de Confidentialit\u00e9<\/a> *<\/span><\/label><\/span><\/span><\/span>\n<\/p>\n<p>\n<span class=\"wpcf7-form-control-wrap recaptcha\" data-name=\"recaptcha\"><span data-sitekey=\"6Lc8jB0UAAAAAMT49wv6Z9-FVv1XTuYOeacav4Jc\" class=\"wpcf7-form-control wpcf7-recaptcha g-recaptcha\"><\/span>\r\n<noscript>\r\n\t<div class=\"grecaptcha-noscript\">\r\n\t\t<iframe loading=\"lazy\" src=\"https:\/\/www.google.com\/recaptcha\/api\/fallback?k=6Lc8jB0UAAAAAMT49wv6Z9-FVv1XTuYOeacav4Jc\" frameborder=\"0\" scrolling=\"no\" width=\"310\" height=\"430\">\r\n\t\t<\/iframe>\r\n\t\t<textarea name=\"g-recaptcha-response\" rows=\"3\" cols=\"40\" placeholder=\"reCaptcha Response Here\">\r\n\t\t<\/textarea>\r\n\t<\/div>\r\n<\/noscript>\r\n<\/span>\n<\/p>\n<p><input class=\"wpcf7-form-control wpcf7-submit has-spinner\" type=\"submit\" value=\"Envoyer\" \/>\n<\/p>\n<p><i>(* : requis)<\/i>\n<\/p><input type=\"hidden\" id=\"ct_checkjs_cf7_9cf81d8026a9018052c429cc4e56739b\" name=\"ct_checkjs_cf7\" value=\"0\" \/><script >setTimeout(function(){var ct_input_name = \"ct_checkjs_cf7_9cf81d8026a9018052c429cc4e56739b\";if (document.getElementById(ct_input_name) !== null) {var ct_input_value = document.getElementById(ct_input_name).value;document.getElementById(ct_input_name).value = document.getElementById(ct_input_name).value.replace(ct_input_value, '31ca0b22c4c65a12d982c9c7d1eaaec95a4ac2b0ff992b2e96ff1c4121ae2e63');}}, 1000);<\/script><input\n                    class=\"apbct_special_field apbct_email_id__wp_contact_form_7\"\n                    name=\"apbct__email_id__wp_contact_form_7\"\n                    aria-label=\"apbct__label_id__wp_contact_form_7\"\n                    type=\"text\" size=\"30\" maxlength=\"200\" autocomplete=\"off\"\n                    value=\"\"\n                \/><div class=\"wpcf7-response-output\" aria-hidden=\"true\"><\/div>\n<\/form>\n<\/div>\n[\/vc_column_text][\/vc_column][\/vc_row]<\/p>\n<\/div>","protected":false},"excerpt":{"rendered":"<p>[vc_row][vc_column][vc_column_text css=\u00a0\u00bb\u00a0\u00bb] Obtenez des conseils personnalis\u00e9s avec Aur\u00e9lie, coach sp\u00e9cialis\u00e9e dans l&rsquo;art de cultiver la s\u00e9r\u00e9nit\u00e9 ! [\/vc_column_text][vc_empty_space][vc_empty_space][vc_column_text css=\u00a0\u00bb\u00a0\u00bb] Vous aspirez \u00e0 retrouver un \u00e9tat de s\u00e9r\u00e9nit\u00e9 profonde, mieux g\u00e9rer le stress et \u00e0 am\u00e9liorer votre bien-\u00eatre au quotidien ? Ne cherchez pas plus loin ! Aur\u00e9lie, coach sportive sp\u00e9cialis\u00e9e dans l\u2019art de cultiver la<\/p>\n","protected":false},"author":3,"featured_media":14040,"parent":0,"menu_order":0,"comment_status":"closed","ping_status":"closed","template":"page-templates\/full-width.php","meta":{"footnotes":""},"class_list":["post-13545","page","type-page","status-publish","has-post-thumbnail","hentry"],"yoast_head":"<!-- This site is optimized with the Yoast SEO plugin v27.5 - https:\/\/yoast.com\/product\/yoast-seo-wordpress\/ -->\n<title>Conseils personnalis\u00e9s - avec Aur\u00e9lie - INEDIT FITNESS | Chassieu<\/title>\n<meta name=\"robots\" content=\"index, follow, max-snippet:-1, max-image-preview:large, max-video-preview:-1\" \/>\n<link rel=\"canonical\" href=\"https:\/\/ineditfitness.com\/site\/conseils-personnalises-avec-aurelie\/\" \/>\n<meta property=\"og:locale\" content=\"fr_FR\" \/>\n<meta property=\"og:type\" content=\"article\" \/>\n<meta property=\"og:title\" content=\"Conseils personnalis\u00e9s - avec Aur\u00e9lie - INEDIT FITNESS | Chassieu\" \/>\n<meta property=\"og:description\" content=\"[vc_row][vc_column][vc_column_text css=\u00a0\u00bb\u00a0\u00bb] Obtenez des conseils personnalis\u00e9s avec Aur\u00e9lie, coach sp\u00e9cialis\u00e9e dans l&rsquo;art de cultiver la s\u00e9r\u00e9nit\u00e9 ! [\/vc_column_text][vc_empty_space][vc_empty_space][vc_column_text css=\u00a0\u00bb\u00a0\u00bb] Vous aspirez \u00e0 retrouver un \u00e9tat de s\u00e9r\u00e9nit\u00e9 profonde, mieux g\u00e9rer le stress et \u00e0 am\u00e9liorer votre bien-\u00eatre au quotidien ? Ne cherchez pas plus loin ! Aur\u00e9lie, coach sportive sp\u00e9cialis\u00e9e dans l\u2019art de cultiver la\" \/>\n<meta property=\"og:url\" content=\"https:\/\/ineditfitness.com\/site\/conseils-personnalises-avec-aurelie\/\" \/>\n<meta property=\"og:site_name\" content=\"INEDIT FITNESS | Chassieu\" \/>\n<meta property=\"article:modified_time\" content=\"2025-08-11T08:45:39+00:00\" \/>\n<meta property=\"og:image\" content=\"https:\/\/ineditfitness.com\/site\/wp-content\/uploads\/2024\/06\/Lachez-prise-65.png\" \/>\n\t<meta property=\"og:image:width\" content=\"940\" \/>\n\t<meta property=\"og:image:height\" content=\"788\" \/>\n\t<meta property=\"og:image:type\" content=\"image\/png\" \/>\n<meta name=\"twitter:label1\" content=\"Dur\u00e9e de lecture estim\u00e9e\" \/>\n\t<meta name=\"twitter:data1\" content=\"1 minute\" \/>\n<script type=\"application\/ld+json\" class=\"yoast-schema-graph\">{\"@context\":\"https:\\\/\\\/schema.org\",\"@graph\":[{\"@type\":\"WebPage\",\"@id\":\"https:\\\/\\\/ineditfitness.com\\\/site\\\/conseils-personnalises-avec-aurelie\\\/\",\"url\":\"https:\\\/\\\/ineditfitness.com\\\/site\\\/conseils-personnalises-avec-aurelie\\\/\",\"name\":\"Conseils personnalis\u00e9s - avec Aur\u00e9lie - INEDIT FITNESS | Chassieu\",\"isPartOf\":{\"@id\":\"https:\\\/\\\/ineditfitness.com\\\/site\\\/#website\"},\"primaryImageOfPage\":{\"@id\":\"https:\\\/\\\/ineditfitness.com\\\/site\\\/conseils-personnalises-avec-aurelie\\\/#primaryimage\"},\"image\":{\"@id\":\"https:\\\/\\\/ineditfitness.com\\\/site\\\/conseils-personnalises-avec-aurelie\\\/#primaryimage\"},\"thumbnailUrl\":\"https:\\\/\\\/ineditfitness.com\\\/site\\\/wp-content\\\/uploads\\\/2025\\\/08\\\/Publication-Facebook-14.png\",\"datePublished\":\"2024-06-15T11:10:50+00:00\",\"dateModified\":\"2025-08-11T08:45:39+00:00\",\"breadcrumb\":{\"@id\":\"https:\\\/\\\/ineditfitness.com\\\/site\\\/conseils-personnalises-avec-aurelie\\\/#breadcrumb\"},\"inLanguage\":\"fr-FR\",\"potentialAction\":[{\"@type\":\"ReadAction\",\"target\":[\"https:\\\/\\\/ineditfitness.com\\\/site\\\/conseils-personnalises-avec-aurelie\\\/\"]}]},{\"@type\":\"ImageObject\",\"inLanguage\":\"fr-FR\",\"@id\":\"https:\\\/\\\/ineditfitness.com\\\/site\\\/conseils-personnalises-avec-aurelie\\\/#primaryimage\",\"url\":\"https:\\\/\\\/ineditfitness.com\\\/site\\\/wp-content\\\/uploads\\\/2025\\\/08\\\/Publication-Facebook-14.png\",\"contentUrl\":\"https:\\\/\\\/ineditfitness.com\\\/site\\\/wp-content\\\/uploads\\\/2025\\\/08\\\/Publication-Facebook-14.png\",\"width\":940,\"height\":788},{\"@type\":\"BreadcrumbList\",\"@id\":\"https:\\\/\\\/ineditfitness.com\\\/site\\\/conseils-personnalises-avec-aurelie\\\/#breadcrumb\",\"itemListElement\":[{\"@type\":\"ListItem\",\"position\":1,\"name\":\"Accueil\",\"item\":\"https:\\\/\\\/ineditfitness.com\\\/site\\\/\"},{\"@type\":\"ListItem\",\"position\":2,\"name\":\"Conseils personnalis\u00e9s &#8211; avec Aur\u00e9lie\"}]},{\"@type\":\"WebSite\",\"@id\":\"https:\\\/\\\/ineditfitness.com\\\/site\\\/#website\",\"url\":\"https:\\\/\\\/ineditfitness.com\\\/site\\\/\",\"name\":\"INEDIT FITNESS | Chassieu\",\"description\":\"Vous \u00eates unique, notre coaching aussi - Salle de Sport - Fitness - Stretching - Pilates - Training - Cardio - Marche Nordique - Coaching Individuel - Small groupe\",\"publisher\":{\"@id\":\"https:\\\/\\\/ineditfitness.com\\\/site\\\/#organization\"},\"potentialAction\":[{\"@type\":\"SearchAction\",\"target\":{\"@type\":\"EntryPoint\",\"urlTemplate\":\"https:\\\/\\\/ineditfitness.com\\\/site\\\/?s={search_term_string}\"},\"query-input\":{\"@type\":\"PropertyValueSpecification\",\"valueRequired\":true,\"valueName\":\"search_term_string\"}}],\"inLanguage\":\"fr-FR\"},{\"@type\":\"Organization\",\"@id\":\"https:\\\/\\\/ineditfitness.com\\\/site\\\/#organization\",\"name\":\"INEDIT FITNESS\",\"url\":\"https:\\\/\\\/ineditfitness.com\\\/site\\\/\",\"logo\":{\"@type\":\"ImageObject\",\"inLanguage\":\"fr-FR\",\"@id\":\"https:\\\/\\\/ineditfitness.com\\\/site\\\/#\\\/schema\\\/logo\\\/image\\\/\",\"url\":\"https:\\\/\\\/ineditfitness.com\\\/site\\\/wp-content\\\/uploads\\\/2014\\\/12\\\/studio_inedit_fitness_logo_site.png\",\"contentUrl\":\"https:\\\/\\\/ineditfitness.com\\\/site\\\/wp-content\\\/uploads\\\/2014\\\/12\\\/studio_inedit_fitness_logo_site.png\",\"width\":600,\"height\":210,\"caption\":\"INEDIT FITNESS\"},\"image\":{\"@id\":\"https:\\\/\\\/ineditfitness.com\\\/site\\\/#\\\/schema\\\/logo\\\/image\\\/\"}}]}<\/script>\n<!-- \/ Yoast SEO plugin. -->","yoast_head_json":{"title":"Conseils personnalis\u00e9s - avec Aur\u00e9lie - INEDIT FITNESS | Chassieu","robots":{"index":"index","follow":"follow","max-snippet":"max-snippet:-1","max-image-preview":"max-image-preview:large","max-video-preview":"max-video-preview:-1"},"canonical":"https:\/\/ineditfitness.com\/site\/conseils-personnalises-avec-aurelie\/","og_locale":"fr_FR","og_type":"article","og_title":"Conseils personnalis\u00e9s - avec Aur\u00e9lie - INEDIT FITNESS | Chassieu","og_description":"[vc_row][vc_column][vc_column_text css=\u00a0\u00bb\u00a0\u00bb] Obtenez des conseils personnalis\u00e9s avec Aur\u00e9lie, coach sp\u00e9cialis\u00e9e dans l&rsquo;art de cultiver la s\u00e9r\u00e9nit\u00e9 ! [\/vc_column_text][vc_empty_space][vc_empty_space][vc_column_text css=\u00a0\u00bb\u00a0\u00bb] Vous aspirez \u00e0 retrouver un \u00e9tat de s\u00e9r\u00e9nit\u00e9 profonde, mieux g\u00e9rer le stress et \u00e0 am\u00e9liorer votre bien-\u00eatre au quotidien ? Ne cherchez pas plus loin ! Aur\u00e9lie, coach sportive sp\u00e9cialis\u00e9e dans l\u2019art de cultiver la","og_url":"https:\/\/ineditfitness.com\/site\/conseils-personnalises-avec-aurelie\/","og_site_name":"INEDIT FITNESS | Chassieu","article_modified_time":"2025-08-11T08:45:39+00:00","og_image":[{"width":940,"height":788,"url":"https:\/\/ineditfitness.com\/site\/wp-content\/uploads\/2024\/06\/Lachez-prise-65.png","type":"image\/png"}],"twitter_misc":{"Dur\u00e9e de lecture estim\u00e9e":"1 minute"},"schema":{"@context":"https:\/\/schema.org","@graph":[{"@type":"WebPage","@id":"https:\/\/ineditfitness.com\/site\/conseils-personnalises-avec-aurelie\/","url":"https:\/\/ineditfitness.com\/site\/conseils-personnalises-avec-aurelie\/","name":"Conseils personnalis\u00e9s - avec Aur\u00e9lie - INEDIT FITNESS | Chassieu","isPartOf":{"@id":"https:\/\/ineditfitness.com\/site\/#website"},"primaryImageOfPage":{"@id":"https:\/\/ineditfitness.com\/site\/conseils-personnalises-avec-aurelie\/#primaryimage"},"image":{"@id":"https:\/\/ineditfitness.com\/site\/conseils-personnalises-avec-aurelie\/#primaryimage"},"thumbnailUrl":"https:\/\/ineditfitness.com\/site\/wp-content\/uploads\/2025\/08\/Publication-Facebook-14.png","datePublished":"2024-06-15T11:10:50+00:00","dateModified":"2025-08-11T08:45:39+00:00","breadcrumb":{"@id":"https:\/\/ineditfitness.com\/site\/conseils-personnalises-avec-aurelie\/#breadcrumb"},"inLanguage":"fr-FR","potentialAction":[{"@type":"ReadAction","target":["https:\/\/ineditfitness.com\/site\/conseils-personnalises-avec-aurelie\/"]}]},{"@type":"ImageObject","inLanguage":"fr-FR","@id":"https:\/\/ineditfitness.com\/site\/conseils-personnalises-avec-aurelie\/#primaryimage","url":"https:\/\/ineditfitness.com\/site\/wp-content\/uploads\/2025\/08\/Publication-Facebook-14.png","contentUrl":"https:\/\/ineditfitness.com\/site\/wp-content\/uploads\/2025\/08\/Publication-Facebook-14.png","width":940,"height":788},{"@type":"BreadcrumbList","@id":"https:\/\/ineditfitness.com\/site\/conseils-personnalises-avec-aurelie\/#breadcrumb","itemListElement":[{"@type":"ListItem","position":1,"name":"Accueil","item":"https:\/\/ineditfitness.com\/site\/"},{"@type":"ListItem","position":2,"name":"Conseils personnalis\u00e9s &#8211; avec Aur\u00e9lie"}]},{"@type":"WebSite","@id":"https:\/\/ineditfitness.com\/site\/#website","url":"https:\/\/ineditfitness.com\/site\/","name":"INEDIT FITNESS | Chassieu","description":"Vous \u00eates unique, notre coaching aussi - Salle de Sport - Fitness - Stretching - Pilates - Training - Cardio - Marche Nordique - Coaching Individuel - Small groupe","publisher":{"@id":"https:\/\/ineditfitness.com\/site\/#organization"},"potentialAction":[{"@type":"SearchAction","target":{"@type":"EntryPoint","urlTemplate":"https:\/\/ineditfitness.com\/site\/?s={search_term_string}"},"query-input":{"@type":"PropertyValueSpecification","valueRequired":true,"valueName":"search_term_string"}}],"inLanguage":"fr-FR"},{"@type":"Organization","@id":"https:\/\/ineditfitness.com\/site\/#organization","name":"INEDIT FITNESS","url":"https:\/\/ineditfitness.com\/site\/","logo":{"@type":"ImageObject","inLanguage":"fr-FR","@id":"https:\/\/ineditfitness.com\/site\/#\/schema\/logo\/image\/","url":"https:\/\/ineditfitness.com\/site\/wp-content\/uploads\/2014\/12\/studio_inedit_fitness_logo_site.png","contentUrl":"https:\/\/ineditfitness.com\/site\/wp-content\/uploads\/2014\/12\/studio_inedit_fitness_logo_site.png","width":600,"height":210,"caption":"INEDIT FITNESS"},"image":{"@id":"https:\/\/ineditfitness.com\/site\/#\/schema\/logo\/image\/"}}]}},"_links":{"self":[{"href":"https:\/\/ineditfitness.com\/site\/wp-json\/wp\/v2\/pages\/13545","targetHints":{"allow":["GET"]}}],"collection":[{"href":"https:\/\/ineditfitness.com\/site\/wp-json\/wp\/v2\/pages"}],"about":[{"href":"https:\/\/ineditfitness.com\/site\/wp-json\/wp\/v2\/types\/page"}],"author":[{"embeddable":true,"href":"https:\/\/ineditfitness.com\/site\/wp-json\/wp\/v2\/users\/3"}],"replies":[{"embeddable":true,"href":"https:\/\/ineditfitness.com\/site\/wp-json\/wp\/v2\/comments?post=13545"}],"version-history":[{"count":2,"href":"https:\/\/ineditfitness.com\/site\/wp-json\/wp\/v2\/pages\/13545\/revisions"}],"predecessor-version":[{"id":14035,"href":"https:\/\/ineditfitness.com\/site\/wp-json\/wp\/v2\/pages\/13545\/revisions\/14035"}],"wp:featuredmedia":[{"embeddable":true,"href":"https:\/\/ineditfitness.com\/site\/wp-json\/wp\/v2\/media\/14040"}],"wp:attachment":[{"href":"https:\/\/ineditfitness.com\/site\/wp-json\/wp\/v2\/media?parent=13545"}],"curies":[{"name":"wp","href":"https:\/\/api.w.org\/{rel}","templated":true}]}}