{"id":12721,"date":"2021-12-12T20:02:23","date_gmt":"2021-12-12T19:02:23","guid":{"rendered":"https:\/\/ineditfitness.com\/site\/?page_id=12721"},"modified":"2022-04-06T09:06:21","modified_gmt":"2022-04-06T07:06:21","slug":"vod-15-jours-offerts","status":"publish","type":"page","link":"https:\/\/ineditfitness.com\/site\/vod-15-jours-offerts\/","title":{"rendered":"VOD &#8211; 15 jours offerts"},"content":{"rendered":"<div class=\"wpb-content-wrapper\"><p>[vc_row][vc_column][vc_column_text]<\/p>\n<h2 style=\"text-align: center;\"><span style=\"font-size: 36pt; color: #ff0000;\">D\u00e9couvrez gracieusement pendant 15 jours la Chaine In\u00e9dit Fitness !<\/span><\/h2>\n<p>[\/vc_column_text][vc_empty_space][vc_column_text]<\/p>\n<p style=\"text-align: center;\"><span style=\"font-size: 14pt;\">Vous souhaitez vous remettre en forme ?\u00a0 Bouger d&rsquo;avantage ?\u00a0 <\/span><span style=\"font-size: 14pt;\">Sans contraintes de temps ? Sans contraintes de trajets ? <\/span><\/p>\n<p style=\"text-align: center;\"><span style=\"font-size: 14pt;\">Optez pour les vid\u00e9os \u00e0 la demande !<\/span><\/p>\n<p style=\"text-align: center;\"><span style=\"font-size: 14pt;\">Aur\u00e9lie et Caroline, coachs sportives chez In\u00e9dit Fitness, vous ont pr\u00e9par\u00e9 diff\u00e9rentes s\u00e9ances en vid\u00e9os, pour vous ressourcer ou vous d\u00e9penser, \u00e0 suivre quand vous le souhaitez et o\u00f9 vous voulez, 24H\/24 et 7J\/7 !<\/span><\/p>\n<p style=\"text-align: center;\"><span style=\"font-size: 14pt;\">Vous \u00eates press\u00e9 ? Le format Express-15 min va vous s\u00e9duire ( Yoga, Pilates, Stretching, Swissball, r\u00e9veil musculaire, HIIT, abdos-dos, cuisses-fesses, zen attitude, relaxation)<\/span><\/p>\n<p style=\"text-align: center;\"><span style=\"font-size: 14pt;\">Vous souhaitez plus long ? Le Format standard 30-45 min sera vous satisfaire ( Yoga, Pilates, Stretching, Swissball, Training, Cardio, Zen attitude, relaxation)<\/span><\/p>\n<p style=\"text-align: center;\"><span style=\"font-size: 14pt;\">Vos coachs vous suivent de partout . . . Chez vous, en vacances, en d\u00e9placement !<\/span><\/p>\n<p>[\/vc_column_text][vc_empty_space][vc_empty_space][\/vc_column][\/vc_row][vc_row][vc_column width=\u00a0\u00bb1\/2&Prime;][vc_single_image image=\u00a0\u00bb12746&Prime; img_size=\u00a0\u00bblarge\u00a0\u00bb alignment=\u00a0\u00bbcenter\u00a0\u00bb][\/vc_column][vc_column width=\u00a0\u00bb1\/2&Prime;][vc_column_text]<\/p>\n<p style=\"text-align: center;\"><strong><span style=\"font-size: 14pt;\">Pour acc\u00e9dez \u00e0 la Chaine In\u00e9dit Fitness, remplissez le formulaire ci-dessous, un acc\u00e8s aux vid\u00e9os vous sera activ\u00e9\u00a0 sous 24H.<\/span><\/strong><\/p>\n<p>[\/vc_column_text][vc_empty_space][vc_column_text]\n<div class=\"wpcf7 no-js\" id=\"wpcf7-f12720-o1\" lang=\"fr-FR\" dir=\"ltr\" data-wpcf7-id=\"12720\">\n<div class=\"screen-reader-response\"><p role=\"status\" aria-live=\"polite\" aria-atomic=\"true\"><\/p> <ul><\/ul><\/div>\n<form action=\"\/site\/wp-json\/wp\/v2\/pages\/12721#wpcf7-f12720-o1\" method=\"post\" class=\"wpcf7-form init\" aria-label=\"Formulaire de contact\" novalidate=\"novalidate\" data-status=\"init\">\n<fieldset class=\"hidden-fields-container\"><input type=\"hidden\" name=\"_wpcf7\" value=\"12720\" \/><input type=\"hidden\" name=\"_wpcf7_version\" value=\"6.1.5\" \/><input type=\"hidden\" name=\"_wpcf7_locale\" value=\"fr_FR\" \/><input type=\"hidden\" name=\"_wpcf7_unit_tag\" value=\"wpcf7-f12720-o1\" \/><input type=\"hidden\" name=\"_wpcf7_container_post\" value=\"0\" \/><input type=\"hidden\" name=\"_wpcf7_posted_data_hash\" value=\"\" \/><input type=\"hidden\" name=\"_wpcf7_recaptcha_response\" value=\"\" \/>\n<\/fieldset>\n<p>Votre nom et pr\u00e9nom (*)\n<\/p>\n<p><span class=\"wpcf7-form-control-wrap\" data-name=\"your-name\"><input size=\"40\" maxlength=\"400\" class=\"wpcf7-form-control wpcf7-text wpcf7-validates-as-required\" aria-required=\"true\" aria-invalid=\"false\" value=\"\" type=\"text\" name=\"your-name\" \/><\/span>\n<\/p>\n<p>Votre email (*)\n<\/p>\n<p><span class=\"wpcf7-form-control-wrap\" data-name=\"your-email\"><input size=\"40\" maxlength=\"400\" class=\"wpcf7-form-control wpcf7-email wpcf7-validates-as-required wpcf7-text wpcf7-validates-as-email\" aria-required=\"true\" aria-invalid=\"false\" value=\"\" type=\"email\" name=\"your-email\" \/><\/span>\n<\/p>\n<p>Votre portable (*)\n<\/p>\n<p><span class=\"wpcf7-form-control-wrap\" data-name=\"yourtel\"><input size=\"40\" maxlength=\"400\" class=\"wpcf7-form-control wpcf7-tel wpcf7-text wpcf7-validates-as-tel\" aria-invalid=\"false\" value=\"\" type=\"tel\" name=\"yourtel\" \/><\/span>\n<\/p>\n<p><span class=\"wpcf7-form-control-wrap\" data-name=\"acceptance-876\"><span class=\"wpcf7-form-control wpcf7-acceptance\"><span class=\"wpcf7-list-item\"><label><input type=\"checkbox\" name=\"acceptance-876\" value=\"1\" aria-invalid=\"false\" \/><span class=\"wpcf7-list-item-label\">J'accepte les termes et conditions \u00e9nonc\u00e9s dans la <a href=\"http:\/\/ineditfitness.com\/site\/politique-de-confidentialite\/\" target=\"_blank\">Politique de Confidentialit\u00e9<\/a> *<\/span><\/label><\/span><\/span><\/span>\n<\/p>\n<p>\n<span class=\"wpcf7-form-control-wrap recaptcha\" data-name=\"recaptcha\"><span data-sitekey=\"6Lc8jB0UAAAAAMT49wv6Z9-FVv1XTuYOeacav4Jc\" class=\"wpcf7-form-control wpcf7-recaptcha g-recaptcha\"><\/span>\r\n<noscript>\r\n\t<div class=\"grecaptcha-noscript\">\r\n\t\t<iframe loading=\"lazy\" src=\"https:\/\/www.google.com\/recaptcha\/api\/fallback?k=6Lc8jB0UAAAAAMT49wv6Z9-FVv1XTuYOeacav4Jc\" frameborder=\"0\" scrolling=\"no\" width=\"310\" height=\"430\">\r\n\t\t<\/iframe>\r\n\t\t<textarea name=\"g-recaptcha-response\" rows=\"3\" cols=\"40\" placeholder=\"reCaptcha Response Here\">\r\n\t\t<\/textarea>\r\n\t<\/div>\r\n<\/noscript>\r\n<\/span>\n<\/p>\n<p><input class=\"wpcf7-form-control wpcf7-submit has-spinner\" type=\"submit\" value=\"Envoyer\" \/>\n<\/p>\n<p><i>(* : requis)<\/i>\n<\/p><input type=\"hidden\" id=\"ct_checkjs_cf7_1ff1de774005f8da13f42943881c655f\" name=\"ct_checkjs_cf7\" value=\"0\" \/><script >setTimeout(function(){var ct_input_name = \"ct_checkjs_cf7_1ff1de774005f8da13f42943881c655f\";if (document.getElementById(ct_input_name) !== null) {var ct_input_value = document.getElementById(ct_input_name).value;document.getElementById(ct_input_name).value = document.getElementById(ct_input_name).value.replace(ct_input_value, '31ca0b22c4c65a12d982c9c7d1eaaec95a4ac2b0ff992b2e96ff1c4121ae2e63');}}, 1000);<\/script><input\n                    class=\"apbct_special_field apbct_email_id__wp_contact_form_7\"\n                    name=\"apbct__email_id__wp_contact_form_7\"\n                    aria-label=\"apbct__label_id__wp_contact_form_7\"\n                    type=\"text\" size=\"30\" maxlength=\"200\" autocomplete=\"off\"\n                    value=\"\"\n                \/><div class=\"wpcf7-response-output\" aria-hidden=\"true\"><\/div>\n<\/form>\n<\/div>\n[\/vc_column_text][\/vc_column][\/vc_row]<\/p>\n<\/div>","protected":false},"excerpt":{"rendered":"<p>[vc_row][vc_column][vc_column_text] D\u00e9couvrez gracieusement pendant 15 jours la Chaine In\u00e9dit Fitness ! [\/vc_column_text][vc_empty_space][vc_column_text] Vous souhaitez vous remettre en forme ?\u00a0 Bouger d&rsquo;avantage ?\u00a0 Sans contraintes de temps ? Sans contraintes de trajets ? Optez pour les vid\u00e9os \u00e0 la demande ! Aur\u00e9lie et Caroline, coachs sportives chez In\u00e9dit Fitness, vous ont pr\u00e9par\u00e9 diff\u00e9rentes s\u00e9ances en vid\u00e9os,<\/p>\n","protected":false},"author":3,"featured_media":12746,"parent":0,"menu_order":0,"comment_status":"closed","ping_status":"closed","template":"","meta":{"footnotes":""},"class_list":["post-12721","page","type-page","status-publish","has-post-thumbnail","hentry"],"yoast_head":"<!-- This site is optimized with the Yoast SEO plugin v27.4 - https:\/\/yoast.com\/product\/yoast-seo-wordpress\/ -->\n<title>VOD - 15 jours offerts - INEDIT FITNESS | Chassieu<\/title>\n<meta name=\"robots\" content=\"index, follow, max-snippet:-1, max-image-preview:large, max-video-preview:-1\" \/>\n<link rel=\"canonical\" href=\"https:\/\/ineditfitness.com\/site\/vod-15-jours-offerts\/\" \/>\n<meta property=\"og:locale\" content=\"fr_FR\" \/>\n<meta property=\"og:type\" content=\"article\" \/>\n<meta property=\"og:title\" content=\"VOD - 15 jours offerts - INEDIT FITNESS | Chassieu\" \/>\n<meta property=\"og:description\" content=\"[vc_row][vc_column][vc_column_text] D\u00e9couvrez gracieusement pendant 15 jours la Chaine In\u00e9dit Fitness ! [\/vc_column_text][vc_empty_space][vc_column_text] Vous souhaitez vous remettre en forme ?\u00a0 Bouger d&rsquo;avantage ?\u00a0 Sans contraintes de temps ? Sans contraintes de trajets ? Optez pour les vid\u00e9os \u00e0 la demande ! Aur\u00e9lie et Caroline, coachs sportives chez In\u00e9dit Fitness, vous ont pr\u00e9par\u00e9 diff\u00e9rentes s\u00e9ances en vid\u00e9os,\" \/>\n<meta property=\"og:url\" content=\"https:\/\/ineditfitness.com\/site\/vod-15-jours-offerts\/\" \/>\n<meta property=\"og:site_name\" content=\"INEDIT FITNESS | Chassieu\" \/>\n<meta property=\"article:modified_time\" content=\"2022-04-06T07:06:21+00:00\" \/>\n<meta property=\"og:image\" content=\"https:\/\/ineditfitness.com\/site\/wp-content\/uploads\/2021\/12\/videos-a-la-demande-1.jpg\" \/>\n\t<meta property=\"og:image:width\" content=\"940\" \/>\n\t<meta property=\"og:image:height\" content=\"788\" \/>\n\t<meta property=\"og:image:type\" content=\"image\/jpeg\" \/>\n<meta name=\"twitter:label1\" content=\"Dur\u00e9e de lecture estim\u00e9e\" \/>\n\t<meta name=\"twitter:data1\" content=\"1 minute\" \/>\n<script type=\"application\/ld+json\" class=\"yoast-schema-graph\">{\"@context\":\"https:\\\/\\\/schema.org\",\"@graph\":[{\"@type\":\"WebPage\",\"@id\":\"https:\\\/\\\/ineditfitness.com\\\/site\\\/vod-15-jours-offerts\\\/\",\"url\":\"https:\\\/\\\/ineditfitness.com\\\/site\\\/vod-15-jours-offerts\\\/\",\"name\":\"VOD - 15 jours offerts - INEDIT FITNESS | Chassieu\",\"isPartOf\":{\"@id\":\"https:\\\/\\\/ineditfitness.com\\\/site\\\/#website\"},\"primaryImageOfPage\":{\"@id\":\"https:\\\/\\\/ineditfitness.com\\\/site\\\/vod-15-jours-offerts\\\/#primaryimage\"},\"image\":{\"@id\":\"https:\\\/\\\/ineditfitness.com\\\/site\\\/vod-15-jours-offerts\\\/#primaryimage\"},\"thumbnailUrl\":\"https:\\\/\\\/ineditfitness.com\\\/site\\\/wp-content\\\/uploads\\\/2021\\\/12\\\/videos-a-la-demande-1.jpg\",\"datePublished\":\"2021-12-12T19:02:23+00:00\",\"dateModified\":\"2022-04-06T07:06:21+00:00\",\"breadcrumb\":{\"@id\":\"https:\\\/\\\/ineditfitness.com\\\/site\\\/vod-15-jours-offerts\\\/#breadcrumb\"},\"inLanguage\":\"fr-FR\",\"potentialAction\":[{\"@type\":\"ReadAction\",\"target\":[\"https:\\\/\\\/ineditfitness.com\\\/site\\\/vod-15-jours-offerts\\\/\"]}]},{\"@type\":\"ImageObject\",\"inLanguage\":\"fr-FR\",\"@id\":\"https:\\\/\\\/ineditfitness.com\\\/site\\\/vod-15-jours-offerts\\\/#primaryimage\",\"url\":\"https:\\\/\\\/ineditfitness.com\\\/site\\\/wp-content\\\/uploads\\\/2021\\\/12\\\/videos-a-la-demande-1.jpg\",\"contentUrl\":\"https:\\\/\\\/ineditfitness.com\\\/site\\\/wp-content\\\/uploads\\\/2021\\\/12\\\/videos-a-la-demande-1.jpg\",\"width\":940,\"height\":788},{\"@type\":\"BreadcrumbList\",\"@id\":\"https:\\\/\\\/ineditfitness.com\\\/site\\\/vod-15-jours-offerts\\\/#breadcrumb\",\"itemListElement\":[{\"@type\":\"ListItem\",\"position\":1,\"name\":\"Accueil\",\"item\":\"https:\\\/\\\/ineditfitness.com\\\/site\\\/\"},{\"@type\":\"ListItem\",\"position\":2,\"name\":\"VOD &#8211; 15 jours offerts\"}]},{\"@type\":\"WebSite\",\"@id\":\"https:\\\/\\\/ineditfitness.com\\\/site\\\/#website\",\"url\":\"https:\\\/\\\/ineditfitness.com\\\/site\\\/\",\"name\":\"INEDIT FITNESS | Chassieu\",\"description\":\"Vous \u00eates unique, notre coaching aussi - Salle de Sport - Fitness - Stretching - Pilates - Training - Cardio - Marche Nordique - Coaching Individuel - Small groupe\",\"publisher\":{\"@id\":\"https:\\\/\\\/ineditfitness.com\\\/site\\\/#organization\"},\"potentialAction\":[{\"@type\":\"SearchAction\",\"target\":{\"@type\":\"EntryPoint\",\"urlTemplate\":\"https:\\\/\\\/ineditfitness.com\\\/site\\\/?s={search_term_string}\"},\"query-input\":{\"@type\":\"PropertyValueSpecification\",\"valueRequired\":true,\"valueName\":\"search_term_string\"}}],\"inLanguage\":\"fr-FR\"},{\"@type\":\"Organization\",\"@id\":\"https:\\\/\\\/ineditfitness.com\\\/site\\\/#organization\",\"name\":\"INEDIT FITNESS\",\"url\":\"https:\\\/\\\/ineditfitness.com\\\/site\\\/\",\"logo\":{\"@type\":\"ImageObject\",\"inLanguage\":\"fr-FR\",\"@id\":\"https:\\\/\\\/ineditfitness.com\\\/site\\\/#\\\/schema\\\/logo\\\/image\\\/\",\"url\":\"https:\\\/\\\/ineditfitness.com\\\/site\\\/wp-content\\\/uploads\\\/2014\\\/12\\\/studio_inedit_fitness_logo_site.png\",\"contentUrl\":\"https:\\\/\\\/ineditfitness.com\\\/site\\\/wp-content\\\/uploads\\\/2014\\\/12\\\/studio_inedit_fitness_logo_site.png\",\"width\":600,\"height\":210,\"caption\":\"INEDIT FITNESS\"},\"image\":{\"@id\":\"https:\\\/\\\/ineditfitness.com\\\/site\\\/#\\\/schema\\\/logo\\\/image\\\/\"}}]}<\/script>\n<!-- \/ Yoast SEO plugin. -->","yoast_head_json":{"title":"VOD - 15 jours offerts - INEDIT FITNESS | Chassieu","robots":{"index":"index","follow":"follow","max-snippet":"max-snippet:-1","max-image-preview":"max-image-preview:large","max-video-preview":"max-video-preview:-1"},"canonical":"https:\/\/ineditfitness.com\/site\/vod-15-jours-offerts\/","og_locale":"fr_FR","og_type":"article","og_title":"VOD - 15 jours offerts - INEDIT FITNESS | Chassieu","og_description":"[vc_row][vc_column][vc_column_text] D\u00e9couvrez gracieusement pendant 15 jours la Chaine In\u00e9dit Fitness ! [\/vc_column_text][vc_empty_space][vc_column_text] Vous souhaitez vous remettre en forme ?\u00a0 Bouger d&rsquo;avantage ?\u00a0 Sans contraintes de temps ? Sans contraintes de trajets ? Optez pour les vid\u00e9os \u00e0 la demande ! Aur\u00e9lie et Caroline, coachs sportives chez In\u00e9dit Fitness, vous ont pr\u00e9par\u00e9 diff\u00e9rentes s\u00e9ances en vid\u00e9os,","og_url":"https:\/\/ineditfitness.com\/site\/vod-15-jours-offerts\/","og_site_name":"INEDIT FITNESS | Chassieu","article_modified_time":"2022-04-06T07:06:21+00:00","og_image":[{"width":940,"height":788,"url":"https:\/\/ineditfitness.com\/site\/wp-content\/uploads\/2021\/12\/videos-a-la-demande-1.jpg","type":"image\/jpeg"}],"twitter_misc":{"Dur\u00e9e de lecture estim\u00e9e":"1 minute"},"schema":{"@context":"https:\/\/schema.org","@graph":[{"@type":"WebPage","@id":"https:\/\/ineditfitness.com\/site\/vod-15-jours-offerts\/","url":"https:\/\/ineditfitness.com\/site\/vod-15-jours-offerts\/","name":"VOD - 15 jours offerts - INEDIT FITNESS | Chassieu","isPartOf":{"@id":"https:\/\/ineditfitness.com\/site\/#website"},"primaryImageOfPage":{"@id":"https:\/\/ineditfitness.com\/site\/vod-15-jours-offerts\/#primaryimage"},"image":{"@id":"https:\/\/ineditfitness.com\/site\/vod-15-jours-offerts\/#primaryimage"},"thumbnailUrl":"https:\/\/ineditfitness.com\/site\/wp-content\/uploads\/2021\/12\/videos-a-la-demande-1.jpg","datePublished":"2021-12-12T19:02:23+00:00","dateModified":"2022-04-06T07:06:21+00:00","breadcrumb":{"@id":"https:\/\/ineditfitness.com\/site\/vod-15-jours-offerts\/#breadcrumb"},"inLanguage":"fr-FR","potentialAction":[{"@type":"ReadAction","target":["https:\/\/ineditfitness.com\/site\/vod-15-jours-offerts\/"]}]},{"@type":"ImageObject","inLanguage":"fr-FR","@id":"https:\/\/ineditfitness.com\/site\/vod-15-jours-offerts\/#primaryimage","url":"https:\/\/ineditfitness.com\/site\/wp-content\/uploads\/2021\/12\/videos-a-la-demande-1.jpg","contentUrl":"https:\/\/ineditfitness.com\/site\/wp-content\/uploads\/2021\/12\/videos-a-la-demande-1.jpg","width":940,"height":788},{"@type":"BreadcrumbList","@id":"https:\/\/ineditfitness.com\/site\/vod-15-jours-offerts\/#breadcrumb","itemListElement":[{"@type":"ListItem","position":1,"name":"Accueil","item":"https:\/\/ineditfitness.com\/site\/"},{"@type":"ListItem","position":2,"name":"VOD &#8211; 15 jours offerts"}]},{"@type":"WebSite","@id":"https:\/\/ineditfitness.com\/site\/#website","url":"https:\/\/ineditfitness.com\/site\/","name":"INEDIT FITNESS | Chassieu","description":"Vous \u00eates unique, notre coaching aussi - Salle de Sport - Fitness - Stretching - Pilates - Training - Cardio - Marche Nordique - Coaching Individuel - Small groupe","publisher":{"@id":"https:\/\/ineditfitness.com\/site\/#organization"},"potentialAction":[{"@type":"SearchAction","target":{"@type":"EntryPoint","urlTemplate":"https:\/\/ineditfitness.com\/site\/?s={search_term_string}"},"query-input":{"@type":"PropertyValueSpecification","valueRequired":true,"valueName":"search_term_string"}}],"inLanguage":"fr-FR"},{"@type":"Organization","@id":"https:\/\/ineditfitness.com\/site\/#organization","name":"INEDIT FITNESS","url":"https:\/\/ineditfitness.com\/site\/","logo":{"@type":"ImageObject","inLanguage":"fr-FR","@id":"https:\/\/ineditfitness.com\/site\/#\/schema\/logo\/image\/","url":"https:\/\/ineditfitness.com\/site\/wp-content\/uploads\/2014\/12\/studio_inedit_fitness_logo_site.png","contentUrl":"https:\/\/ineditfitness.com\/site\/wp-content\/uploads\/2014\/12\/studio_inedit_fitness_logo_site.png","width":600,"height":210,"caption":"INEDIT FITNESS"},"image":{"@id":"https:\/\/ineditfitness.com\/site\/#\/schema\/logo\/image\/"}}]}},"_links":{"self":[{"href":"https:\/\/ineditfitness.com\/site\/wp-json\/wp\/v2\/pages\/12721","targetHints":{"allow":["GET"]}}],"collection":[{"href":"https:\/\/ineditfitness.com\/site\/wp-json\/wp\/v2\/pages"}],"about":[{"href":"https:\/\/ineditfitness.com\/site\/wp-json\/wp\/v2\/types\/page"}],"author":[{"embeddable":true,"href":"https:\/\/ineditfitness.com\/site\/wp-json\/wp\/v2\/users\/3"}],"replies":[{"embeddable":true,"href":"https:\/\/ineditfitness.com\/site\/wp-json\/wp\/v2\/comments?post=12721"}],"version-history":[{"count":0,"href":"https:\/\/ineditfitness.com\/site\/wp-json\/wp\/v2\/pages\/12721\/revisions"}],"wp:featuredmedia":[{"embeddable":true,"href":"https:\/\/ineditfitness.com\/site\/wp-json\/wp\/v2\/media\/12746"}],"wp:attachment":[{"href":"https:\/\/ineditfitness.com\/site\/wp-json\/wp\/v2\/media?parent=12721"}],"curies":[{"name":"wp","href":"https:\/\/api.w.org\/{rel}","templated":true}]}}