{"id":10126,"date":"2020-06-03T23:14:23","date_gmt":"2020-06-03T21:14:23","guid":{"rendered":"https:\/\/ineditfitness.com\/site\/?page_id=10126"},"modified":"2021-05-31T17:59:49","modified_gmt":"2021-05-31T15:59:49","slug":"mesures-sanitaires","status":"publish","type":"page","link":"https:\/\/ineditfitness.com\/site\/mesures-sanitaires\/","title":{"rendered":"Mesures sanitaires"},"content":{"rendered":"<div class=\"wpb-content-wrapper\"><p>[vc_row][vc_column][vc_column_text]<\/p>\n<h1 style=\"text-align: center;\"><span style=\"font-size: 36pt;\">Conditions d&rsquo;acc\u00e8s en salle<br \/>\n<\/span><\/h1>\n<p>[\/vc_column_text][vc_column_text]<\/p>\n<p style=\"text-align: center;\"><span style=\"font-size: 12pt;\">Derni\u00e8res mises \u00e0 jour le 31\/05\/2021<br \/>\n<\/span><\/p>\n<p>[\/vc_column_text][vc_empty_space][vc_column_text]<\/p>\n<p style=\"text-align: center;\"><span style=\"font-size: 14pt;\">Afin de lutter contre la pand\u00e9mie Covid-19, le port du masque est obligatoire.<\/span><\/p>\n<p style=\"text-align: center;\"><span style=\"font-size: 14pt;\">Il faudra porter son masque pour entrer, circuler et sortir de la salle<i>.<\/i> En revanche, <em>\u00ab\u00a0<\/em><u>on l&rsquo;enl\u00e8vera au moment de faire du sport\u00a0\u00bb.<\/u><\/span><\/p>\n<p>[\/vc_column_text][vc_empty_space][\/vc_column][\/vc_row][vc_row][vc_column][vc_column_text]<\/p>\n<h2 style=\"text-align: center;\"><span style=\"font-size: 18pt;\">Voici les conditions d&rsquo;acc\u00e8s pour tous les clients qui souhaitent assister aux s\u00e9ances coach\u00e9es en salle . . .<br \/>\n<\/span><\/h2>\n<p>[\/vc_column_text][vc_empty_space][vc_column_text]<\/p>\n<p style=\"text-align: center;\"><strong><span style=\"font-size: 14pt;\">Si vous avez de la fi\u00e8vre, de la toux, merci de rester chez vous et de consulter votre m\u00e9decin<\/span><\/strong><\/p>\n<h2><span style=\"font-size: 14pt;\"><span style=\"font-size: 18pt;\">Acc\u00e8s \u00e0 la salle<\/span><br \/>\n<\/span><\/h2>\n<p><span style=\"font-size: 14pt;\">=&gt; Pour assister \u00e0 une s\u00e9ance, une r\u00e9servation doit \u00eatre effectu\u00e9e au pr\u00e9alable<\/span><\/p>\n<p><span style=\"font-size: 14pt;\">=&gt; Pr\u00e9sentez vous 5 minutes avant le d\u00e9but de la s\u00e9ance<\/span><\/p>\n<p><span style=\"font-size: 14pt;\">=&gt; Aucun accompagnateur n&rsquo;est accept\u00e9 au sein de l&rsquo;\u00e9tablissement<\/span><\/p>\n<p><span style=\"font-size: 14pt;\">=&gt; Apr\u00e8s avoir pouss\u00e9 la porte, <span style=\"text-decoration: underline;\">le client se d\u00e9sinfecte les mains avec du gel hydroalcoolique<\/span> mis \u00e0 disposition \u00e0 l&rsquo;entr\u00e9e. Les distanciations sociales doivent \u00eatre respect\u00e9 au sein de l&rsquo;\u00e9tablissement <\/span><\/p>\n<h2><span style=\"font-size: 14pt;\"><span style=\"font-size: 18pt;\">Acc\u00e8s aux vestiaires<\/span><br \/>\n<\/span><\/h2>\n<p><span style=\"font-size: 14pt;\">=&gt; Les vestiaires sont accessible en nombre limit\u00e9 ( nous conseillons de venir en tenue de sport pour fluidifi\u00e9 l&rsquo;acc\u00e8s) Pour ceux qui n&rsquo;ont pas besoin d&rsquo;acc\u00e9der aux vestiaires, un espace est am\u00e9nag\u00e9 pour changer de chaussures. Interdiction de pratiquer pieds nul ou avec vos chaussures venant de l&rsquo;ext\u00e9rieur.<\/span><span style=\"font-size: 14pt;\"><br \/>\n<\/span><\/p>\n<p><span style=\"font-size: 14pt;\">=&gt; Les vestiaires sont am\u00e9nag\u00e9s pour recevoir un nombre limit\u00e9 de clients en respectant les distanciations sociales. Le port du masque est obligatoire dans les vestiaires. Les casiers et les douches individuelles sont accessible. Les s\u00e8ches cheveux sont interdit jusqu&rsquo;\u00e0 nouvel ordre.<strong><span style=\"text-decoration: underline;\"><br \/>\n<\/span><\/strong><\/span><\/p>\n<p><span style=\"font-size: 14pt;\">=&gt; Le temps pass\u00e9 dans le vestiaire doit \u00eatre limit\u00e9 pour fluidifier le passage <\/span><\/p>\n<h2><span style=\"font-size: 18pt;\">D\u00e9roulement des s\u00e9ances<\/span><\/h2>\n<p><span style=\"font-size: 14pt;\">=&gt; Le client acc\u00e8de \u00e0 un espace de 6m2 d\u00e9limit\u00e9<br \/>\n<\/span><\/p>\n<p><span style=\"font-size: 14pt;\">=&gt; Le mat\u00e9riel est d\u00e9j\u00e0 install\u00e9, <span style=\"text-decoration: underline;\">il devra rester dans son espace toute la s\u00e9ance<\/span><\/span><\/p>\n<p><span style=\"font-size: 14pt;\">=&gt; A la fin de la s\u00e9ance, le client laisse le mat\u00e9riel utilis\u00e9 sur place. Il quitte son espace pour changer de chaussures<br \/>\n<\/span><\/p>\n<p><span style=\"font-size: 14pt;\">=&gt; Le mat\u00e9riel est nettoy\u00e9 par le coach avant d&rsquo;\u00eatre rang\u00e9<br \/>\n<\/span>[\/vc_column_text][vc_empty_space][\/vc_column][\/vc_row][vc_row][vc_column width=\u00a0\u00bb1\/2&Prime;][vc_single_image image=\u00a0\u00bb10127&Prime; img_size=\u00a0\u00bblarge\u00a0\u00bb alignment=\u00a0\u00bbcenter\u00a0\u00bb][\/vc_column][vc_column width=\u00a0\u00bb1\/2&Prime;][vc_empty_space][vc_column_text]<\/p>\n<h2 style=\"text-align: center;\"><span style=\"font-size: 18pt; color: #ff0000;\">Tr\u00e8s important . . .<\/span><\/h2>\n<p>[\/vc_column_text][vc_column_text]<\/p>\n<h4 style=\"text-align: center;\"><span style=\"font-size: 14pt;\">Votre serviette est obligatoire (grande serviette de plage) <\/span><\/h4>\n<h4 style=\"text-align: center;\"><span style=\"font-size: 14pt;\">ainsi qu&rsquo;une paire de basket r\u00e9serv\u00e9e \u00e0 la pratique en int\u00e9rieur (en chaussette pour les s\u00e9ances \u00ab\u00a0se ressourcer\u00a0\u00bb, Pilates, Yoga, Stretching)<\/span><\/h4>\n<p>&nbsp;<\/p>\n<h4 style=\"text-align: center;\"><span style=\"text-decoration: underline; font-size: 14pt;\"> En cas d&rsquo;oublie, la s\u00e9ance ne pourra pas \u00eatre effectu\u00e9e et elle sera d\u00fb<\/span><\/h4>\n<p>[\/vc_column_text][vc_column_text]<\/p>\n<h2 style=\"text-align: center;\"><span style=\"font-size: 18pt; color: #ff0000;\">Les vestiaires sont accessibles<br \/>\n<\/span><\/h2>\n<p>[\/vc_column_text][\/vc_column][\/vc_row]<\/p>\n<\/div>","protected":false},"excerpt":{"rendered":"<p>[vc_row][vc_column][vc_column_text] Conditions d&rsquo;acc\u00e8s en salle [\/vc_column_text][vc_column_text] Derni\u00e8res mises \u00e0 jour le 31\/05\/2021 [\/vc_column_text][vc_empty_space][vc_column_text] Afin de lutter contre la pand\u00e9mie Covid-19, le port du masque est obligatoire. Il faudra porter son masque pour entrer, circuler et sortir de la salle. En revanche, \u00ab\u00a0on l&rsquo;enl\u00e8vera au moment de faire du sport\u00a0\u00bb. [\/vc_column_text][vc_empty_space][\/vc_column][\/vc_row][vc_row][vc_column][vc_column_text] Voici les conditions d&rsquo;acc\u00e8s pour<\/p>\n","protected":false},"author":3,"featured_media":0,"parent":0,"menu_order":0,"comment_status":"closed","ping_status":"closed","template":"page-templates\/full-width.php","meta":{"footnotes":""},"class_list":["post-10126","page","type-page","status-publish","hentry"],"yoast_head":"<!-- This site is optimized with the Yoast SEO plugin v27.4 - https:\/\/yoast.com\/product\/yoast-seo-wordpress\/ -->\n<title>Mesures sanitaires - INEDIT FITNESS | Chassieu<\/title>\n<meta name=\"robots\" content=\"index, follow, max-snippet:-1, max-image-preview:large, max-video-preview:-1\" \/>\n<link rel=\"canonical\" href=\"https:\/\/ineditfitness.com\/site\/mesures-sanitaires\/\" \/>\n<meta property=\"og:locale\" content=\"fr_FR\" \/>\n<meta property=\"og:type\" content=\"article\" \/>\n<meta property=\"og:title\" content=\"Mesures sanitaires - INEDIT FITNESS | Chassieu\" \/>\n<meta property=\"og:description\" content=\"[vc_row][vc_column][vc_column_text] Conditions d&rsquo;acc\u00e8s en salle [\/vc_column_text][vc_column_text] Derni\u00e8res mises \u00e0 jour le 31\/05\/2021 [\/vc_column_text][vc_empty_space][vc_column_text] Afin de lutter contre la pand\u00e9mie Covid-19, le port du masque est obligatoire. Il faudra porter son masque pour entrer, circuler et sortir de la salle. En revanche, \u00ab\u00a0on l&rsquo;enl\u00e8vera au moment de faire du sport\u00a0\u00bb. [\/vc_column_text][vc_empty_space][\/vc_column][\/vc_row][vc_row][vc_column][vc_column_text] Voici les conditions d&rsquo;acc\u00e8s pour\" \/>\n<meta property=\"og:url\" content=\"https:\/\/ineditfitness.com\/site\/mesures-sanitaires\/\" \/>\n<meta property=\"og:site_name\" content=\"INEDIT FITNESS | Chassieu\" \/>\n<meta property=\"article:modified_time\" content=\"2021-05-31T15:59:49+00:00\" \/>\n<meta name=\"twitter:label1\" content=\"Dur\u00e9e de lecture estim\u00e9e\" \/>\n\t<meta name=\"twitter:data1\" content=\"2 minutes\" \/>\n<script type=\"application\/ld+json\" class=\"yoast-schema-graph\">{\"@context\":\"https:\\\/\\\/schema.org\",\"@graph\":[{\"@type\":\"WebPage\",\"@id\":\"https:\\\/\\\/ineditfitness.com\\\/site\\\/mesures-sanitaires\\\/\",\"url\":\"https:\\\/\\\/ineditfitness.com\\\/site\\\/mesures-sanitaires\\\/\",\"name\":\"Mesures sanitaires - INEDIT FITNESS | Chassieu\",\"isPartOf\":{\"@id\":\"https:\\\/\\\/ineditfitness.com\\\/site\\\/#website\"},\"datePublished\":\"2020-06-03T21:14:23+00:00\",\"dateModified\":\"2021-05-31T15:59:49+00:00\",\"breadcrumb\":{\"@id\":\"https:\\\/\\\/ineditfitness.com\\\/site\\\/mesures-sanitaires\\\/#breadcrumb\"},\"inLanguage\":\"fr-FR\",\"potentialAction\":[{\"@type\":\"ReadAction\",\"target\":[\"https:\\\/\\\/ineditfitness.com\\\/site\\\/mesures-sanitaires\\\/\"]}]},{\"@type\":\"BreadcrumbList\",\"@id\":\"https:\\\/\\\/ineditfitness.com\\\/site\\\/mesures-sanitaires\\\/#breadcrumb\",\"itemListElement\":[{\"@type\":\"ListItem\",\"position\":1,\"name\":\"Accueil\",\"item\":\"https:\\\/\\\/ineditfitness.com\\\/site\\\/\"},{\"@type\":\"ListItem\",\"position\":2,\"name\":\"Mesures sanitaires\"}]},{\"@type\":\"WebSite\",\"@id\":\"https:\\\/\\\/ineditfitness.com\\\/site\\\/#website\",\"url\":\"https:\\\/\\\/ineditfitness.com\\\/site\\\/\",\"name\":\"INEDIT FITNESS | Chassieu\",\"description\":\"Vous \u00eates unique, notre coaching aussi - Salle de Sport - Fitness - Stretching - Pilates - Training - Cardio - Marche Nordique - Coaching Individuel - Small groupe\",\"publisher\":{\"@id\":\"https:\\\/\\\/ineditfitness.com\\\/site\\\/#organization\"},\"potentialAction\":[{\"@type\":\"SearchAction\",\"target\":{\"@type\":\"EntryPoint\",\"urlTemplate\":\"https:\\\/\\\/ineditfitness.com\\\/site\\\/?s={search_term_string}\"},\"query-input\":{\"@type\":\"PropertyValueSpecification\",\"valueRequired\":true,\"valueName\":\"search_term_string\"}}],\"inLanguage\":\"fr-FR\"},{\"@type\":\"Organization\",\"@id\":\"https:\\\/\\\/ineditfitness.com\\\/site\\\/#organization\",\"name\":\"INEDIT FITNESS\",\"url\":\"https:\\\/\\\/ineditfitness.com\\\/site\\\/\",\"logo\":{\"@type\":\"ImageObject\",\"inLanguage\":\"fr-FR\",\"@id\":\"https:\\\/\\\/ineditfitness.com\\\/site\\\/#\\\/schema\\\/logo\\\/image\\\/\",\"url\":\"https:\\\/\\\/ineditfitness.com\\\/site\\\/wp-content\\\/uploads\\\/2014\\\/12\\\/studio_inedit_fitness_logo_site.png\",\"contentUrl\":\"https:\\\/\\\/ineditfitness.com\\\/site\\\/wp-content\\\/uploads\\\/2014\\\/12\\\/studio_inedit_fitness_logo_site.png\",\"width\":600,\"height\":210,\"caption\":\"INEDIT FITNESS\"},\"image\":{\"@id\":\"https:\\\/\\\/ineditfitness.com\\\/site\\\/#\\\/schema\\\/logo\\\/image\\\/\"}}]}<\/script>\n<!-- \/ Yoast SEO plugin. -->","yoast_head_json":{"title":"Mesures sanitaires - INEDIT FITNESS | Chassieu","robots":{"index":"index","follow":"follow","max-snippet":"max-snippet:-1","max-image-preview":"max-image-preview:large","max-video-preview":"max-video-preview:-1"},"canonical":"https:\/\/ineditfitness.com\/site\/mesures-sanitaires\/","og_locale":"fr_FR","og_type":"article","og_title":"Mesures sanitaires - INEDIT FITNESS | Chassieu","og_description":"[vc_row][vc_column][vc_column_text] Conditions d&rsquo;acc\u00e8s en salle [\/vc_column_text][vc_column_text] Derni\u00e8res mises \u00e0 jour le 31\/05\/2021 [\/vc_column_text][vc_empty_space][vc_column_text] Afin de lutter contre la pand\u00e9mie Covid-19, le port du masque est obligatoire. Il faudra porter son masque pour entrer, circuler et sortir de la salle. En revanche, \u00ab\u00a0on l&rsquo;enl\u00e8vera au moment de faire du sport\u00a0\u00bb. [\/vc_column_text][vc_empty_space][\/vc_column][\/vc_row][vc_row][vc_column][vc_column_text] Voici les conditions d&rsquo;acc\u00e8s pour","og_url":"https:\/\/ineditfitness.com\/site\/mesures-sanitaires\/","og_site_name":"INEDIT FITNESS | Chassieu","article_modified_time":"2021-05-31T15:59:49+00:00","twitter_misc":{"Dur\u00e9e de lecture estim\u00e9e":"2 minutes"},"schema":{"@context":"https:\/\/schema.org","@graph":[{"@type":"WebPage","@id":"https:\/\/ineditfitness.com\/site\/mesures-sanitaires\/","url":"https:\/\/ineditfitness.com\/site\/mesures-sanitaires\/","name":"Mesures sanitaires - INEDIT FITNESS | Chassieu","isPartOf":{"@id":"https:\/\/ineditfitness.com\/site\/#website"},"datePublished":"2020-06-03T21:14:23+00:00","dateModified":"2021-05-31T15:59:49+00:00","breadcrumb":{"@id":"https:\/\/ineditfitness.com\/site\/mesures-sanitaires\/#breadcrumb"},"inLanguage":"fr-FR","potentialAction":[{"@type":"ReadAction","target":["https:\/\/ineditfitness.com\/site\/mesures-sanitaires\/"]}]},{"@type":"BreadcrumbList","@id":"https:\/\/ineditfitness.com\/site\/mesures-sanitaires\/#breadcrumb","itemListElement":[{"@type":"ListItem","position":1,"name":"Accueil","item":"https:\/\/ineditfitness.com\/site\/"},{"@type":"ListItem","position":2,"name":"Mesures sanitaires"}]},{"@type":"WebSite","@id":"https:\/\/ineditfitness.com\/site\/#website","url":"https:\/\/ineditfitness.com\/site\/","name":"INEDIT FITNESS | Chassieu","description":"Vous \u00eates unique, notre coaching aussi - Salle de Sport - Fitness - Stretching - Pilates - Training - Cardio - Marche Nordique - Coaching Individuel - Small groupe","publisher":{"@id":"https:\/\/ineditfitness.com\/site\/#organization"},"potentialAction":[{"@type":"SearchAction","target":{"@type":"EntryPoint","urlTemplate":"https:\/\/ineditfitness.com\/site\/?s={search_term_string}"},"query-input":{"@type":"PropertyValueSpecification","valueRequired":true,"valueName":"search_term_string"}}],"inLanguage":"fr-FR"},{"@type":"Organization","@id":"https:\/\/ineditfitness.com\/site\/#organization","name":"INEDIT FITNESS","url":"https:\/\/ineditfitness.com\/site\/","logo":{"@type":"ImageObject","inLanguage":"fr-FR","@id":"https:\/\/ineditfitness.com\/site\/#\/schema\/logo\/image\/","url":"https:\/\/ineditfitness.com\/site\/wp-content\/uploads\/2014\/12\/studio_inedit_fitness_logo_site.png","contentUrl":"https:\/\/ineditfitness.com\/site\/wp-content\/uploads\/2014\/12\/studio_inedit_fitness_logo_site.png","width":600,"height":210,"caption":"INEDIT FITNESS"},"image":{"@id":"https:\/\/ineditfitness.com\/site\/#\/schema\/logo\/image\/"}}]}},"_links":{"self":[{"href":"https:\/\/ineditfitness.com\/site\/wp-json\/wp\/v2\/pages\/10126","targetHints":{"allow":["GET"]}}],"collection":[{"href":"https:\/\/ineditfitness.com\/site\/wp-json\/wp\/v2\/pages"}],"about":[{"href":"https:\/\/ineditfitness.com\/site\/wp-json\/wp\/v2\/types\/page"}],"author":[{"embeddable":true,"href":"https:\/\/ineditfitness.com\/site\/wp-json\/wp\/v2\/users\/3"}],"replies":[{"embeddable":true,"href":"https:\/\/ineditfitness.com\/site\/wp-json\/wp\/v2\/comments?post=10126"}],"version-history":[{"count":0,"href":"https:\/\/ineditfitness.com\/site\/wp-json\/wp\/v2\/pages\/10126\/revisions"}],"wp:attachment":[{"href":"https:\/\/ineditfitness.com\/site\/wp-json\/wp\/v2\/media?parent=10126"}],"curies":[{"name":"wp","href":"https:\/\/api.w.org\/{rel}","templated":true}]}}