{"id":10048,"date":"2020-05-01T20:51:38","date_gmt":"2020-05-01T18:51:38","guid":{"rendered":"https:\/\/ineditfitness.com\/site\/?page_id=10048"},"modified":"2020-05-01T20:51:38","modified_gmt":"2020-05-01T18:51:38","slug":"jeu-de-loie-sportif","status":"publish","type":"page","link":"https:\/\/ineditfitness.com\/site\/jeu-de-loie-sportif\/","title":{"rendered":"Jeu de l&rsquo;oie sportif"},"content":{"rendered":"<div class=\"wpb-content-wrapper\"><p>[vc_row][vc_column][vc_column_text]<\/p>\n<h1 style=\"text-align: center;\"><span style=\"font-size: 36pt;\">Jeu de l&rsquo;oie sp\u00e9cial \u00ab\u00a0In\u00e9dit Fitness\u00a0\u00bb<\/span><\/h1>\n<p>[\/vc_column_text][vc_empty_space][\/vc_column][\/vc_row][vc_row][vc_column][vc_column_text]<\/p>\n<p style=\"text-align: center;\">Le <b>jeu de l&rsquo;oie<\/b> est un jeu de soci\u00e9t\u00e9 de parcours o\u00f9 l&rsquo;on d\u00e9place des pions en fonction des r\u00e9sultats du d\u00e9. Traditionnellement, le jeu de l&rsquo;oie comprend 63 cases dispos\u00e9es en spirale enroul\u00e9e vers l&rsquo;int\u00e9rieur et comportant un certain nombre de pi\u00e8ges. Le but est d&rsquo;arriver le premier \u00e0 la derni\u00e8re case.<\/p>\n<p>[\/vc_column_text][vc_empty_space][\/vc_column][\/vc_row][vc_row][vc_column][vc_column_text]<\/p>\n<h4 style=\"text-align: center;\"><span style=\"font-size: 18pt;\">Victor, votre coach sportif vous a cr\u00e9e une version plus sportive !<\/span><\/h4>\n<h4 style=\"text-align: center;\"><span style=\"font-size: 18pt;\"> Jouez en famille, avec vos enfants ou entre adultes.<\/span><\/h4>\n<p>[\/vc_column_text][vc_empty_space][\/vc_column][\/vc_row][vc_row][vc_column width=\u00a0\u00bb1\/2&Prime;][vc_single_image image=\u00a0\u00bb10049&Prime; img_size=\u00a0\u00bblarge\u00a0\u00bb alignment=\u00a0\u00bbcenter\u00a0\u00bb][\/vc_column][vc_column width=\u00a0\u00bb1\/2&Prime;][vc_empty_space][vc_empty_space][vc_single_image image=\u00a0\u00bb10050&Prime; img_size=\u00a0\u00bblarge\u00a0\u00bb alignment=\u00a0\u00bbcenter\u00a0\u00bb][\/vc_column][\/vc_row][vc_row][vc_column][vc_empty_space][\/vc_column][\/vc_row][vc_row][vc_column width=\u00a0\u00bb1\/3&Prime;][\/vc_column][vc_column width=\u00a0\u00bb1\/3&Prime;][vc_btn title=\u00a0\u00bbT\u00e9l\u00e9chargez le jeu\u00a0\u00bb color=\u00a0\u00bbchino\u00a0\u00bb size=\u00a0\u00bblg\u00a0\u00bb align=\u00a0\u00bbcenter\u00a0\u00bb link=\u00a0\u00bburl:https%3A%2F%2Fineditfitness.com%2Fsite%2Fwp-content%2Fuploads%2F2014%2F12%2Fjeu-de-loie-In%C3%A9dit-Fitness.pdf||target:%20_blank|\u00a0\u00bb][\/vc_column][vc_column width=\u00a0\u00bb1\/3&Prime;][\/vc_column][\/vc_row]<\/p>\n<\/div>","protected":false},"excerpt":{"rendered":"<p>[vc_row][vc_column][vc_column_text] Jeu de l&rsquo;oie sp\u00e9cial \u00ab\u00a0In\u00e9dit Fitness\u00a0\u00bb [\/vc_column_text][vc_empty_space][\/vc_column][\/vc_row][vc_row][vc_column][vc_column_text] Le jeu de l&rsquo;oie est un jeu de soci\u00e9t\u00e9 de parcours o\u00f9 l&rsquo;on d\u00e9place des pions en fonction des r\u00e9sultats du d\u00e9. Traditionnellement, le jeu de l&rsquo;oie comprend 63 cases dispos\u00e9es en spirale enroul\u00e9e vers l&rsquo;int\u00e9rieur et comportant un certain nombre de pi\u00e8ges. Le but est d&rsquo;arriver<\/p>\n","protected":false},"author":3,"featured_media":0,"parent":0,"menu_order":0,"comment_status":"closed","ping_status":"closed","template":"page-templates\/full-width.php","meta":{"footnotes":""},"class_list":["post-10048","page","type-page","status-publish","hentry"],"yoast_head":"<!-- This site is optimized with the Yoast SEO plugin v27.6 - https:\/\/yoast.com\/product\/yoast-seo-wordpress\/ -->\n<title>Jeu de l&#039;oie sportif - INEDIT FITNESS | Chassieu<\/title>\n<meta name=\"robots\" content=\"index, follow, max-snippet:-1, max-image-preview:large, max-video-preview:-1\" \/>\n<link rel=\"canonical\" href=\"https:\/\/ineditfitness.com\/site\/jeu-de-loie-sportif\/\" \/>\n<meta property=\"og:locale\" content=\"fr_FR\" \/>\n<meta property=\"og:type\" content=\"article\" \/>\n<meta property=\"og:title\" content=\"Jeu de l&#039;oie sportif - INEDIT FITNESS | Chassieu\" \/>\n<meta property=\"og:description\" content=\"[vc_row][vc_column][vc_column_text] Jeu de l&rsquo;oie sp\u00e9cial \u00ab\u00a0In\u00e9dit Fitness\u00a0\u00bb [\/vc_column_text][vc_empty_space][\/vc_column][\/vc_row][vc_row][vc_column][vc_column_text] Le jeu de l&rsquo;oie est un jeu de soci\u00e9t\u00e9 de parcours o\u00f9 l&rsquo;on d\u00e9place des pions en fonction des r\u00e9sultats du d\u00e9. Traditionnellement, le jeu de l&rsquo;oie comprend 63 cases dispos\u00e9es en spirale enroul\u00e9e vers l&rsquo;int\u00e9rieur et comportant un certain nombre de pi\u00e8ges. Le but est d&rsquo;arriver\" \/>\n<meta property=\"og:url\" content=\"https:\/\/ineditfitness.com\/site\/jeu-de-loie-sportif\/\" \/>\n<meta property=\"og:site_name\" content=\"INEDIT FITNESS | Chassieu\" \/>\n<meta name=\"twitter:label1\" content=\"Dur\u00e9e de lecture estim\u00e9e\" \/>\n\t<meta name=\"twitter:data1\" content=\"1 minute\" \/>\n<script type=\"application\/ld+json\" class=\"yoast-schema-graph\">{\"@context\":\"https:\\\/\\\/schema.org\",\"@graph\":[{\"@type\":\"WebPage\",\"@id\":\"https:\\\/\\\/ineditfitness.com\\\/site\\\/jeu-de-loie-sportif\\\/\",\"url\":\"https:\\\/\\\/ineditfitness.com\\\/site\\\/jeu-de-loie-sportif\\\/\",\"name\":\"Jeu de l'oie sportif - INEDIT FITNESS | Chassieu\",\"isPartOf\":{\"@id\":\"https:\\\/\\\/ineditfitness.com\\\/site\\\/#website\"},\"datePublished\":\"2020-05-01T18:51:38+00:00\",\"breadcrumb\":{\"@id\":\"https:\\\/\\\/ineditfitness.com\\\/site\\\/jeu-de-loie-sportif\\\/#breadcrumb\"},\"inLanguage\":\"fr-FR\",\"potentialAction\":[{\"@type\":\"ReadAction\",\"target\":[\"https:\\\/\\\/ineditfitness.com\\\/site\\\/jeu-de-loie-sportif\\\/\"]}]},{\"@type\":\"BreadcrumbList\",\"@id\":\"https:\\\/\\\/ineditfitness.com\\\/site\\\/jeu-de-loie-sportif\\\/#breadcrumb\",\"itemListElement\":[{\"@type\":\"ListItem\",\"position\":1,\"name\":\"Accueil\",\"item\":\"https:\\\/\\\/ineditfitness.com\\\/site\\\/\"},{\"@type\":\"ListItem\",\"position\":2,\"name\":\"Jeu de l&rsquo;oie sportif\"}]},{\"@type\":\"WebSite\",\"@id\":\"https:\\\/\\\/ineditfitness.com\\\/site\\\/#website\",\"url\":\"https:\\\/\\\/ineditfitness.com\\\/site\\\/\",\"name\":\"INEDIT FITNESS | Chassieu\",\"description\":\"Vous \u00eates unique, notre coaching aussi - Salle de Sport - Fitness - Stretching - Pilates - Training - Cardio - Marche Nordique - Coaching Individuel - Small groupe\",\"publisher\":{\"@id\":\"https:\\\/\\\/ineditfitness.com\\\/site\\\/#organization\"},\"potentialAction\":[{\"@type\":\"SearchAction\",\"target\":{\"@type\":\"EntryPoint\",\"urlTemplate\":\"https:\\\/\\\/ineditfitness.com\\\/site\\\/?s={search_term_string}\"},\"query-input\":{\"@type\":\"PropertyValueSpecification\",\"valueRequired\":true,\"valueName\":\"search_term_string\"}}],\"inLanguage\":\"fr-FR\"},{\"@type\":\"Organization\",\"@id\":\"https:\\\/\\\/ineditfitness.com\\\/site\\\/#organization\",\"name\":\"INEDIT FITNESS\",\"url\":\"https:\\\/\\\/ineditfitness.com\\\/site\\\/\",\"logo\":{\"@type\":\"ImageObject\",\"inLanguage\":\"fr-FR\",\"@id\":\"https:\\\/\\\/ineditfitness.com\\\/site\\\/#\\\/schema\\\/logo\\\/image\\\/\",\"url\":\"https:\\\/\\\/ineditfitness.com\\\/site\\\/wp-content\\\/uploads\\\/2014\\\/12\\\/studio_inedit_fitness_logo_site.png\",\"contentUrl\":\"https:\\\/\\\/ineditfitness.com\\\/site\\\/wp-content\\\/uploads\\\/2014\\\/12\\\/studio_inedit_fitness_logo_site.png\",\"width\":600,\"height\":210,\"caption\":\"INEDIT FITNESS\"},\"image\":{\"@id\":\"https:\\\/\\\/ineditfitness.com\\\/site\\\/#\\\/schema\\\/logo\\\/image\\\/\"}}]}<\/script>\n<!-- \/ Yoast SEO plugin. -->","yoast_head_json":{"title":"Jeu de l'oie sportif - INEDIT FITNESS | Chassieu","robots":{"index":"index","follow":"follow","max-snippet":"max-snippet:-1","max-image-preview":"max-image-preview:large","max-video-preview":"max-video-preview:-1"},"canonical":"https:\/\/ineditfitness.com\/site\/jeu-de-loie-sportif\/","og_locale":"fr_FR","og_type":"article","og_title":"Jeu de l'oie sportif - INEDIT FITNESS | Chassieu","og_description":"[vc_row][vc_column][vc_column_text] Jeu de l&rsquo;oie sp\u00e9cial \u00ab\u00a0In\u00e9dit Fitness\u00a0\u00bb [\/vc_column_text][vc_empty_space][\/vc_column][\/vc_row][vc_row][vc_column][vc_column_text] Le jeu de l&rsquo;oie est un jeu de soci\u00e9t\u00e9 de parcours o\u00f9 l&rsquo;on d\u00e9place des pions en fonction des r\u00e9sultats du d\u00e9. Traditionnellement, le jeu de l&rsquo;oie comprend 63 cases dispos\u00e9es en spirale enroul\u00e9e vers l&rsquo;int\u00e9rieur et comportant un certain nombre de pi\u00e8ges. Le but est d&rsquo;arriver","og_url":"https:\/\/ineditfitness.com\/site\/jeu-de-loie-sportif\/","og_site_name":"INEDIT FITNESS | Chassieu","twitter_misc":{"Dur\u00e9e de lecture estim\u00e9e":"1 minute"},"schema":{"@context":"https:\/\/schema.org","@graph":[{"@type":"WebPage","@id":"https:\/\/ineditfitness.com\/site\/jeu-de-loie-sportif\/","url":"https:\/\/ineditfitness.com\/site\/jeu-de-loie-sportif\/","name":"Jeu de l'oie sportif - INEDIT FITNESS | Chassieu","isPartOf":{"@id":"https:\/\/ineditfitness.com\/site\/#website"},"datePublished":"2020-05-01T18:51:38+00:00","breadcrumb":{"@id":"https:\/\/ineditfitness.com\/site\/jeu-de-loie-sportif\/#breadcrumb"},"inLanguage":"fr-FR","potentialAction":[{"@type":"ReadAction","target":["https:\/\/ineditfitness.com\/site\/jeu-de-loie-sportif\/"]}]},{"@type":"BreadcrumbList","@id":"https:\/\/ineditfitness.com\/site\/jeu-de-loie-sportif\/#breadcrumb","itemListElement":[{"@type":"ListItem","position":1,"name":"Accueil","item":"https:\/\/ineditfitness.com\/site\/"},{"@type":"ListItem","position":2,"name":"Jeu de l&rsquo;oie sportif"}]},{"@type":"WebSite","@id":"https:\/\/ineditfitness.com\/site\/#website","url":"https:\/\/ineditfitness.com\/site\/","name":"INEDIT FITNESS | Chassieu","description":"Vous \u00eates unique, notre coaching aussi - Salle de Sport - Fitness - Stretching - Pilates - Training - Cardio - Marche Nordique - Coaching Individuel - Small groupe","publisher":{"@id":"https:\/\/ineditfitness.com\/site\/#organization"},"potentialAction":[{"@type":"SearchAction","target":{"@type":"EntryPoint","urlTemplate":"https:\/\/ineditfitness.com\/site\/?s={search_term_string}"},"query-input":{"@type":"PropertyValueSpecification","valueRequired":true,"valueName":"search_term_string"}}],"inLanguage":"fr-FR"},{"@type":"Organization","@id":"https:\/\/ineditfitness.com\/site\/#organization","name":"INEDIT FITNESS","url":"https:\/\/ineditfitness.com\/site\/","logo":{"@type":"ImageObject","inLanguage":"fr-FR","@id":"https:\/\/ineditfitness.com\/site\/#\/schema\/logo\/image\/","url":"https:\/\/ineditfitness.com\/site\/wp-content\/uploads\/2014\/12\/studio_inedit_fitness_logo_site.png","contentUrl":"https:\/\/ineditfitness.com\/site\/wp-content\/uploads\/2014\/12\/studio_inedit_fitness_logo_site.png","width":600,"height":210,"caption":"INEDIT FITNESS"},"image":{"@id":"https:\/\/ineditfitness.com\/site\/#\/schema\/logo\/image\/"}}]}},"_links":{"self":[{"href":"https:\/\/ineditfitness.com\/site\/wp-json\/wp\/v2\/pages\/10048","targetHints":{"allow":["GET"]}}],"collection":[{"href":"https:\/\/ineditfitness.com\/site\/wp-json\/wp\/v2\/pages"}],"about":[{"href":"https:\/\/ineditfitness.com\/site\/wp-json\/wp\/v2\/types\/page"}],"author":[{"embeddable":true,"href":"https:\/\/ineditfitness.com\/site\/wp-json\/wp\/v2\/users\/3"}],"replies":[{"embeddable":true,"href":"https:\/\/ineditfitness.com\/site\/wp-json\/wp\/v2\/comments?post=10048"}],"version-history":[{"count":0,"href":"https:\/\/ineditfitness.com\/site\/wp-json\/wp\/v2\/pages\/10048\/revisions"}],"wp:attachment":[{"href":"https:\/\/ineditfitness.com\/site\/wp-json\/wp\/v2\/media?parent=10048"}],"curies":[{"name":"wp","href":"https:\/\/api.w.org\/{rel}","templated":true}]}}